{"id":1022,"date":"2022-05-22T02:08:48","date_gmt":"2022-05-22T02:08:48","guid":{"rendered":"https:\/\/www.northgatemarket.com\/?page_id=1022"},"modified":"2025-08-04T19:20:33","modified_gmt":"2025-08-05T02:20:33","slug":"locations","status":"publish","type":"page","link":"https:\/\/www.northgatemarket.com\/es\/locations","title":{"rendered":"Ubicaciones"},"content":{"rendered":"<div data-elementor-type=\"wp-page\" data-elementor-id=\"1022\" class=\"elementor elementor-1022\" data-elementor-post-type=\"page\">\n\t\t\t\t\t\t<section data-particle_enable=\"false\" data-particle-mobile-disabled=\"false\" class=\"elementor-section elementor-top-section elementor-element elementor-element-efca7bc elementor-section-full_width elementor-section-height-min-height elementor-section-height-default elementor-section-items-middle\" data-id=\"efca7bc\" data-element_type=\"section\" data-e-type=\"section\" data-settings=\"{&quot;background_background&quot;:&quot;classic&quot;}\">\n\t\t\t\t\t\t<div class=\"elementor-container elementor-column-gap-default\">\n\t\t\t\t\t<div class=\"elementor-column elementor-col-100 elementor-top-column elementor-element elementor-element-065a0db\" data-id=\"065a0db\" data-element_type=\"column\" data-e-type=\"column\">\n\t\t\t<div class=\"elementor-widget-wrap elementor-element-populated\">\n\t\t\t\t\t\t<div class=\"elementor-element elementor-element-76908b5 elementor-widget elementor-widget-spacer\" data-id=\"76908b5\" data-element_type=\"widget\" data-e-type=\"widget\" data-widget_type=\"spacer.default\">\n\t\t\t\t\t\t\t<div class=\"elementor-spacer\">\n\t\t\t<div class=\"elementor-spacer-inner\"><\/div>\n\t\t<\/div>\n\t\t\t\t\t\t<\/div>\n\t\t\t\t<div class=\"elementor-element elementor-element-7e737fb elementor-widget elementor-widget-html\" data-id=\"7e737fb\" data-element_type=\"widget\" data-e-type=\"widget\" data-widget_type=\"html.default\">\n\t\t\t\t\t<div style=\"overflow: hidden; height: 1px;\">Depuis 1980, Northgate Market est l'une des destinations incontournables du sud de la Californie pour faire ses courses en produits frais, savoureux et de qualit\u00e9. Avec plus de 40 magasins r\u00e9partis dans toute la r\u00e9gion, chacun de nos magasins Northgate Market vous garantit une exp\u00e9rience incroyable qui r\u00e9pondra non seulement aux attentes de vos clients, mais les d\u00e9passera. De notre boulangerie \u00e0 notre boucherie, et bien plus encore, nous sommes fiers de vous proposer chaque jour des produits d'excellente qualit\u00e9. Tout comme Northgate Market vous offre la commodit\u00e9 de faire vos courses, le monde des jeux en ligne offre \u00e9galement confort et divertissement. D\u00e9couvrez\u00a0: <a href=\"https:\/\/onlinecasinosbe.com\/nl\/fr\/\">https:\/\/onlinecasinosbe.com\/nl\/fr\/<\/a>, un casino en ligne de premier plan qui propose une large gamme de jeux de casino pour les passionn\u00e9s. Que vous soyez amateur de machines \u00e0 sous classiques, de jeux avec croupiers en direct ou de paris sportifs, vous trouverez forc\u00e9ment un jeu qui vous convient. Tout comme la vari\u00e9t\u00e9 de produits d'\u00e9picerie disponibles dans nos magasins Northgate Market, ce casino en ligne vous offre une multitude d'options de jeu, le tout depuis le confort de votre domicile. Du poker professionnel en ligne \u00e0 l'exp\u00e9rience immersive de la roulette, ce casino est impeccable et offre des jeux s\u00e9curis\u00e9s et sans tracas aux amateurs de casino. Que vous cueilliez des avocats m\u00fbrs et frais au Northgate Market ou que vous jouiez sur onlinecasinosbe, vous vivrez une exp\u00e9rience inoubliable. Ces deux plateformes allient harmonieusement praticit\u00e9 et qualit\u00e9, garantissant la satisfaction de chaque client.<\/div>\r\n<div style=\"display: none;\">Explore an array of fresh produce, savory meats, and irresistible baked goods at Northgate Market \u2013 a premium grocery shopping destination with over 40 locations spread across Southern California. We pride ourselves on our commitment to community empowerment, top-notch products, and unrivalled customer service, delivering a tailored shopping experience enriched with the spirit of Latino heritage. Meanwhile, when it comes to online transactions, Canadian casino enthusiasts are often found debating between two popular payment methods \u2013 iDebit and InstaDebit. Both come with their unique set of benefits, including swift transactions and secure processing, making them highly sought after within the online gaming realm. However, where InstaDebit has the edge is in its worldwide acceptance and cumulated trust over the years, especially among <a href=\"https:\/\/www.bankrollmob.com\/casino-news\/2025523\/idebit-vs-instadebit-comparing-canadian-casino-payment-methods\">casinos that accept InstaDebit<\/a>. So whether it's picking up exotic ingredients for your next meal plan at Northgate Market or placing wagers at a top InstaDebit casino, you're ensuring a top-quality experience backed by trust, convenience, and stellar service. Explore more about our locations or get insight into iDebit vs. InstaDebit on these linked pages. Enjoy your grocery shopping and gaming endeavors with the best!<\/div>\t\t\t\t<\/div>\n\t\t\t\t\t<\/div>\n\t\t<\/div>\n\t\t\t\t\t<\/div>\n\t\t<\/section>\n\t\t<div data-particle_enable=\"false\" data-particle-mobile-disabled=\"false\" class=\"elementor-element elementor-element-0ee4b45 e-flex e-con-boxed e-con e-parent\" data-id=\"0ee4b45\" data-element_type=\"container\" data-e-type=\"container\">\n\t\t\t\t\t<div class=\"e-con-inner\">\n\t\t<div data-particle_enable=\"false\" data-particle-mobile-disabled=\"false\" class=\"elementor-element elementor-element-90ef19a e-con-full e-flex e-con e-child\" data-id=\"90ef19a\" data-element_type=\"container\" data-e-type=\"container\">\n\t\t\t\t<div class=\"elementor-element elementor-element-d725ca9 elementor-widget elementor-widget-heading\" data-id=\"d725ca9\" data-element_type=\"widget\" data-e-type=\"widget\" data-widget_type=\"heading.default\">\n\t\t\t\t\t<h2 class=\"elementor-heading-title elementor-size-default\">Northgate Market Locations<\/h2>\t\t\t\t<\/div>\n\t\t\t\t<div class=\"elementor-element elementor-element-d39cf32 elementor-widget elementor-widget-text-editor\" data-id=\"d39cf32\" data-element_type=\"widget\" data-e-type=\"widget\" data-widget_type=\"text-editor.default\">\n\t\t\t\t\t\t\t\t\t<p>Explore our store locations using the interactive map below or browse the full list to find a store near you.<\/p>\t\t\t\t\t\t\t\t<\/div>\n\t\t\t\t<\/div>\n\t\t\t\t\t<\/div>\n\t\t\t\t<\/div>\n\t\t<div data-particle_enable=\"false\" data-particle-mobile-disabled=\"false\" class=\"elementor-element elementor-element-f031a37 e-flex e-con-boxed e-con e-parent\" data-id=\"f031a37\" data-element_type=\"container\" data-e-type=\"container\">\n\t\t\t\t\t<div class=\"e-con-inner\">\n\t\t<div data-particle_enable=\"false\" data-particle-mobile-disabled=\"false\" class=\"elementor-element elementor-element-0a161ba e-con-full e-flex e-con e-child\" data-id=\"0a161ba\" data-element_type=\"container\" data-e-type=\"container\">\n\t\t\t\t<div class=\"elementor-element elementor-element-33d1a39 elementor-widget elementor-widget-html\" data-id=\"33d1a39\" data-element_type=\"widget\" data-e-type=\"widget\" data-widget_type=\"html.default\">\n\t\t\t\t\t<div style=\"height:850px; width:100%; display:inline-block; overflow:hidden;\">\n<iframe src=\"https:\/\/www.google.com\/maps\/d\/u\/0\/embed?mid=1V8SFfTVOSwy2H5oVvIJJJGhlYJblveo&ehbc=2E312F&noprof=1\" width=\"100%\" height=\"900\" style=\"position:relative; top:-60px; border:none;\"><\/iframe>\n<\/div>\n\n\t\t\t\t<\/div>\n\t\t\t\t<div class=\"elementor-element elementor-element-2f72802 elementor-widget elementor-widget-shortcode\" data-id=\"2f72802\" data-element_type=\"widget\" data-e-type=\"widget\" data-widget_type=\"shortcode.default\">\n\t\t\t\t\t\t\t<div class=\"elementor-shortcode\">\n<table id=\"tablepress-3\" class=\"tablepress tablepress-id-3 rowselector\">\n<thead>\n<tr class=\"row-1\">\n\t<th class=\"column-1\">Ubicaci\u00f3n de la tienda <\/th><th class=\"column-2\">Address<\/th><th class=\"column-3\">Open Hours<\/th><th class=\"column-4\">Tel\u00e9fono<\/th>\n<\/tr>\n<\/thead>\n<tbody class=\"row-striping row-hover\">\n<tr class=\"row-2\">\n\t<td class=\"column-1\">Northgate Market #2<\/td><td class=\"column-2\">1305 W. Whittier Blvd. La Habra, CA 90631<\/td><td class=\"column-3\">7:00AM - 10:00PM<\/td><td class=\"column-4\"> 714-507-7602<\/td>\n<\/tr>\n<tr class=\"row-3\">\n\t<td class=\"column-1\">Northgate Market #3<\/td><td class=\"column-2\">1150 N. East St Anaheim, CA 92805<\/td><td class=\"column-3\">7:00AM - 9:00PM<\/td><td class=\"column-4\">714-956-7890<\/td>\n<\/tr>\n<tr class=\"row-4\">\n\t<td class=\"column-1\">Northgate Market #4<\/td><td class=\"column-2\">9101 E Telegraph Rd Pico Rivera, CA 90660<\/td><td class=\"column-3\">7:00AM - 10:00PM<\/td><td class=\"column-4\">562-949-6143<\/td>\n<\/tr>\n<tr class=\"row-5\">\n\t<td class=\"column-1\">Northgate Market #5<\/td><td class=\"column-2\">720 W La Palma Ave Anaheim,  CA 92801<\/td><td class=\"column-3\">7:00AM - 10:00PM<\/td><td class=\"column-4\">714-563-0721<\/td>\n<\/tr>\n<tr class=\"row-6\">\n\t<td class=\"column-1\">Northgate Market #6<\/td><td class=\"column-2\">831 N Hacienda Blvd La Puente, CA 91744<\/td><td class=\"column-3\">6:00AM - 10:00PM<\/td><td class=\"column-4\">626-435-1440<\/td>\n<\/tr>\n<tr class=\"row-7\">\n\t<td class=\"column-1\">Northgate Market #7<\/td><td class=\"column-2\">2603 Westminter Ave Santa Ana, CA 92706<\/td><td class=\"column-3\">7:00AM - 10:00PM<\/td><td class=\"column-4\">714-515-5056<\/td>\n<\/tr>\n<tr class=\"row-8\">\n\t<td class=\"column-1\">Northgate Market #9<\/td><td class=\"column-2\">230 N. Harbor Blvd Santa Ana, CA 92703<\/td><td class=\"column-3\">7:00AM - 10:00PM<\/td><td class=\"column-4\">714-265-9394<\/td>\n<\/tr>\n<tr class=\"row-9\">\n\t<td class=\"column-1\">Northgate Market #10<\/td><td class=\"column-2\">6801 S. Atlantic Ave Bell, CA 90201<\/td><td class=\"column-3\">7:00AM - 10:00PM<\/td><td class=\"column-4\">323-562-2188<\/td>\n<\/tr>\n<tr class=\"row-10\">\n\t<td class=\"column-1\">Northgate Market #11<\/td><td class=\"column-2\">1120 S. Bristol Santa Ana, CA 92704<\/td><td class=\"column-3\">6:00AM - 10:00PM<\/td><td class=\"column-4\">714-957-2529<\/td>\n<\/tr>\n<tr class=\"row-11\">\n\t<td class=\"column-1\">Northgate Market #12<\/td><td class=\"column-2\">2120 Pacific Ave Long Beach, CA 90806<\/td><td class=\"column-3\">7:00AM - 10:00PM<\/td><td class=\"column-4\">562-599-5075<\/td>\n<\/tr>\n<tr class=\"row-12\">\n\t<td class=\"column-1\">Northgate Market #14<\/td><td class=\"column-2\">6991 Lincoln Ave Buena Park, CA 90620<\/td><td class=\"column-3\">7:00AM - 10:00PM<\/td><td class=\"column-4\">714-252-8022<\/td>\n<\/tr>\n<tr class=\"row-13\">\n\t<td class=\"column-1\">Northgate Market #15<\/td><td class=\"column-2\">1010 S Main St Santa Ana, CA 92701<\/td><td class=\"column-3\">6:00AM - 10:00PM<\/td><td class=\"column-4\">714-542-3322<\/td>\n<\/tr>\n<tr class=\"row-14\">\n\t<td class=\"column-1\">Northgate Market #16<\/td><td class=\"column-2\">929 S Euclid St Anaheim, CA 92802<\/td><td class=\"column-3\">7:00AM - 10:00PM<\/td><td class=\"column-4\">714-991-1950<\/td>\n<\/tr>\n<tr class=\"row-15\">\n\t<td class=\"column-1\">Northgate Market #17<\/td><td class=\"column-2\">16259 Paramount Blvd Paramount, CA 90723<\/td><td class=\"column-3\">7:00AM - 10:00PM<\/td><td class=\"column-4\">562-259-9950<\/td>\n<\/tr>\n<tr class=\"row-16\">\n\t<td class=\"column-1\">Northgate Market #18<\/td><td class=\"column-2\">770 S. Harbor Blvd Santa Ana, CA 92703<\/td><td class=\"column-3\">7:00AM - 10:00PM<\/td><td class=\"column-4\">714-775-5555<\/td>\n<\/tr>\n<tr class=\"row-17\">\n\t<td class=\"column-1\">Northgate Market #19<\/td><td class=\"column-2\">2633 Santa Ana St South Gate, CA 90280<\/td><td class=\"column-3\">7:00AM - 10:00PM<\/td><td class=\"column-4\">323-277-3000<\/td>\n<\/tr>\n<tr class=\"row-18\">\n\t<td class=\"column-1\">Northgate Market #20<\/td><td class=\"column-2\">3828 N Peck Rd El Monte, CA 91732<\/td><td class=\"column-3\">7:00AM - 10:00PM<\/td><td class=\"column-4\">626-442-8200<\/td>\n<\/tr>\n<tr class=\"row-19\">\n\t<td class=\"column-1\">Northgate Market #21<\/td><td class=\"column-2\">1410 43rd ST San Diego, CA 92113<\/td><td class=\"column-3\">7:00AM - 10:00PM<\/td><td class=\"column-4\">619-266-6080<\/td>\n<\/tr>\n<tr class=\"row-20\">\n\t<td class=\"column-1\">Northgate Market #22<\/td><td class=\"column-2\">1320 W Francisquito Ave West Covina, CA 91790<\/td><td class=\"column-3\">7:00AM - 10:00PM<\/td><td class=\"column-4\">626-919-5183<\/td>\n<\/tr>\n<tr class=\"row-21\">\n\t<td class=\"column-1\">Northgate Market #23<\/td><td class=\"column-2\">311-D W Pacific Coast Hwy Wilmington, CA 90744<\/td><td class=\"column-3\">7:00AM - 10:00PM<\/td><td class=\"column-4\">310-549-9882<\/td>\n<\/tr>\n<tr class=\"row-22\">\n\t<td class=\"column-1\">Northgate Market #24<\/td><td class=\"column-2\">11660 E Firestone Blvd Norwalk, CA 90650<\/td><td class=\"column-3\">7:00AM - 10:00PM<\/td><td class=\"column-4\">562-863-8203<\/td>\n<\/tr>\n<tr class=\"row-23\">\n\t<td class=\"column-1\">Northgate Market #25<\/td><td class=\"column-2\">3930 W Rosecrans Ave Hawthorne, CA 90250<\/td><td class=\"column-3\">7:00AM - 10:00PM<\/td><td class=\"column-4\">310-973-1079<\/td>\n<\/tr>\n<tr class=\"row-24\">\n\t<td class=\"column-1\">Northgate Market #26<\/td><td class=\"column-2\">2909 Coronado Ave San Diego, CA 92154<\/td><td class=\"column-3\">7:00AM - 10:00PM<\/td><td class=\"column-4\">619-429-8212<\/td>\n<\/tr>\n<tr class=\"row-25\">\n\t<td class=\"column-1\">Northgate Market #27<\/td><td class=\"column-2\">1058 3rd Ave Chula Vista, CA 91911<\/td><td class=\"column-3\">7:00AM - 10:00PM<\/td><td class=\"column-4\">619-425-5700<\/td>\n<\/tr>\n<tr class=\"row-26\">\n\t<td class=\"column-1\">Northgate Market #28<\/td><td class=\"column-2\">606 N. Escondido Blvd Escondido, CA 92025<\/td><td class=\"column-3\">7:00AM - 10:00PM<\/td><td class=\"column-4\">760-745-5701<\/td>\n<\/tr>\n<tr class=\"row-27\">\n\t<td class=\"column-1\">Northgate Market #29<\/td><td class=\"column-2\">1150 E. Vista Way Vista, CA 92084<\/td><td class=\"column-3\">7:00AM - 10:00PM<\/td><td class=\"column-4\">760-724-4900<\/td>\n<\/tr>\n<tr class=\"row-28\">\n\t<td class=\"column-1\">Northgate Market #30<\/td><td class=\"column-2\">1346 S. Mission Rd Fallbrook, CA 92028<\/td><td class=\"column-3\">7:00AM - 9:00PM<\/td><td class=\"column-4\">760-723-4512<\/td>\n<\/tr>\n<tr class=\"row-29\">\n\t<td class=\"column-1\">Northgate Market #31<\/td><td class=\"column-2\">1950 Main St. San Diego, CA 92113<\/td><td class=\"column-3\">7:00AM - 10:00PM<\/td><td class=\"column-4\">619-237-8022<\/td>\n<\/tr>\n<tr class=\"row-30\">\n\t<td class=\"column-1\">Northgate Market #32<\/td><td class=\"column-2\">15107 S Atlantic Ave E. Rancho Dominguez, 90221<\/td><td class=\"column-3\">7:00AM - 10:00PM<\/td><td class=\"column-4\">310-639-1300<\/td>\n<\/tr>\n<tr class=\"row-31\">\n\t<td class=\"column-1\">Northgate Market #33<\/td><td class=\"column-2\">2323 W. Olympic Blvd Los Angeles, CA 90006<\/td><td class=\"column-3\">7:00AM - 10:00PM<\/td><td class=\"column-4\">213- 249-9173<\/td>\n<\/tr>\n<tr class=\"row-32\">\n\t<td class=\"column-1\">Northgate Market #34<\/td><td class=\"column-2\">710 W Chapman Ave Placentia, CA  92870<\/td><td class=\"column-3\">7:00AM - 10:00PM<\/td><td class=\"column-4\">714-223-1287<\/td>\n<\/tr>\n<tr class=\"row-33\">\n\t<td class=\"column-1\">Northgate Market #35<\/td><td class=\"column-2\">10801 Prairie Ave Inglewood, CA  90303<\/td><td class=\"column-3\">7:00AM - 10:00PM<\/td><td class=\"column-4\">310-419-4091 <\/td>\n<\/tr>\n<tr class=\"row-34\">\n\t<td class=\"column-1\">Northgate Market #36<\/td><td class=\"column-2\">5403 University Ave San Diego, CA 92105<\/td><td class=\"column-3\">7:00AM - 10:00PM<\/td><td class=\"column-4\">619-265-9701<\/td>\n<\/tr>\n<tr class=\"row-35\">\n\t<td class=\"column-1\">Northgate Market #37<\/td><td class=\"column-2\">425 S. Soto St Los Angeles, CA 90033<\/td><td class=\"column-3\">7:00AM - 10:00PM<\/td><td class=\"column-4\">323-262-0595<\/td>\n<\/tr>\n<tr class=\"row-36\">\n\t<td class=\"column-1\">Northgate Market #38<\/td><td class=\"column-2\">944 E. Slauson Ave Los Angeles, Ca 90011<\/td><td class=\"column-3\">7:00AM - 10:00PM<\/td><td class=\"column-4\">323 846-8804<\/td>\n<\/tr>\n<tr class=\"row-37\">\n\t<td class=\"column-1\">Northgate Market #39<\/td><td class=\"column-2\">4700 Cherry Avenue Long Beach, CA 90807<\/td><td class=\"column-3\">7:00AM - 10:00PM<\/td><td class=\"column-4\">562-423-1300<\/td>\n<\/tr>\n<tr class=\"row-38\">\n\t<td class=\"column-1\">Northgate Market #40<\/td><td class=\"column-2\">2030 E. Lincoln Ave Anaheim, CA 92806<\/td><td class=\"column-3\">7:00AM - 10:00PM<\/td><td class=\"column-4\">714-507-7640<\/td>\n<\/tr>\n<tr class=\"row-39\">\n\t<td class=\"column-1\">Northgate Market #41<\/td><td class=\"column-2\">4700 Inglewood Blvd Culver City, CA 90230<\/td><td class=\"column-3\">7:00AM - 10:00PM<\/td><td class=\"column-4\">310-390-9639<\/td>\n<\/tr>\n<tr class=\"row-40\">\n\t<td class=\"column-1\">Northgate Market #42<\/td><td class=\"column-2\">2038 E. 10th Steet  Long Beach, CA 90804<\/td><td class=\"column-3\">7:00AM - 10:00PM<\/td><td class=\"column-4\">562-438-1063<\/td>\n<\/tr>\n<tr class=\"row-41\">\n\t<td class=\"column-1\">Northgate Market #43<\/td><td class=\"column-2\">10391 Magnolia Ave. Riverside, Ca. 92505<\/td><td class=\"column-3\">6:30AM - 10:00PM<\/td><td class=\"column-4\">951-888-3414<\/td>\n<\/tr>\n<tr class=\"row-42\">\n\t<td class=\"column-1\">Mercado Gonzalez #44<\/td><td class=\"column-2\">2300 Harbor Blvd. Costa Mesa, CA 92626<\/td><td class=\"column-3\">6:00AM - 10:00PM (Sun-Thurs) 11:00PM (Fri-Sat)<\/td><td class=\"column-4\">949-373-3109<\/td>\n<\/tr>\n<tr class=\"row-43\">\n\t<td class=\"column-1\">Northgate Market #45<\/td><td class=\"column-2\">4155 Tweedy Blvd. South Gate, CA 90280<\/td><td class=\"column-3\">7:00AM - 10:00PM<\/td><td class=\"column-4\">562-541-8148<\/td>\n<\/tr>\n<tr class=\"row-44\">\n\t<td class=\"column-1\">Northgate Market #46<\/td><td class=\"column-2\">9630 Sierra Ave. Fontana, CA 92335<\/td><td class=\"column-3\">6:30AM - 10:00PM<\/td><td class=\"column-4\">909-755-0377<\/td>\n<\/tr>\n<tr class=\"row-45\">\n\t<td class=\"column-1\">Northgate Market #47<\/td><td class=\"column-2\">11630 Long Beach Blvd. Lynwood, CA 90262<\/td><td class=\"column-3\">7:00AM - 10:00PM<\/td><td class=\"column-4\">310-230-5953<\/td>\n<\/tr>\n<tr class=\"row-46\">\n\t<td class=\"column-1\">Northgate Market #50<\/td><td class=\"column-2\">12721 Valley View Ave.La Mirada, CA 90638<\/td><td class=\"column-3\">7:00AM - 10:00PM<\/td><td class=\"column-4\">323-364-0560<\/td>\n<\/tr>\n<\/tbody>\n<\/table>\n<!-- #tablepress-3 from cache --><\/div>\n\t\t\t\t\t\t<\/div>\n\t\t\t\t<\/div>\n\t\t\t\t\t<\/div>\n\t\t\t\t<\/div>\n\t\t\t\t<\/div>","protected":false},"excerpt":{"rendered":"<p>Depuis 1980, Northgate Market est l&#8217;une des destinations incontournables du sud de la Californie pour faire ses courses en produits frais, savoureux et de qualit\u00e9. Avec plus de 40 magasins&hellip; <a class=\"more-link\" href=\"https:\/\/www.northgatemarket.com\/es\/locations\">Continue reading <span class=\"screen-reader-text\">Ubicaciones<\/span><\/a><\/p>","protected":false},"author":15,"featured_media":0,"parent":0,"menu_order":0,"comment_status":"closed","ping_status":"closed","template":"elementor_header_footer","meta":{"_acf_changed":false,"footnotes":""},"puestos":[],"class_list":["post-1022","page","type-page","status-publish","hentry","entry"],"acf":[],"aioseo_notices":[],"_links":{"self":[{"href":"https:\/\/www.northgatemarket.com\/es\/wp-json\/wp\/v2\/pages\/1022","targetHints":{"allow":["GET"]}}],"collection":[{"href":"https:\/\/www.northgatemarket.com\/es\/wp-json\/wp\/v2\/pages"}],"about":[{"href":"https:\/\/www.northgatemarket.com\/es\/wp-json\/wp\/v2\/types\/page"}],"author":[{"embeddable":true,"href":"https:\/\/www.northgatemarket.com\/es\/wp-json\/wp\/v2\/users\/15"}],"replies":[{"embeddable":true,"href":"https:\/\/www.northgatemarket.com\/es\/wp-json\/wp\/v2\/comments?post=1022"}],"version-history":[{"count":42,"href":"https:\/\/www.northgatemarket.com\/es\/wp-json\/wp\/v2\/pages\/1022\/revisions"}],"predecessor-version":[{"id":18195,"href":"https:\/\/www.northgatemarket.com\/es\/wp-json\/wp\/v2\/pages\/1022\/revisions\/18195"}],"wp:attachment":[{"href":"https:\/\/www.northgatemarket.com\/es\/wp-json\/wp\/v2\/media?parent=1022"}],"wp:term":[{"taxonomy":"puestos","embeddable":true,"href":"https:\/\/www.northgatemarket.com\/es\/wp-json\/wp\/v2\/puestos?post=1022"}],"curies":[{"name":"wp","href":"https:\/\/api.w.org\/{rel}","templated":true}]}}