{"id":1034,"date":"2022-05-22T02:19:45","date_gmt":"2022-05-22T02:19:45","guid":{"rendered":"https:\/\/www.northgatemarket.com\/?page_id=1034"},"modified":"2025-05-19T16:17:29","modified_gmt":"2025-05-19T23:17:29","slug":"foundation","status":"publish","type":"page","link":"https:\/\/www.northgatemarket.com\/es\/foundation","title":{"rendered":"Fundaci\u00f3n"},"content":{"rendered":"<div data-elementor-type=\"wp-page\" data-elementor-id=\"1034\" class=\"elementor elementor-1034\" data-elementor-post-type=\"page\">\n\t\t\t\t<div data-particle_enable=\"false\" data-particle-mobile-disabled=\"false\" class=\"elementor-element elementor-element-8b6b040 e-flex e-con-boxed e-con e-parent\" data-id=\"8b6b040\" data-element_type=\"container\" data-e-type=\"container\" data-settings=\"{&quot;background_background&quot;:&quot;classic&quot;}\">\n\t\t\t\t\t<div class=\"e-con-inner\">\n\t\t<div data-particle_enable=\"false\" data-particle-mobile-disabled=\"false\" class=\"elementor-element elementor-element-e194d17 e-con-full e-flex e-con e-child\" data-id=\"e194d17\" data-element_type=\"container\" data-e-type=\"container\" data-settings=\"{&quot;background_background&quot;:&quot;classic&quot;}\">\n\t\t\t\t<div class=\"elementor-element elementor-element-06b714d elementor-widget elementor-widget-heading\" data-id=\"06b714d\" data-element_type=\"widget\" data-e-type=\"widget\" data-widget_type=\"heading.default\">\n\t\t\t\t\t<h2 class=\"elementor-heading-title elementor-size-default\">Fundaci\u00f3n<\/h2>\t\t\t\t<\/div>\n\t\t\t\t<div class=\"elementor-element elementor-element-d697ce6 elementor-widget elementor-widget-heading\" data-id=\"d697ce6\" data-element_type=\"widget\" data-e-type=\"widget\" data-widget_type=\"heading.default\">\n\t\t\t\t\t<h2 class=\"elementor-heading-title elementor-size-default\">Una semilla de esperanza se convierte en un bosque de sue\u00f1os<\/h2>\t\t\t\t<\/div>\n\t\t\t\t<div class=\"elementor-element elementor-element-d269599 elementor-widget elementor-widget-text-editor\" data-id=\"d269599\" data-element_type=\"widget\" data-e-type=\"widget\" data-widget_type=\"text-editor.default\">\n\t\t\t\t\t\t\t\t\t<p>La misi\u00f3n de la Fundaci\u00f3n familia Gonz\u00e1lez Reynoso es plantar semillas que ayuden a crecer a los miembros de la comunidad y a las organizaciones.<\/p>\t\t\t\t\t\t\t\t<\/div>\n\t\t\t\t<\/div>\n\t\t\t\t\t<\/div>\n\t\t\t\t<\/div>\n\t\t\t\t<section data-particle_enable=\"false\" data-particle-mobile-disabled=\"false\" class=\"elementor-section elementor-top-section elementor-element elementor-element-0b5383b elementor-section-boxed elementor-section-height-default elementor-section-height-default\" data-id=\"0b5383b\" data-element_type=\"section\" data-e-type=\"section\">\n\t\t\t\t\t\t<div class=\"elementor-container elementor-column-gap-default\">\n\t\t\t\t\t<div class=\"elementor-column elementor-col-100 elementor-top-column elementor-element elementor-element-16d477e\" data-id=\"16d477e\" data-element_type=\"column\" data-e-type=\"column\">\n\t\t\t<div class=\"elementor-widget-wrap elementor-element-populated\">\n\t\t\t\t\t\t<div class=\"elementor-element elementor-element-4d60b2e see-through elementor-widget elementor-widget-image\" data-id=\"4d60b2e\" data-element_type=\"widget\" data-e-type=\"widget\" id=\"foundation-logo\" data-widget_type=\"image.default\">\n\t\t\t\t\t\t\t\t\t\t\t\t\t\t\t<img fetchpriority=\"high\" decoding=\"async\" width=\"750\" height=\"508\" src=\"https:\/\/www.northgatemarket.com\/wp-content\/uploads\/2022\/07\/familia-gonzalez-reynoso-foundation-_ng-foundation-logo-768x520.jpeg\" class=\"attachment-medium_large size-medium_large wp-image-4177\" alt=\"familia gonzalez reynoso foundation  ng foundation logo\" srcset=\"https:\/\/www.northgatemarket.com\/wp-content\/uploads\/2022\/07\/familia-gonzalez-reynoso-foundation-_ng-foundation-logo-768x520.jpeg 768w, https:\/\/www.northgatemarket.com\/wp-content\/uploads\/2022\/07\/familia-gonzalez-reynoso-foundation-_ng-foundation-logo-300x203.jpeg 300w, https:\/\/www.northgatemarket.com\/wp-content\/uploads\/2022\/07\/familia-gonzalez-reynoso-foundation-_ng-foundation-logo-1024x694.jpeg 1024w, https:\/\/www.northgatemarket.com\/wp-content\/uploads\/2022\/07\/familia-gonzalez-reynoso-foundation-_ng-foundation-logo-1536x1040.jpeg 1536w, https:\/\/www.northgatemarket.com\/wp-content\/uploads\/2022\/07\/familia-gonzalez-reynoso-foundation-_ng-foundation-logo-2048x1387.jpeg 2048w, https:\/\/www.northgatemarket.com\/wp-content\/uploads\/2022\/07\/familia-gonzalez-reynoso-foundation-_ng-foundation-logo-18x12.jpeg 18w, https:\/\/www.northgatemarket.com\/wp-content\/uploads\/2022\/07\/familia-gonzalez-reynoso-foundation-_ng-foundation-logo-1568x1062.jpeg 1568w\" sizes=\"(max-width: 750px) 100vw, 750px\" style=\"width:100%;height:67.73%;max-width:2550px\" \/>\t\t\t\t\t\t\t\t\t\t\t\t\t\t\t<\/div>\n\t\t\t\t\t<\/div>\n\t\t<\/div>\n\t\t\t\t\t<\/div>\n\t\t<\/section>\n\t\t\t\t<section data-particle_enable=\"false\" data-particle-mobile-disabled=\"false\" class=\"elementor-section elementor-top-section elementor-element elementor-element-0ab3eff elementor-section-boxed elementor-section-height-default elementor-section-height-default\" data-id=\"0ab3eff\" data-element_type=\"section\" data-e-type=\"section\">\n\t\t\t\t\t\t<div class=\"elementor-container elementor-column-gap-default\">\n\t\t\t\t\t<div class=\"elementor-column elementor-col-100 elementor-top-column elementor-element elementor-element-c2d9763\" data-id=\"c2d9763\" data-element_type=\"column\" data-e-type=\"column\">\n\t\t\t<div class=\"elementor-widget-wrap elementor-element-populated\">\n\t\t\t\t\t\t<div class=\"elementor-element elementor-element-866f45d elementor-widget elementor-widget-text-editor\" data-id=\"866f45d\" data-element_type=\"widget\" data-e-type=\"widget\" data-widget_type=\"text-editor.default\">\n\t\t\t\t\t\t\t\t\t<p>La tradici\u00f3n y el compromiso de los Gonz\u00e1lez de retribuir a nuestra comunidad comenz\u00f3 mucho antes del inicio oficial de la Fundaci\u00f3n de la Familia Gonz\u00e1lez Reynoso.<\/p><p>\u00a0<\/p><p>Los valores y la buena voluntad inculcados por Don Miguel Gonz\u00e1lez y Do\u00f1a Teresa Reynoso de Gonz\u00e1lez est\u00e1n bien arraigados y son los pilares de la Fundaci\u00f3n actual. Don Miguel cre\u00eda que para prosperar, deb\u00eda retribuir a la comunidad que lo hab\u00eda hecho triunfar en su negocio.<\/p><p>\u00a0<\/p><p>\u00c9l comenz\u00f3 este compromiso con la comunidad por medio de donaciones a equipos deportivos locales, eventos comunitarios y escuelas de la comunidad. Hoy, esta buena voluntad y pasi\u00f3n por ayudar a los dem\u00e1s sigue viva a trav\u00e9s de la Fundaci\u00f3n de la Familia Gonz\u00e1lez Reynoso.<\/p>\t\t\t\t\t\t\t\t<\/div>\n\t\t\t\t\t<\/div>\n\t\t<\/div>\n\t\t\t\t\t<\/div>\n\t\t<\/section>\n\t\t\t\t<section data-particle_enable=\"false\" data-particle-mobile-disabled=\"false\" class=\"elementor-section elementor-top-section elementor-element elementor-element-51cedef elementor-section-boxed elementor-section-height-default elementor-section-height-default\" data-id=\"51cedef\" data-element_type=\"section\" data-e-type=\"section\">\n\t\t\t\t\t\t<div class=\"elementor-container elementor-column-gap-default\">\n\t\t\t\t\t<div class=\"elementor-column elementor-col-100 elementor-top-column elementor-element elementor-element-9b480e4\" data-id=\"9b480e4\" data-element_type=\"column\" data-e-type=\"column\">\n\t\t\t<div class=\"elementor-widget-wrap elementor-element-populated\">\n\t\t\t\t\t\t<div class=\"elementor-element elementor-element-ed2619d elementor-widget elementor-widget-video\" data-id=\"ed2619d\" data-element_type=\"widget\" data-e-type=\"widget\" data-settings=\"{&quot;youtube_url&quot;:&quot;https:\\\/\\\/www.youtube.com\\\/watch?v=gCy6Z7QpMH0&quot;,&quot;video_type&quot;:&quot;youtube&quot;,&quot;controls&quot;:&quot;yes&quot;}\" data-widget_type=\"video.default\">\n\t\t\t\t\t\t\t<div class=\"elementor-wrapper elementor-open-inline\">\n\t\t\t<div class=\"elementor-video\"><\/div>\t\t<\/div>\n\t\t\t\t\t\t<\/div>\n\t\t\t\t\t<\/div>\n\t\t<\/div>\n\t\t\t\t\t<\/div>\n\t\t<\/section>\n\t\t\t\t<section data-particle_enable=\"false\" data-particle-mobile-disabled=\"false\" class=\"elementor-section elementor-top-section elementor-element elementor-element-ea72b1a see-through elementor-section-boxed elementor-section-height-default elementor-section-height-default\" data-id=\"ea72b1a\" data-element_type=\"section\" data-e-type=\"section\" data-settings=\"{&quot;background_background&quot;:&quot;classic&quot;}\">\n\t\t\t\t\t\t<div class=\"elementor-container elementor-column-gap-default\">\n\t\t\t\t\t<div class=\"elementor-column elementor-col-50 elementor-top-column elementor-element elementor-element-e53256d\" data-id=\"e53256d\" data-element_type=\"column\" data-e-type=\"column\">\n\t\t\t<div class=\"elementor-widget-wrap elementor-element-populated\">\n\t\t\t\t\t\t<div class=\"elementor-element elementor-element-63e41b4 elementor-widget elementor-widget-counter\" data-id=\"63e41b4\" data-element_type=\"widget\" data-e-type=\"widget\" data-widget_type=\"counter.default\">\n\t\t\t\t\t\t\t<div class=\"elementor-counter\">\n\t\t\t\t\t\t<div class=\"elementor-counter-number-wrapper\">\n\t\t\t\t<span class=\"elementor-counter-number-prefix\">$<\/span>\n\t\t\t\t<span class=\"elementor-counter-number\" data-duration=\"3000\" data-to-value=\"250000\" data-from-value=\"0\" data-delimiter=\",\">0<\/span>\n\t\t\t\t<span class=\"elementor-counter-number-suffix\"><\/span>\n\t\t\t<\/div>\n\t\t<\/div>\n\t\t\t\t\t\t<\/div>\n\t\t\t\t\t<\/div>\n\t\t<\/div>\n\t\t\t\t<div class=\"elementor-column elementor-col-50 elementor-top-column elementor-element elementor-element-3d0ad3d\" data-id=\"3d0ad3d\" data-element_type=\"column\" data-e-type=\"column\">\n\t\t\t<div class=\"elementor-widget-wrap elementor-element-populated\">\n\t\t\t\t\t\t<div class=\"elementor-element elementor-element-240ab97 elementor-widget elementor-widget-heading\" data-id=\"240ab97\" data-element_type=\"widget\" data-e-type=\"widget\" data-widget_type=\"heading.default\">\n\t\t\t\t\t<h2 class=\"elementor-heading-title elementor-size-default\">Destinado a becas subvencionadas por la Fundaci\u00f3n de la familia Gonz\u00e1lez Reynoso.<\/h2>\t\t\t\t<\/div>\n\t\t\t\t\t<\/div>\n\t\t<\/div>\n\t\t\t\t\t<\/div>\n\t\t<\/section>\n\t\t\t\t<section data-particle_enable=\"false\" data-particle-mobile-disabled=\"false\" class=\"elementor-section elementor-top-section elementor-element elementor-element-a63aeeb elementor-section-boxed elementor-section-height-default elementor-section-height-default\" data-id=\"a63aeeb\" data-element_type=\"section\" data-e-type=\"section\">\n\t\t\t\t\t\t<div class=\"elementor-container elementor-column-gap-default\">\n\t\t\t\t\t<div class=\"elementor-column elementor-col-50 elementor-top-column elementor-element elementor-element-32ff8eb\" data-id=\"32ff8eb\" data-element_type=\"column\" data-e-type=\"column\">\n\t\t\t<div class=\"elementor-widget-wrap elementor-element-populated\">\n\t\t\t\t\t\t<div class=\"elementor-element elementor-element-0157e3b elementor-widget elementor-widget-image\" data-id=\"0157e3b\" data-element_type=\"widget\" data-e-type=\"widget\" data-widget_type=\"image.default\">\n\t\t\t\t\t\t\t\t\t\t\t\t\t\t\t<img decoding=\"async\" width=\"500\" height=\"750\" src=\"https:\/\/www.northgatemarket.com\/wp-content\/uploads\/2022\/07\/Estela_Gonzalez.png\" class=\"attachment-large size-large wp-image-4035\" alt=\"Estela Gonzalez\" srcset=\"https:\/\/www.northgatemarket.com\/wp-content\/uploads\/2022\/07\/Estela_Gonzalez.png 500w, https:\/\/www.northgatemarket.com\/wp-content\/uploads\/2022\/07\/Estela_Gonzalez-200x300.png 200w, https:\/\/www.northgatemarket.com\/wp-content\/uploads\/2022\/07\/Estela_Gonzalez-8x12.png 8w\" sizes=\"(max-width: 500px) 100vw, 500px\" style=\"width:100%;height:150%;max-width:500px\" \/>\t\t\t\t\t\t\t\t\t\t\t\t\t\t\t<\/div>\n\t\t\t\t\t<\/div>\n\t\t<\/div>\n\t\t\t\t<div class=\"elementor-column elementor-col-50 elementor-top-column elementor-element elementor-element-68552db\" data-id=\"68552db\" data-element_type=\"column\" data-e-type=\"column\">\n\t\t\t<div class=\"elementor-widget-wrap elementor-element-populated\">\n\t\t\t\t\t\t<div class=\"elementor-element elementor-element-5c878ea elementor-widget elementor-widget-text-editor\" data-id=\"5c878ea\" data-element_type=\"widget\" data-e-type=\"widget\" data-widget_type=\"text-editor.default\">\n\t\t\t\t\t\t\t\t\t<p>Ser generoso es mucho m\u00e1s que una meta enriquecedora para nuestra familia. Es parte de nuestra vidas, un valor que aprendimos de nuestros padres y que le ense\u00f1amos a nuestros hijos.<\/p><p>\u00a0<\/p><p>Hacemos donaciones a escuelas locales y equipos deportivos en nuestras comunidades. Tambi\u00e9n brindamos apoyo a orfanatos y viviendas de ancianos. Nuestro compromiso es firme y no tiene fronteras.<\/p><p>\u00a0<\/p><p>Estamos para dar aliento y est\u00edmulo a los que los necesiten. Vemos un gran futuro en nuestros hijos, fortaleza en nuestra gente, y una herencia cultural hermosa e inspiradora. <br \/>\u00danete a nuestros esfuerzos para recaudar fondos o participa como voluntario en uno de nuestros eventos. Es una manera profunda de sembrar esperanza en nuestra comunidad.<\/p><p>\u00a0<\/p><p>- Estela Gonz\u00e1lez de Ortiz<br \/>Presidenta de la Fundaci\u00f3n Familia Gonz\u00e1lez Reynoso<\/p>\t\t\t\t\t\t\t\t<\/div>\n\t\t\t\t\t<\/div>\n\t\t<\/div>\n\t\t\t\t\t<\/div>\n\t\t<\/section>\n\t\t\t\t<section data-particle_enable=\"false\" data-particle-mobile-disabled=\"false\" class=\"elementor-section elementor-top-section elementor-element elementor-element-e6b72ee elementor-section-boxed elementor-section-height-default elementor-section-height-default\" data-id=\"e6b72ee\" data-element_type=\"section\" data-e-type=\"section\">\n\t\t\t\t\t\t<div class=\"elementor-container elementor-column-gap-default\">\n\t\t\t\t\t<div class=\"elementor-column elementor-col-100 elementor-top-column elementor-element elementor-element-596fd95\" data-id=\"596fd95\" data-element_type=\"column\" data-e-type=\"column\">\n\t\t\t<div class=\"elementor-widget-wrap elementor-element-populated\">\n\t\t\t\t\t\t<div class=\"elementor-element elementor-element-f5de1a0 elementor-widget elementor-widget-heading\" data-id=\"f5de1a0\" data-element_type=\"widget\" data-e-type=\"widget\" data-widget_type=\"heading.default\">\n\t\t\t\t\t<h2 class=\"elementor-heading-title elementor-size-default\">El impacto de la Fundaci\u00f3n Familia Gonzales Reynoso es m\u00e1s fuerte cada a\u00f1o:<\/h2>\t\t\t\t<\/div>\n\t\t\t\t<section data-particle_enable=\"false\" data-particle-mobile-disabled=\"false\" class=\"elementor-section elementor-inner-section elementor-element elementor-element-9b104b9 elementor-section-boxed elementor-section-height-default elementor-section-height-default\" data-id=\"9b104b9\" data-element_type=\"section\" data-e-type=\"section\">\n\t\t\t\t\t\t<div class=\"elementor-container elementor-column-gap-default\">\n\t\t\t\t\t<div class=\"elementor-column elementor-col-50 elementor-inner-column elementor-element elementor-element-fe8528c\" data-id=\"fe8528c\" data-element_type=\"column\" data-e-type=\"column\">\n\t\t\t<div class=\"elementor-widget-wrap elementor-element-populated\">\n\t\t\t\t\t\t<div class=\"elementor-element elementor-element-8f899ec elementor-align-start elementor-icon-list--layout-traditional elementor-list-item-link-full_width elementor-widget elementor-widget-icon-list\" data-id=\"8f899ec\" data-element_type=\"widget\" data-e-type=\"widget\" data-widget_type=\"icon-list.default\">\n\t\t\t\t\t\t\t<ul class=\"elementor-icon-list-items\">\n\t\t\t\t\t\t\t<li class=\"elementor-icon-list-item\">\n\t\t\t\t\t\t\t\t\t\t\t<span class=\"elementor-icon-list-icon\">\n\t\t\t\t\t\t\t<i aria-hidden=\"true\" class=\"fas fa-circle\"><\/i>\t\t\t\t\t\t<\/span>\n\t\t\t\t\t\t\t\t\t\t<span class=\"elementor-icon-list-text\">M\u00e1s de $100,000 en donaciones a escuelas locales y equipos deportivos<\/span>\n\t\t\t\t\t\t\t\t\t<\/li>\n\t\t\t\t\t\t\t\t<li class=\"elementor-icon-list-item\">\n\t\t\t\t\t\t\t\t\t\t\t<span class=\"elementor-icon-list-icon\">\n\t\t\t\t\t\t\t<i aria-hidden=\"true\" class=\"fas fa-circle\"><\/i>\t\t\t\t\t\t<\/span>\n\t\t\t\t\t\t\t\t\t\t<span class=\"elementor-icon-list-text\">Mantenimiento de instalaciones deportivas en nuestras comunidades<\/span>\n\t\t\t\t\t\t\t\t\t<\/li>\n\t\t\t\t\t\t\t\t<li class=\"elementor-icon-list-item\">\n\t\t\t\t\t\t\t\t\t\t\t<span class=\"elementor-icon-list-icon\">\n\t\t\t\t\t\t\t<i aria-hidden=\"true\" class=\"fas fa-circle\"><\/i>\t\t\t\t\t\t<\/span>\n\t\t\t\t\t\t\t\t\t\t<span class=\"elementor-icon-list-text\">Apoyo continuo a viviendas para personas de la tercera edad.<\/span>\n\t\t\t\t\t\t\t\t\t<\/li>\n\t\t\t\t\t\t\t\t<li class=\"elementor-icon-list-item\">\n\t\t\t\t\t\t\t\t\t\t\t<span class=\"elementor-icon-list-icon\">\n\t\t\t\t\t\t\t<i aria-hidden=\"true\" class=\"fas fa-circle\"><\/i>\t\t\t\t\t\t<\/span>\n\t\t\t\t\t\t\t\t\t\t<span class=\"elementor-icon-list-text\">Ayuda a familias necesitadas durante todo el a\u00f1o.<\/span>\n\t\t\t\t\t\t\t\t\t<\/li>\n\t\t\t\t\t\t\t\t<li class=\"elementor-icon-list-item\">\n\t\t\t\t\t\t\t\t\t\t\t<span class=\"elementor-icon-list-icon\">\n\t\t\t\t\t\t\t<i aria-hidden=\"true\" class=\"fas fa-circle\"><\/i>\t\t\t\t\t\t<\/span>\n\t\t\t\t\t\t\t\t\t\t<span class=\"elementor-icon-list-text\">Recaudaci\u00f3n de fondos para Kids 4 Hope, la Asociaci\u00f3n de Distrofia Muscular y Telet\u00f3n Mexam\u00e9rica<\/span>\n\t\t\t\t\t\t\t\t\t<\/li>\n\t\t\t\t\t\t\t\t<li class=\"elementor-icon-list-item\">\n\t\t\t\t\t\t\t\t\t\t\t<span class=\"elementor-icon-list-icon\">\n\t\t\t\t\t\t\t<i aria-hidden=\"true\" class=\"fas fa-circle\"><\/i>\t\t\t\t\t\t<\/span>\n\t\t\t\t\t\t\t\t\t\t<span class=\"elementor-icon-list-text\">Realizaci\u00f3n de nuestro exitoso Torneo Anual de Golfo<\/span>\n\t\t\t\t\t\t\t\t\t<\/li>\n\t\t\t\t\t\t\t\t<li class=\"elementor-icon-list-item\">\n\t\t\t\t\t\t\t\t\t\t\t<span class=\"elementor-icon-list-icon\">\n\t\t\t\t\t\t\t<i aria-hidden=\"true\" class=\"fas fa-circle\"><\/i>\t\t\t\t\t\t<\/span>\n\t\t\t\t\t\t\t\t\t\t<span class=\"elementor-icon-list-text\">Donaciones a Olive Crest. Una organizaci\u00f3n sin fines de lucro que asiste a ni\u00f1os y familias en situaci\u00f3n de riesgo en California, Nevada y el noroeste del Pac\u00edfico.<\/span>\n\t\t\t\t\t\t\t\t\t<\/li>\n\t\t\t\t\t\t<\/ul>\n\t\t\t\t\t\t<\/div>\n\t\t\t\t\t<\/div>\n\t\t<\/div>\n\t\t\t\t<div class=\"elementor-column elementor-col-50 elementor-inner-column elementor-element elementor-element-eee03cb\" data-id=\"eee03cb\" data-element_type=\"column\" data-e-type=\"column\">\n\t\t\t<div class=\"elementor-widget-wrap elementor-element-populated\">\n\t\t\t\t\t\t<div class=\"elementor-element elementor-element-3cd5039 elementor-widget elementor-widget-image\" data-id=\"3cd5039\" data-element_type=\"widget\" data-e-type=\"widget\" data-widget_type=\"image.default\">\n\t\t\t\t\t\t\t\t\t\t\t\t\t\t\t<img decoding=\"async\" width=\"750\" height=\"535\" src=\"https:\/\/www.northgatemarket.com\/wp-content\/uploads\/2022\/08\/N-Gate-096-1024x731.jpeg\" class=\"attachment-large size-large wp-image-5558\" alt=\"N Gate 096 scaled\" srcset=\"https:\/\/www.northgatemarket.com\/wp-content\/uploads\/2022\/08\/N-Gate-096-1024x731.jpeg 1024w, https:\/\/www.northgatemarket.com\/wp-content\/uploads\/2022\/08\/N-Gate-096-300x214.jpeg 300w, https:\/\/www.northgatemarket.com\/wp-content\/uploads\/2022\/08\/N-Gate-096-768x549.jpeg 768w, https:\/\/www.northgatemarket.com\/wp-content\/uploads\/2022\/08\/N-Gate-096-1536x1097.jpeg 1536w, https:\/\/www.northgatemarket.com\/wp-content\/uploads\/2022\/08\/N-Gate-096-2048x1463.jpeg 2048w, https:\/\/www.northgatemarket.com\/wp-content\/uploads\/2022\/08\/N-Gate-096-18x12.jpeg 18w, https:\/\/www.northgatemarket.com\/wp-content\/uploads\/2022\/08\/N-Gate-096-1568x1120.jpeg 1568w\" sizes=\"(max-width: 750px) 100vw, 750px\" style=\"width:100%;height:71.45%;max-width:2560px\" \/>\t\t\t\t\t\t\t\t\t\t\t\t\t\t\t<\/div>\n\t\t\t\t\t<\/div>\n\t\t<\/div>\n\t\t\t\t\t<\/div>\n\t\t<\/section>\n\t\t\t\t\t<\/div>\n\t\t<\/div>\n\t\t\t\t\t<\/div>\n\t\t<\/section>\n\t\t\t\t<\/div>","protected":false},"excerpt":{"rendered":"<p>Foundation A seed of hope grows into a forest of dreams The Gonz\u00e1lez Reynoso Family Foundation&#8217;s mission is to plant seeds that help community members and organizations to grow. The&hellip; <a class=\"more-link\" href=\"https:\/\/www.northgatemarket.com\/es\/foundation\">Continue reading <span class=\"screen-reader-text\">Fundaci\u00f3n<\/span><\/a><\/p>","protected":false},"author":15,"featured_media":0,"parent":0,"menu_order":0,"comment_status":"closed","ping_status":"closed","template":"elementor_header_footer","meta":{"_acf_changed":false,"footnotes":""},"puestos":[],"class_list":["post-1034","page","type-page","status-publish","hentry","entry"],"acf":[],"aioseo_notices":[],"_links":{"self":[{"href":"https:\/\/www.northgatemarket.com\/es\/wp-json\/wp\/v2\/pages\/1034","targetHints":{"allow":["GET"]}}],"collection":[{"href":"https:\/\/www.northgatemarket.com\/es\/wp-json\/wp\/v2\/pages"}],"about":[{"href":"https:\/\/www.northgatemarket.com\/es\/wp-json\/wp\/v2\/types\/page"}],"author":[{"embeddable":true,"href":"https:\/\/www.northgatemarket.com\/es\/wp-json\/wp\/v2\/users\/15"}],"replies":[{"embeddable":true,"href":"https:\/\/www.northgatemarket.com\/es\/wp-json\/wp\/v2\/comments?post=1034"}],"version-history":[{"count":3,"href":"https:\/\/www.northgatemarket.com\/es\/wp-json\/wp\/v2\/pages\/1034\/revisions"}],"predecessor-version":[{"id":17606,"href":"https:\/\/www.northgatemarket.com\/es\/wp-json\/wp\/v2\/pages\/1034\/revisions\/17606"}],"wp:attachment":[{"href":"https:\/\/www.northgatemarket.com\/es\/wp-json\/wp\/v2\/media?parent=1034"}],"wp:term":[{"taxonomy":"puestos","embeddable":true,"href":"https:\/\/www.northgatemarket.com\/es\/wp-json\/wp\/v2\/puestos?post=1034"}],"curies":[{"name":"wp","href":"https:\/\/api.w.org\/{rel}","templated":true}]}}