{"id":1053,"date":"2022-05-22T02:37:47","date_gmt":"2022-05-22T02:37:47","guid":{"rendered":"https:\/\/www.northgatemarket.com\/?page_id=1053"},"modified":"2025-05-17T15:29:46","modified_gmt":"2025-05-17T22:29:46","slug":"instacart","status":"publish","type":"page","link":"https:\/\/www.northgatemarket.com\/es\/instacart","title":{"rendered":"Instacart"},"content":{"rendered":"<div data-elementor-type=\"wp-page\" data-elementor-id=\"1053\" class=\"elementor elementor-1053\" data-elementor-post-type=\"page\">\n\t\t\t\t<div data-particle_enable=\"false\" data-particle-mobile-disabled=\"false\" class=\"elementor-element elementor-element-3c93f35 e-flex e-con-boxed e-con e-parent\" data-id=\"3c93f35\" data-element_type=\"container\" data-e-type=\"container\" data-settings=\"{&quot;background_background&quot;:&quot;classic&quot;}\">\n\t\t\t\t\t<div class=\"e-con-inner\">\n\t\t<div data-particle_enable=\"false\" data-particle-mobile-disabled=\"false\" class=\"elementor-element elementor-element-74f1e97 e-con-full e-flex e-con e-child\" data-id=\"74f1e97\" data-element_type=\"container\" data-e-type=\"container\" data-settings=\"{&quot;background_background&quot;:&quot;classic&quot;}\">\n\t\t\t\t<div class=\"elementor-element elementor-element-cd5e022 elementor-widget elementor-widget-heading\" data-id=\"cd5e022\" data-element_type=\"widget\" data-e-type=\"widget\" data-widget_type=\"heading.default\">\n\t\t\t\t\t<h2 class=\"elementor-heading-title elementor-size-default\">Compra con Instacart<\/h2>\t\t\t\t<\/div>\n\t\t\t\t<div class=\"elementor-element elementor-element-dd2b70c elementor-widget elementor-widget-heading\" data-id=\"dd2b70c\" data-element_type=\"widget\" data-e-type=\"widget\" data-widget_type=\"heading.default\">\n\t\t\t\t\t<h2 class=\"elementor-heading-title elementor-size-default\">Llevamos los sabores de Northgate Market a tu casa.<\/h2>\t\t\t\t<\/div>\n\t\t\t\t<\/div>\n\t\t\t\t\t<\/div>\n\t\t\t\t<\/div>\n\t\t\t\t<section data-particle_enable=\"false\" data-particle-mobile-disabled=\"false\" class=\"elementor-section elementor-top-section elementor-element elementor-element-49c8d35 elementor-section-boxed elementor-section-height-default elementor-section-height-default\" data-id=\"49c8d35\" data-element_type=\"section\" data-e-type=\"section\">\n\t\t\t\t\t\t<div class=\"elementor-container elementor-column-gap-default\">\n\t\t\t\t\t<div class=\"elementor-column elementor-col-50 elementor-top-column elementor-element elementor-element-3f5304e\" data-id=\"3f5304e\" data-element_type=\"column\" data-e-type=\"column\">\n\t\t\t<div class=\"elementor-widget-wrap elementor-element-populated\">\n\t\t\t\t\t\t<div class=\"elementor-element elementor-element-2018a6b elementor-widget elementor-widget-text-editor\" data-id=\"2018a6b\" data-element_type=\"widget\" data-e-type=\"widget\" data-widget_type=\"text-editor.default\">\n\t\t\t\t\t\t\t\t\t<p>Hacemos entregas el mismo d\u00eda desde nuestras tiendas a tu casa. \u00a1Pide lo que necesitas, desde nuestros productos insignia hasta art\u00edculos b\u00e1sicos para el hogar, y rec\u00edbelo en la puerta de tu casa en tan solo una hora!<\/p>\t\t\t\t\t\t\t\t<\/div>\n\t\t\t\t<div class=\"elementor-element elementor-element-2c2bf98 elementor-widget elementor-widget-html\" data-id=\"2c2bf98\" data-element_type=\"widget\" data-e-type=\"widget\" data-widget_type=\"html.default\">\n\t\t\t\t\t<div class=\"shop-pages-list\"><div>Haz clic en el siguiente enlace<\/div><div>Reg\u00edstrate o inicia sesi\u00f3n en tu cuenta<\/div><div>Selecciona tus art\u00edculos<\/div><div>Elige una opci\u00f3n de pago<\/div><div>Selecciona la hora en la que recoger\u00e1s los art\u00edculos<\/div><div>\u00a1Haz tu pedido!<\/div>\n<\/div>\t\t\t\t<\/div>\n\t\t\t\t<div class=\"elementor-element elementor-element-e627cea sitebtn elementor-widget elementor-widget-button\" data-id=\"e627cea\" data-element_type=\"widget\" data-e-type=\"widget\" data-widget_type=\"button.default\">\n\t\t\t\t\t\t\t\t\t\t<a class=\"elementor-button elementor-button-link elementor-size-sm\" href=\"https:\/\/shop.northgatemarket.com\/\">\n\t\t\t\t\t\t<span class=\"elementor-button-content-wrapper\">\n\t\t\t\t\t\t\t\t\t<span class=\"elementor-button-text\">Haz un pedido en Instacart<\/span>\n\t\t\t\t\t<\/span>\n\t\t\t\t\t<\/a>\n\t\t\t\t\t\t\t\t<\/div>\n\t\t\t\t\t<\/div>\n\t\t<\/div>\n\t\t\t\t<div class=\"elementor-column elementor-col-50 elementor-top-column elementor-element elementor-element-4591ad4\" data-id=\"4591ad4\" data-element_type=\"column\" data-e-type=\"column\">\n\t\t\t<div class=\"elementor-widget-wrap elementor-element-populated\">\n\t\t\t\t\t\t<div class=\"elementor-element elementor-element-faa1bd2 elementor-widget elementor-widget-image\" data-id=\"faa1bd2\" data-element_type=\"widget\" data-e-type=\"widget\" data-widget_type=\"image.default\">\n\t\t\t\t\t\t\t\t\t\t\t\t\t\t\t<img fetchpriority=\"high\" decoding=\"async\" width=\"750\" height=\"394\" src=\"https:\/\/www.northgatemarket.com\/wp-content\/uploads\/2022\/06\/Instacraft_logo_transparent-1024x538.png\" class=\"attachment-large size-large wp-image-1448\" alt=\"Instacraft logo transparent\" srcset=\"https:\/\/www.northgatemarket.com\/wp-content\/uploads\/2022\/06\/Instacraft_logo_transparent-1024x538.png 1024w, https:\/\/www.northgatemarket.com\/wp-content\/uploads\/2022\/06\/Instacraft_logo_transparent-300x158.png 300w, https:\/\/www.northgatemarket.com\/wp-content\/uploads\/2022\/06\/Instacraft_logo_transparent-768x403.png 768w, https:\/\/www.northgatemarket.com\/wp-content\/uploads\/2022\/06\/Instacraft_logo_transparent.png 1200w\" sizes=\"(max-width: 750px) 100vw, 750px\" style=\"width:100%;height:52.5%;max-width:1200px\" \/>\t\t\t\t\t\t\t\t\t\t\t\t\t\t\t<\/div>\n\t\t\t\t\t<\/div>\n\t\t<\/div>\n\t\t\t\t\t<\/div>\n\t\t<\/section>\n\t\t\t\t<\/div>","protected":false},"excerpt":{"rendered":"<p>Shop with Instacart Northgate flavors delivered to your home Same day deliveries from our market to your home. Order everything from our signature items to household essentials for delivery to&hellip; <a class=\"more-link\" href=\"https:\/\/www.northgatemarket.com\/es\/instacart\">Continue reading <span class=\"screen-reader-text\">Instacart<\/span><\/a><\/p>","protected":false},"author":15,"featured_media":0,"parent":0,"menu_order":0,"comment_status":"closed","ping_status":"closed","template":"elementor_header_footer","meta":{"_acf_changed":false,"footnotes":""},"puestos":[],"class_list":["post-1053","page","type-page","status-publish","hentry","entry"],"acf":[],"aioseo_notices":[],"_links":{"self":[{"href":"https:\/\/www.northgatemarket.com\/es\/wp-json\/wp\/v2\/pages\/1053","targetHints":{"allow":["GET"]}}],"collection":[{"href":"https:\/\/www.northgatemarket.com\/es\/wp-json\/wp\/v2\/pages"}],"about":[{"href":"https:\/\/www.northgatemarket.com\/es\/wp-json\/wp\/v2\/types\/page"}],"author":[{"embeddable":true,"href":"https:\/\/www.northgatemarket.com\/es\/wp-json\/wp\/v2\/users\/15"}],"replies":[{"embeddable":true,"href":"https:\/\/www.northgatemarket.com\/es\/wp-json\/wp\/v2\/comments?post=1053"}],"version-history":[{"count":9,"href":"https:\/\/www.northgatemarket.com\/es\/wp-json\/wp\/v2\/pages\/1053\/revisions"}],"predecessor-version":[{"id":17407,"href":"https:\/\/www.northgatemarket.com\/es\/wp-json\/wp\/v2\/pages\/1053\/revisions\/17407"}],"wp:attachment":[{"href":"https:\/\/www.northgatemarket.com\/es\/wp-json\/wp\/v2\/media?parent=1053"}],"wp:term":[{"taxonomy":"puestos","embeddable":true,"href":"https:\/\/www.northgatemarket.com\/es\/wp-json\/wp\/v2\/puestos?post=1053"}],"curies":[{"name":"wp","href":"https:\/\/api.w.org\/{rel}","templated":true}]}}