{"id":12602,"date":"2023-11-14T14:20:19","date_gmt":"2023-11-14T22:20:19","guid":{"rendered":"https:\/\/www.northgatemarket.com\/?page_id=12602"},"modified":"2025-11-10T10:43:23","modified_gmt":"2025-11-10T18:43:23","slug":"asados-el-mesquite","status":"publish","type":"page","link":"https:\/\/www.northgatemarket.com\/es\/mercado\/puestos\/asados-el-mesquite","title":{"rendered":"Asados El Mesquite"},"content":{"rendered":"<div data-elementor-type=\"wp-page\" data-elementor-id=\"12602\" class=\"elementor elementor-12602\" data-elementor-post-type=\"page\">\n\t\t\t\t\t\t<section data-particle_enable=\"false\" data-particle-mobile-disabled=\"false\" class=\"elementor-section elementor-top-section elementor-element elementor-element-01acc92 elementor-section-full_width elementor-section-height-default elementor-section-height-default\" data-id=\"01acc92\" data-element_type=\"section\" data-e-type=\"section\">\n\t\t\t\t\t\t<div class=\"elementor-container elementor-column-gap-default\">\n\t\t\t\t\t<div class=\"elementor-column elementor-col-33 elementor-top-column elementor-element elementor-element-7341970\" data-id=\"7341970\" data-element_type=\"column\" data-e-type=\"column\">\n\t\t\t<div class=\"elementor-widget-wrap elementor-element-populated\">\n\t\t\t\t\t\t<div class=\"elementor-element elementor-element-65b7d22 eael-image-hotspot-align-centered elementor-widget elementor-widget-eael-image-hotspots\" data-id=\"65b7d22\" data-element_type=\"widget\" data-e-type=\"widget\" data-widget_type=\"eael-image-hotspots.default\">\n\t\t\t\t<div class=\"elementor-widget-container\">\n\t\t\t\t\t        <div class=\"eael-image-hotspots\">\n            <div class=\"eael-hot-spot-image\">\n                                    <a class=\"eael-hot-spot-wrap elementor-repeater-item-0ee12f4\" data-tooltip-position-global=\"top\" data-link=\"#\" href=\"#\" target=\"_blank\" data-tooltip-position-local=\"\" data-tooltip-size=\"default\" data-tooltip-width=\"\" data-tooltip-animation-speed=\"200\" data-tooltip-animation-delay=\"200\">\n                        <span class=\"eael-hot-spot-inner\">\n                            <span class=\"eael-hotspot-icon-wrap\"><i class=\"eael-hotspot-icon eael-hotspot-tooltip fas fa-plus\"><\/i><\/span>                        <\/span>\n                    <\/a>\n                \n                <img fetchpriority=\"high\" decoding=\"async\" width=\"750\" height=\"450\" src=\"https:\/\/www.northgatemarket.com\/wp-content\/uploads\/2023\/11\/Los-Mesquites_Asados-768x461.png\" class=\"attachment-medium_large size-medium_large wp-image-12476\" alt=\"Los Mesquites Asados\" srcset=\"https:\/\/www.northgatemarket.com\/wp-content\/uploads\/2023\/11\/Los-Mesquites_Asados-768x461.png 768w, https:\/\/www.northgatemarket.com\/wp-content\/uploads\/2023\/11\/Los-Mesquites_Asados-300x180.png 300w, https:\/\/www.northgatemarket.com\/wp-content\/uploads\/2023\/11\/Los-Mesquites_Asados-18x12.png 18w, https:\/\/www.northgatemarket.com\/wp-content\/uploads\/2023\/11\/Los-Mesquites_Asados.png 1000w\" sizes=\"(max-width: 750px) 100vw, 750px\" style=\"width:100%;height:60%;max-width:1000px;\" \/>            <\/div>\n        <\/div>\n\t\t\t\t<\/div>\n\t\t\t\t<\/div>\n\t\t\t\t<div class=\"elementor-element elementor-element-cd8ff5b elementor-widget elementor-widget-heading\" data-id=\"cd8ff5b\" data-element_type=\"widget\" data-e-type=\"widget\" data-widget_type=\"heading.default\">\n\t\t\t\t\t<h2 class=\"elementor-heading-title elementor-size-default\">Asados Los Mesquites<\/h2>\t\t\t\t<\/div>\n\t\t\t\t<div class=\"elementor-element elementor-element-861fae5 elementor-widget elementor-widget-text-editor\" data-id=\"861fae5\" data-element_type=\"widget\" data-e-type=\"widget\" data-widget_type=\"text-editor.default\">\n\t\t\t\t\t\t\t\t\t<p>Asados a la parrilla con mezquite, Asados Los Mesquites te ofrece los sabores picantes de la aut\u00e9ntica parrillada mexicana con tu elecci\u00f3n de res, cerdo, pollo, elote asado y mucho m\u00e1s.<\/p>\t\t\t\t\t\t\t\t<\/div>\n\t\t\t\t\t<\/div>\n\t\t<\/div>\n\t\t\t\t<div class=\"elementor-column elementor-col-66 elementor-top-column elementor-element elementor-element-c4c92d1\" data-id=\"c4c92d1\" data-element_type=\"column\" data-e-type=\"column\">\n\t\t\t<div class=\"elementor-widget-wrap elementor-element-populated\">\n\t\t\t\t\t\t<div class=\"elementor-element elementor-element-f7cb4f6 elementor--h-position-center elementor--v-position-middle elementor-pagination-position-inside elementor-widget elementor-widget-slides\" data-id=\"f7cb4f6\" data-element_type=\"widget\" data-e-type=\"widget\" data-settings=\"{&quot;navigation&quot;:&quot;dots&quot;,&quot;transition_speed&quot;:1000,&quot;autoplay&quot;:&quot;yes&quot;,&quot;pause_on_hover&quot;:&quot;yes&quot;,&quot;autoplay_speed&quot;:5000,&quot;infinite&quot;:&quot;yes&quot;,&quot;transition&quot;:&quot;slide&quot;}\" data-widget_type=\"slides.default\">\n\t\t\t\t\t\t\t\t\t\t<div class=\"elementor-slides-wrapper elementor-main-swiper swiper\" role=\"region\" aria-roledescription=\"carousel\" aria-label=\"Slides\" dir=\"ltr\" data-animation=\"fadeInUp\">\n\t\t\t\t<div class=\"swiper-wrapper elementor-slides\">\n\t\t\t\t\t\t\t\t\t\t<div class=\"elementor-repeater-item-a7bde52 swiper-slide\" role=\"group\" aria-roledescription=\"slide\"><div class=\"swiper-slide-bg\" role=\"img\" aria-label=\"Asados Bueaty 3\"><\/div><div class=\"swiper-slide-inner\" ><div class=\"swiper-slide-contents\"><\/div><\/div><\/div><div class=\"elementor-repeater-item-47832ee swiper-slide\" role=\"group\" aria-roledescription=\"slide\"><div class=\"swiper-slide-bg\" role=\"img\" aria-label=\"Asados Bueaty 1\"><\/div><div class=\"swiper-slide-inner\" ><div class=\"swiper-slide-contents\"><\/div><\/div><\/div><div class=\"elementor-repeater-item-9a094e3 swiper-slide\" role=\"group\" aria-roledescription=\"slide\"><div class=\"swiper-slide-bg\" role=\"img\" aria-label=\"Asados Bueaty 2\"><\/div><div class=\"swiper-slide-inner\" ><div class=\"swiper-slide-contents\"><\/div><\/div><\/div>\t\t\t\t<\/div>\n\t\t\t\t\t\t\t\t\t\t\t\t\t\t\t\t\t\t\t\t<div class=\"swiper-pagination\"><\/div>\n\t\t\t\t\t\t\t\t\t\t\t\t<\/div>\n\t\t\t\t\t\t\t\t<\/div>\n\t\t\t\t\t<\/div>\n\t\t<\/div>\n\t\t\t\t\t<\/div>\n\t\t<\/section>\n\t\t\t\t<section data-particle_enable=\"false\" data-particle-mobile-disabled=\"false\" class=\"elementor-section elementor-top-section elementor-element elementor-element-ee579a6 elementor-section-full_width elementor-section-height-default elementor-section-height-default\" data-id=\"ee579a6\" data-element_type=\"section\" data-e-type=\"section\">\n\t\t\t\t\t\t<div class=\"elementor-container elementor-column-gap-default\">\n\t\t\t\t\t<div class=\"elementor-column elementor-col-50 elementor-top-column elementor-element elementor-element-1422385\" data-id=\"1422385\" data-element_type=\"column\" data-e-type=\"column\">\n\t\t\t<div class=\"elementor-widget-wrap elementor-element-populated\">\n\t\t\t\t\t\t<div class=\"elementor-element elementor-element-9387c2d elementor-widget elementor-widget-heading\" data-id=\"9387c2d\" data-element_type=\"widget\" data-e-type=\"widget\" data-widget_type=\"heading.default\">\n\t\t\t\t\t<h2 class=\"elementor-heading-title elementor-size-default\">PUESTO HIGHLIGHTS<\/h2>\t\t\t\t<\/div>\n\t\t\t\t<div class=\"elementor-element elementor-element-eae1c6d elementor-align-start elementor-icon-list--layout-traditional elementor-list-item-link-full_width elementor-widget elementor-widget-icon-list\" data-id=\"eae1c6d\" data-element_type=\"widget\" data-e-type=\"widget\" data-widget_type=\"icon-list.default\">\n\t\t\t\t\t\t\t<ul class=\"elementor-icon-list-items\">\n\t\t\t\t\t\t\t<li class=\"elementor-icon-list-item\">\n\t\t\t\t\t\t\t\t\t\t\t<span class=\"elementor-icon-list-icon\">\n\t\t\t\t\t\t\t<i aria-hidden=\"true\" class=\"fas fa-bahai\"><\/i>\t\t\t\t\t\t<\/span>\n\t\t\t\t\t\t\t\t\t\t<span class=\"elementor-icon-list-text\">Pollo a la parrilla, \u00a1pru\u00e9balo adobado! <\/span>\n\t\t\t\t\t\t\t\t\t<\/li>\n\t\t\t\t\t\t\t\t<li class=\"elementor-icon-list-item\">\n\t\t\t\t\t\t\t\t\t\t\t<span class=\"elementor-icon-list-icon\">\n\t\t\t\t\t\t\t<i aria-hidden=\"true\" class=\"fas fa-bahai\"><\/i>\t\t\t\t\t\t<\/span>\n\t\t\t\t\t\t\t\t\t\t<span class=\"elementor-icon-list-text\">Carne asada, ribeye, cecina de res y m\u00e1s, asados a la perfecci\u00f3n con mezquite.<\/span>\n\t\t\t\t\t\t\t\t\t<\/li>\n\t\t\t\t\t\t\t\t<li class=\"elementor-icon-list-item\">\n\t\t\t\t\t\t\t\t\t\t\t<span class=\"elementor-icon-list-icon\">\n\t\t\t\t\t\t\t<i aria-hidden=\"true\" class=\"fas fa-bahai\"><\/i>\t\t\t\t\t\t<\/span>\n\t\t\t\t\t\t\t\t\t\t<span class=\"elementor-icon-list-text\">Prueba nuestro Chorizo de Puerco, elaborado artesanalmente con nuestra receta familiar \u00fanica.<\/span>\n\t\t\t\t\t\t\t\t\t<\/li>\n\t\t\t\t\t\t\t\t<li class=\"elementor-icon-list-item\">\n\t\t\t\t\t\t\t\t\t\t\t<span class=\"elementor-icon-list-icon\">\n\t\t\t\t\t\t\t<i aria-hidden=\"true\" class=\"fas fa-bahai\"><\/i>\t\t\t\t\t\t<\/span>\n\t\t\t\t\t\t\t\t\t\t<span class=\"elementor-icon-list-text\">Tacos, burritos y tortas, junto con comidas familiares listas para disfrutar.<\/span>\n\t\t\t\t\t\t\t\t\t<\/li>\n\t\t\t\t\t\t<\/ul>\n\t\t\t\t\t\t<\/div>\n\t\t\t\t\t<\/div>\n\t\t<\/div>\n\t\t\t\t<div class=\"elementor-column elementor-col-25 elementor-top-column elementor-element elementor-element-77e5c21\" data-id=\"77e5c21\" data-element_type=\"column\" data-e-type=\"column\" data-settings=\"{&quot;background_background&quot;:&quot;classic&quot;}\">\n\t\t\t<div class=\"elementor-widget-wrap elementor-element-populated\">\n\t\t\t\t\t\t<div class=\"elementor-element elementor-element-007be13 e-transform elementor-widget elementor-widget-spacer\" data-id=\"007be13\" data-element_type=\"widget\" data-e-type=\"widget\" data-settings=\"{&quot;_transform_rotateZ_effect&quot;:{&quot;unit&quot;:&quot;px&quot;,&quot;size&quot;:90,&quot;sizes&quot;:[]},&quot;_transform_rotateZ_effect_mobile&quot;:{&quot;unit&quot;:&quot;deg&quot;,&quot;size&quot;:0,&quot;sizes&quot;:[]},&quot;_transform_rotateZ_effect_tablet&quot;:{&quot;unit&quot;:&quot;deg&quot;,&quot;size&quot;:&quot;&quot;,&quot;sizes&quot;:[]}}\" data-widget_type=\"spacer.default\">\n\t\t\t\t\t\t\t<div class=\"elementor-spacer\">\n\t\t\t<div class=\"elementor-spacer-inner\"><\/div>\n\t\t<\/div>\n\t\t\t\t\t\t<\/div>\n\t\t\t\t\t<\/div>\n\t\t<\/div>\n\t\t\t\t<div class=\"elementor-column elementor-col-25 elementor-top-column elementor-element elementor-element-f2b08f0\" data-id=\"f2b08f0\" data-element_type=\"column\" data-e-type=\"column\">\n\t\t\t<div class=\"elementor-widget-wrap elementor-element-populated\">\n\t\t\t\t\t\t<div class=\"elementor-element elementor-element-c61c606 elementor-widget elementor-widget-heading\" data-id=\"c61c606\" data-element_type=\"widget\" data-e-type=\"widget\" data-widget_type=\"heading.default\">\n\t\t\t\t\t<h2 class=\"elementor-heading-title elementor-size-default\">Horario en Tienda<\/h2>\t\t\t\t<\/div>\n\t\t\t\t<div class=\"elementor-element elementor-element-40b458e elementor-widget elementor-widget-text-editor\" data-id=\"40b458e\" data-element_type=\"widget\" data-e-type=\"widget\" data-widget_type=\"text-editor.default\">\n\t\t\t\t\t\t\t\t\t<p>Domingo - Jueves 7:00 AM \u2013 10:00 PM<\/p><p>Viernes - S\u00e1bado 7:00 AM \u2013 11:00 PM<\/p>\t\t\t\t\t\t\t\t<\/div>\n\t\t\t\t<div class=\"elementor-element elementor-element-2d0edb5 elementor-widget elementor-widget-heading\" data-id=\"2d0edb5\" data-element_type=\"widget\" data-e-type=\"widget\" data-widget_type=\"heading.default\">\n\t\t\t\t\t<h2 class=\"elementor-heading-title elementor-size-default\">horas en l\u00ednea<\/h2>\t\t\t\t<\/div>\n\t\t\t\t<div class=\"elementor-element elementor-element-ffa1792 elementor-widget elementor-widget-text-editor\" data-id=\"ffa1792\" data-element_type=\"widget\" data-e-type=\"widget\" data-widget_type=\"text-editor.default\">\n\t\t\t\t\t\t\t\t\t<p>Domingo - Jueves  10:30 AM \u2013 9:00 PM<\/p><p>Viernes - S\u00e1bado 10:30 AM \u2013 10:00 PM<\/p>\t\t\t\t\t\t\t\t<\/div>\n\t\t\t\t<div class=\"elementor-element elementor-element-cc7e0e3 elementor-widget elementor-widget-image\" data-id=\"cc7e0e3\" data-element_type=\"widget\" data-e-type=\"widget\" data-widget_type=\"image.default\">\n\t\t\t\t\t\t\t\t\t\t\t\t\t\t\t<img decoding=\"async\" width=\"201\" height=\"47\" src=\"https:\/\/www.northgatemarket.com\/wp-content\/uploads\/2023\/11\/Mercado-Crown_Element.png\" class=\"attachment-large size-large wp-image-12096\" alt=\"Mercado Crown Element\" srcset=\"https:\/\/www.northgatemarket.com\/wp-content\/uploads\/2023\/11\/Mercado-Crown_Element.png 201w, https:\/\/www.northgatemarket.com\/wp-content\/uploads\/2023\/11\/Mercado-Crown_Element-18x4.png 18w\" sizes=\"(max-width: 201px) 100vw, 201px\" style=\"width:100%;height:23.38%;max-width:201px\" \/>\t\t\t\t\t\t\t\t\t\t\t\t\t\t\t<\/div>\n\t\t\t\t<div class=\"elementor-element elementor-element-a0c6572 elementor-align-center elementor-widget elementor-widget-button\" data-id=\"a0c6572\" data-element_type=\"widget\" data-e-type=\"widget\" data-widget_type=\"button.default\">\n\t\t\t\t\t\t\t\t\t\t<a class=\"elementor-button elementor-button-link elementor-size-sm\" href=\"https:\/\/protect-us.mimecast.com\/s\/X1cCCpYRpzhOBO66uYWzZ1?domain=northgatemarkets.namer.alohaonlineordering.com\">\n\t\t\t\t\t\t<span class=\"elementor-button-content-wrapper\">\n\t\t\t\t\t\t\t\t\t<span class=\"elementor-button-text\">Ordene aqui<\/span>\n\t\t\t\t\t<\/span>\n\t\t\t\t\t<\/a>\n\t\t\t\t\t\t\t\t<\/div>\n\t\t\t\t\t<\/div>\n\t\t<\/div>\n\t\t\t\t\t<\/div>\n\t\t<\/section>\n\t\t\t\t<section data-particle_enable=\"false\" data-particle-mobile-disabled=\"false\" class=\"elementor-section elementor-top-section elementor-element elementor-element-055ddbc elementor-section-boxed elementor-section-height-default elementor-section-height-default\" data-id=\"055ddbc\" data-element_type=\"section\" data-e-type=\"section\">\n\t\t\t\t\t\t<div class=\"elementor-container elementor-column-gap-default\">\n\t\t\t\t\t<div class=\"elementor-column elementor-col-100 elementor-top-column elementor-element elementor-element-c1f93a2\" data-id=\"c1f93a2\" data-element_type=\"column\" data-e-type=\"column\">\n\t\t\t<div class=\"elementor-widget-wrap elementor-element-populated\">\n\t\t\t\t\t\t<div class=\"elementor-element elementor-element-242dd50 elementor-widget elementor-widget-heading\" data-id=\"242dd50\" data-element_type=\"widget\" data-e-type=\"widget\" data-widget_type=\"heading.default\">\n\t\t\t\t\t<h2 class=\"elementor-heading-title elementor-size-default\">Explore More Puestos<\/h2>\t\t\t\t<\/div>\n\t\t\t\t\t<\/div>\n\t\t<\/div>\n\t\t\t\t\t<\/div>\n\t\t<\/section>\n\t\t\t\t<section data-particle_enable=\"false\" data-particle-mobile-disabled=\"false\" class=\"elementor-section elementor-top-section elementor-element elementor-element-bd39b77 elementor-section-boxed elementor-section-height-default elementor-section-height-default\" data-id=\"bd39b77\" data-element_type=\"section\" data-e-type=\"section\">\n\t\t\t\t\t\t<div class=\"elementor-container elementor-column-gap-default\">\n\t\t\t\t\t<div class=\"elementor-column elementor-col-100 elementor-top-column elementor-element elementor-element-3a6fa96\" data-id=\"3a6fa96\" data-element_type=\"column\" data-e-type=\"column\">\n\t\t\t<div class=\"elementor-widget-wrap elementor-element-populated\">\n\t\t\t\t\t\t<div class=\"elementor-element elementor-element-b9ec887 elementor-grid-3 elementor-grid-tablet-2 elementor-grid-mobile-1 elementor-widget elementor-widget-eael-dynamic-filterable-gallery\" data-id=\"b9ec887\" data-element_type=\"widget\" data-e-type=\"widget\" data-settings=\"{&quot;eael_fg_columns&quot;:&quot;3&quot;,&quot;eael_fg_columns_tablet&quot;:&quot;2&quot;,&quot;eael_fg_columns_mobile&quot;:&quot;1&quot;,&quot;show_load_more&quot;:&quot;false&quot;}\" data-widget_type=\"eael-dynamic-filterable-gallery.default\">\n\t\t\t\t<div class=\"elementor-widget-container\">\n\t\t\t\t\t<div id=\"eael-filter-gallery-wrapper-b9ec887\" class=\"eael-filter-gallery-wrapper\"><div class=\"eael-filter-gallery-container eael-post-appender eael-post-appender-b9ec887 grid eael-cards 3\" data-settings=\"{&quot;item_style&quot;:&quot;eael-cards&quot;,&quot;duration&quot;:500,&quot;layout_mode&quot;:&quot;grid&quot;}\"><div class=\"dynamic-gallery-item puestos\">\n        <div class=\"dynamic-gallery-item-inner\" data-itemid=\" 12665 \"><a href=\"https:\/\/www.northgatemarket.com\/es\/mercado\/puestos\/tacos-los-guichos\"><div class=\"dynamic-gallery-thumbnail\"><img decoding=\"async\" src=\"https:\/\/www.northgatemarket.com\/wp-content\/uploads\/2025\/11\/Tacos-Los-Guichos-768x512.jpg\" alt=\"Tacos Guichos with trompo in the background and a person squeezing lime on the taco\"><\/div><\/a> <div class=\"item-content\"><h2 class=\"title\"><a href=\"https:\/\/www.northgatemarket.com\/es\/mercado\/puestos\/tacos-los-guichos\">Tacos Los Guichos<\/a><\/h2><\/div>\n        <\/div>\n    <\/div><div class=\"dynamic-gallery-item puestos\">\n        <div class=\"dynamic-gallery-item-inner\" data-itemid=\" 12693 \"><a href=\"https:\/\/www.northgatemarket.com\/es\/mercado\/puestos\/guisados-las-cazuelas\"><div class=\"dynamic-gallery-thumbnail\"><img decoding=\"async\" src=\"https:\/\/www.northgatemarket.com\/wp-content\/uploads\/2023\/11\/Guisados_Bueaty_3-768x432.png\" alt=\"Guisados Bueaty 3\"><\/div><\/a> <div class=\"item-content\"><h2 class=\"title\"><a href=\"https:\/\/www.northgatemarket.com\/es\/mercado\/puestos\/guisados-las-cazuelas\">Guisados Las Cazuelas<\/a><\/h2><\/div>\n        <\/div>\n    <\/div><div class=\"dynamic-gallery-item puestos\">\n        <div class=\"dynamic-gallery-item-inner\" data-itemid=\" 12610 \"><a href=\"https:\/\/www.northgatemarket.com\/es\/mercado\/puestos\/aguas-frescas\"><div class=\"dynamic-gallery-thumbnail\"><img decoding=\"async\" src=\"https:\/\/www.northgatemarket.com\/wp-content\/uploads\/2023\/11\/Aguas-2-768x509.jpeg\" alt=\"Aguas 2\"><\/div><\/a> <div class=\"item-content\"><h2 class=\"title\"><a href=\"https:\/\/www.northgatemarket.com\/es\/mercado\/puestos\/aguas-frescas\">Aguas Frescas La Delicias<\/a><\/h2><\/div>\n        <\/div>\n    <\/div><\/div>            <div class=\"eael-load-more-button-wrap dynamic-filter-gallery-loadmore eael-force-hide\">\n                <button class=\"eael-load-more-button\" id=\"eael-load-more-btn-b9ec887\" data-widget-id=\"b9ec887\" data-widget=\"b9ec887\" data-page-id=\"12602\" data-template=\"{&quot;dir&quot;:&quot;pro&quot;,&quot;file_name&quot;:&quot;default.php&quot;,&quot;name&quot;:&quot;Dynamic-Filterable-Gallery&quot;}\" data-class=\"Essential_Addons_Elementor\\Pro\\Elements\\Dynamic_Filterable_Gallery\" data-layout=\"masonry\" data-page=\"1\" data-args=\"orderby=rand&amp;order=desc&amp;ignore_sticky_posts=1&amp;post_status=publish&amp;posts_per_page=3&amp;post_type=any&amp;post__in%5B0%5D=12665&amp;post__in%5B1%5D=12693&amp;post__in%5B2%5D=12610&amp;post__in%5B3%5D=12606&amp;post__in%5B4%5D=12210&amp;post__in%5B5%5D=12657\" data-max-page=\"2\">\n                    <span class=\"eael-btn-loader button__loader\"><\/span>\n                    <span class=\"eael_load_more_text\"><\/span>\n                <\/button>\n            <\/div>\n            <\/div>\t\t\t\t<\/div>\n\t\t\t\t<\/div>\n\t\t\t\t\t<\/div>\n\t\t<\/div>\n\t\t\t\t\t<\/div>\n\t\t<\/section>\n\t\t\t\t<\/div>","protected":false},"excerpt":{"rendered":"<p>Asados Los Mesquites Fire grilled using mesquite, Asados Los Mesquites brings you the zesty flavors of authentic Mexican grilling with your choice of beef, pork, chicken, elote asado and much&hellip; <a class=\"more-link\" href=\"https:\/\/www.northgatemarket.com\/es\/mercado\/puestos\/aguas-frescas\">Continue reading <span class=\"screen-reader-text\">Aguas Frescas La Delicias<\/span><\/a><\/p>","protected":false},"author":18,"featured_media":13007,"parent":12513,"menu_order":0,"comment_status":"closed","ping_status":"closed","template":"elementor_header_footer","meta":{"_acf_changed":false,"footnotes":""},"puestos":[97],"class_list":["post-12602","page","type-page","status-publish","has-post-thumbnail","hentry","puestos-puestos","entry"],"acf":[],"aioseo_notices":[],"_links":{"self":[{"href":"https:\/\/www.northgatemarket.com\/es\/wp-json\/wp\/v2\/pages\/12602","targetHints":{"allow":["GET"]}}],"collection":[{"href":"https:\/\/www.northgatemarket.com\/es\/wp-json\/wp\/v2\/pages"}],"about":[{"href":"https:\/\/www.northgatemarket.com\/es\/wp-json\/wp\/v2\/types\/page"}],"author":[{"embeddable":true,"href":"https:\/\/www.northgatemarket.com\/es\/wp-json\/wp\/v2\/users\/18"}],"replies":[{"embeddable":true,"href":"https:\/\/www.northgatemarket.com\/es\/wp-json\/wp\/v2\/comments?post=12602"}],"version-history":[{"count":23,"href":"https:\/\/www.northgatemarket.com\/es\/wp-json\/wp\/v2\/pages\/12602\/revisions"}],"predecessor-version":[{"id":18654,"href":"https:\/\/www.northgatemarket.com\/es\/wp-json\/wp\/v2\/pages\/12602\/revisions\/18654"}],"up":[{"embeddable":true,"href":"https:\/\/www.northgatemarket.com\/es\/wp-json\/wp\/v2\/pages\/12513"}],"wp:featuredmedia":[{"embeddable":true,"href":"https:\/\/www.northgatemarket.com\/es\/wp-json\/wp\/v2\/media\/13007"}],"wp:attachment":[{"href":"https:\/\/www.northgatemarket.com\/es\/wp-json\/wp\/v2\/media?parent=12602"}],"wp:term":[{"taxonomy":"puestos","embeddable":true,"href":"https:\/\/www.northgatemarket.com\/es\/wp-json\/wp\/v2\/puestos?post=12602"}],"curies":[{"name":"wp","href":"https:\/\/api.w.org\/{rel}","templated":true}]}}