{"id":12606,"date":"2023-11-14T14:22:27","date_gmt":"2023-11-14T22:22:27","guid":{"rendered":"https:\/\/www.northgatemarket.com\/?page_id=12606"},"modified":"2024-07-22T20:05:54","modified_gmt":"2024-07-23T03:05:54","slug":"fruteria-el-puesto","status":"publish","type":"page","link":"https:\/\/www.northgatemarket.com\/es\/mercado\/puestos\/fruteria-el-puesto","title":{"rendered":"Fruteria El Puesto"},"content":{"rendered":"<div data-elementor-type=\"wp-page\" data-elementor-id=\"12606\" class=\"elementor elementor-12606\" data-elementor-post-type=\"page\">\n\t\t\t\t\t\t<section data-particle_enable=\"false\" data-particle-mobile-disabled=\"false\" class=\"elementor-section elementor-top-section elementor-element elementor-element-18e87af elementor-section-full_width elementor-section-height-default elementor-section-height-default\" data-id=\"18e87af\" data-element_type=\"section\" data-e-type=\"section\">\n\t\t\t\t\t\t<div class=\"elementor-container elementor-column-gap-default\">\n\t\t\t\t\t<div class=\"elementor-column elementor-col-33 elementor-top-column elementor-element elementor-element-e909e39\" data-id=\"e909e39\" data-element_type=\"column\" data-e-type=\"column\">\n\t\t\t<div class=\"elementor-widget-wrap elementor-element-populated\">\n\t\t\t\t\t\t<div class=\"elementor-element elementor-element-6107532 eael-image-hotspot-align-centered elementor-widget elementor-widget-eael-image-hotspots\" data-id=\"6107532\" data-element_type=\"widget\" data-e-type=\"widget\" data-widget_type=\"eael-image-hotspots.default\">\n\t\t\t\t<div class=\"elementor-widget-container\">\n\t\t\t\t\t        <div class=\"eael-image-hotspots\">\n            <div class=\"eael-hot-spot-image\">\n                                    <a class=\"eael-hot-spot-wrap elementor-repeater-item-0ee12f4\" data-tooltip-position-global=\"top\" data-link=\"#\" href=\"#\" target=\"_blank\" data-tooltip-position-local=\"\" data-tooltip-size=\"default\" data-tooltip-width=\"\" data-tooltip-animation-speed=\"200\" data-tooltip-animation-delay=\"200\">\n                        <span class=\"eael-hot-spot-inner\">\n                            <span class=\"eael-hotspot-icon-wrap\"><i class=\"eael-hotspot-icon eael-hotspot-tooltip fas fa-plus\"><\/i><\/span>                        <\/span>\n                    <\/a>\n                \n                <img fetchpriority=\"high\" decoding=\"async\" width=\"750\" height=\"450\" src=\"https:\/\/www.northgatemarket.com\/wp-content\/uploads\/2023\/11\/Fruteria-768x461.png\" class=\"attachment-medium_large size-medium_large wp-image-12477\" alt=\"Fruteria\" srcset=\"https:\/\/www.northgatemarket.com\/wp-content\/uploads\/2023\/11\/Fruteria-768x461.png 768w, https:\/\/www.northgatemarket.com\/wp-content\/uploads\/2023\/11\/Fruteria-300x180.png 300w, https:\/\/www.northgatemarket.com\/wp-content\/uploads\/2023\/11\/Fruteria-18x12.png 18w, https:\/\/www.northgatemarket.com\/wp-content\/uploads\/2023\/11\/Fruteria.png 1000w\" sizes=\"(max-width: 750px) 100vw, 750px\" style=\"width:100%;height:60%;max-width:1000px;\" \/>            <\/div>\n        <\/div>\n\t\t\t\t<\/div>\n\t\t\t\t<\/div>\n\t\t\t\t<div class=\"elementor-element elementor-element-c58d4a9 elementor-widget elementor-widget-heading\" data-id=\"c58d4a9\" data-element_type=\"widget\" data-e-type=\"widget\" data-widget_type=\"heading.default\">\n\t\t\t\t\t<h2 class=\"elementor-heading-title elementor-size-default\">Fruter\u00eda El Puesto<\/h2>\t\t\t\t<\/div>\n\t\t\t\t<div class=\"elementor-element elementor-element-62581d8 elementor-widget elementor-widget-text-editor\" data-id=\"62581d8\" data-element_type=\"widget\" data-e-type=\"widget\" data-widget_type=\"text-editor.default\">\n\t\t\t\t\t\t\t\t\t<p>Ya sea que anheles una refrescante taza de bi\u00f3nico adornada con una colorida mezcla de frutas y crema dulce, o un mango fresco con salsa de chamoy, Fruter\u00eda El Puesto te invita a saborear las frutas m\u00e1s frescas de la temporada.<\/p>\t\t\t\t\t\t\t\t<\/div>\n\t\t\t\t\t<\/div>\n\t\t<\/div>\n\t\t\t\t<div class=\"elementor-column elementor-col-66 elementor-top-column elementor-element elementor-element-a6e6d60\" data-id=\"a6e6d60\" data-element_type=\"column\" data-e-type=\"column\">\n\t\t\t<div class=\"elementor-widget-wrap elementor-element-populated\">\n\t\t\t\t\t\t<div class=\"elementor-element elementor-element-2f3bc9d elementor--h-position-center elementor--v-position-middle elementor-pagination-position-inside elementor-widget elementor-widget-slides\" data-id=\"2f3bc9d\" data-element_type=\"widget\" data-e-type=\"widget\" data-settings=\"{&quot;navigation&quot;:&quot;dots&quot;,&quot;transition_speed&quot;:1000,&quot;autoplay&quot;:&quot;yes&quot;,&quot;pause_on_hover&quot;:&quot;yes&quot;,&quot;autoplay_speed&quot;:5000,&quot;infinite&quot;:&quot;yes&quot;,&quot;transition&quot;:&quot;slide&quot;}\" data-widget_type=\"slides.default\">\n\t\t\t\t\t\t\t\t\t\t<div class=\"elementor-slides-wrapper elementor-main-swiper swiper\" role=\"region\" aria-roledescription=\"carousel\" aria-label=\"Slides\" dir=\"ltr\" data-animation=\"fadeInUp\">\n\t\t\t\t<div class=\"swiper-wrapper elementor-slides\">\n\t\t\t\t\t\t\t\t\t\t<div class=\"elementor-repeater-item-a7bde52 swiper-slide\" role=\"group\" aria-roledescription=\"slide\"><div class=\"swiper-slide-bg\" role=\"img\" aria-label=\"Northgate 521 580\"><\/div><div class=\"swiper-slide-inner\" ><div class=\"swiper-slide-contents\"><\/div><\/div><\/div><div class=\"elementor-repeater-item-47832ee swiper-slide\" role=\"group\" aria-roledescription=\"slide\"><div class=\"swiper-slide-bg\" role=\"img\" aria-label=\"shutterstock 2133181477\"><\/div><div class=\"swiper-slide-inner\" ><div class=\"swiper-slide-contents\"><\/div><\/div><\/div>\t\t\t\t<\/div>\n\t\t\t\t\t\t\t\t\t\t\t\t\t\t\t\t\t\t\t\t<div class=\"swiper-pagination\"><\/div>\n\t\t\t\t\t\t\t\t\t\t\t\t<\/div>\n\t\t\t\t\t\t\t\t<\/div>\n\t\t\t\t\t<\/div>\n\t\t<\/div>\n\t\t\t\t\t<\/div>\n\t\t<\/section>\n\t\t\t\t<section data-particle_enable=\"false\" data-particle-mobile-disabled=\"false\" class=\"elementor-section elementor-top-section elementor-element elementor-element-b2c9c2d elementor-section-full_width elementor-section-height-default elementor-section-height-default\" data-id=\"b2c9c2d\" data-element_type=\"section\" data-e-type=\"section\">\n\t\t\t\t\t\t<div class=\"elementor-container elementor-column-gap-default\">\n\t\t\t\t\t<div class=\"elementor-column elementor-col-50 elementor-top-column elementor-element elementor-element-2ac1aa9\" data-id=\"2ac1aa9\" data-element_type=\"column\" data-e-type=\"column\">\n\t\t\t<div class=\"elementor-widget-wrap elementor-element-populated\">\n\t\t\t\t\t\t<div class=\"elementor-element elementor-element-bb03644 elementor-widget elementor-widget-heading\" data-id=\"bb03644\" data-element_type=\"widget\" data-e-type=\"widget\" data-widget_type=\"heading.default\">\n\t\t\t\t\t<h2 class=\"elementor-heading-title elementor-size-default\">PUESTO HIGHLIGHTS<\/h2>\t\t\t\t<\/div>\n\t\t\t\t<div class=\"elementor-element elementor-element-229d536 elementor-align-start elementor-icon-list--layout-traditional elementor-list-item-link-full_width elementor-widget elementor-widget-icon-list\" data-id=\"229d536\" data-element_type=\"widget\" data-e-type=\"widget\" data-widget_type=\"icon-list.default\">\n\t\t\t\t\t\t\t<ul class=\"elementor-icon-list-items\">\n\t\t\t\t\t\t\t<li class=\"elementor-icon-list-item\">\n\t\t\t\t\t\t\t\t\t\t\t<span class=\"elementor-icon-list-icon\">\n\t\t\t\t\t\t\t<i aria-hidden=\"true\" class=\"fas fa-bahai\"><\/i>\t\t\t\t\t\t<\/span>\n\t\t\t\t\t\t\t\t\t\t<span class=\"elementor-icon-list-text\">Indulge in Mexican favorites, such as strawberry with cream &amp; bionicos.<\/span>\n\t\t\t\t\t\t\t\t\t<\/li>\n\t\t\t\t\t\t\t\t<li class=\"elementor-icon-list-item\">\n\t\t\t\t\t\t\t\t\t\t\t<span class=\"elementor-icon-list-icon\">\n\t\t\t\t\t\t\t<i aria-hidden=\"true\" class=\"fas fa-bahai\"><\/i>\t\t\t\t\t\t<\/span>\n\t\t\t\t\t\t\t\t\t\t<span class=\"elementor-icon-list-text\">Tostilocos hechos a la orden, \u00a1no olvides los cueritos! <\/span>\n\t\t\t\t\t\t\t\t\t<\/li>\n\t\t\t\t\t\t\t\t<li class=\"elementor-icon-list-item\">\n\t\t\t\t\t\t\t\t\t\t\t<span class=\"elementor-icon-list-icon\">\n\t\t\t\t\t\t\t<i aria-hidden=\"true\" class=\"fas fa-bahai\"><\/i>\t\t\t\t\t\t<\/span>\n\t\t\t\t\t\t\t\t\t\t<span class=\"elementor-icon-list-text\">Opciones picantes como fruta loca y sand\u00eda con chamoy.<\/span>\n\t\t\t\t\t\t\t\t\t<\/li>\n\t\t\t\t\t\t<\/ul>\n\t\t\t\t\t\t<\/div>\n\t\t\t\t\t<\/div>\n\t\t<\/div>\n\t\t\t\t<div class=\"elementor-column elementor-col-25 elementor-top-column elementor-element elementor-element-07867d3\" data-id=\"07867d3\" data-element_type=\"column\" data-e-type=\"column\" data-settings=\"{&quot;background_background&quot;:&quot;classic&quot;}\">\n\t\t\t<div class=\"elementor-widget-wrap elementor-element-populated\">\n\t\t\t\t\t\t<div class=\"elementor-element elementor-element-9433556 e-transform elementor-widget elementor-widget-spacer\" data-id=\"9433556\" data-element_type=\"widget\" data-e-type=\"widget\" data-settings=\"{&quot;_transform_rotateZ_effect&quot;:{&quot;unit&quot;:&quot;px&quot;,&quot;size&quot;:90,&quot;sizes&quot;:[]},&quot;_transform_rotateZ_effect_mobile&quot;:{&quot;unit&quot;:&quot;deg&quot;,&quot;size&quot;:0,&quot;sizes&quot;:[]},&quot;_transform_rotateZ_effect_tablet&quot;:{&quot;unit&quot;:&quot;deg&quot;,&quot;size&quot;:&quot;&quot;,&quot;sizes&quot;:[]}}\" data-widget_type=\"spacer.default\">\n\t\t\t\t\t\t\t<div class=\"elementor-spacer\">\n\t\t\t<div class=\"elementor-spacer-inner\"><\/div>\n\t\t<\/div>\n\t\t\t\t\t\t<\/div>\n\t\t\t\t\t<\/div>\n\t\t<\/div>\n\t\t\t\t<div class=\"elementor-column elementor-col-25 elementor-top-column elementor-element elementor-element-9934cc1\" data-id=\"9934cc1\" data-element_type=\"column\" data-e-type=\"column\">\n\t\t\t<div class=\"elementor-widget-wrap elementor-element-populated\">\n\t\t\t\t\t\t<div class=\"elementor-element elementor-element-7f2af6e elementor-widget elementor-widget-heading\" data-id=\"7f2af6e\" data-element_type=\"widget\" data-e-type=\"widget\" data-widget_type=\"heading.default\">\n\t\t\t\t\t<h2 class=\"elementor-heading-title elementor-size-default\">Horario en Tienda<\/h2>\t\t\t\t<\/div>\n\t\t\t\t<div class=\"elementor-element elementor-element-0f52abd elementor-widget elementor-widget-text-editor\" data-id=\"0f52abd\" data-element_type=\"widget\" data-e-type=\"widget\" data-widget_type=\"text-editor.default\">\n\t\t\t\t\t\t\t\t\t<p>Domingo - Jueves 7:00 AM \u2013 10:00 PM<\/p><p>Viernes - S\u00e1bado 7:00 AM \u2013 11:00 PM<\/p>\t\t\t\t\t\t\t\t<\/div>\n\t\t\t\t<div class=\"elementor-element elementor-element-efb6b93 elementor-widget elementor-widget-heading\" data-id=\"efb6b93\" data-element_type=\"widget\" data-e-type=\"widget\" data-widget_type=\"heading.default\">\n\t\t\t\t\t<h2 class=\"elementor-heading-title elementor-size-default\">horas en l\u00ednea<\/h2>\t\t\t\t<\/div>\n\t\t\t\t<div class=\"elementor-element elementor-element-b8aaa2b elementor-widget elementor-widget-text-editor\" data-id=\"b8aaa2b\" data-element_type=\"widget\" data-e-type=\"widget\" data-widget_type=\"text-editor.default\">\n\t\t\t\t\t\t\t\t\t<p>Domingo - Jueves 9:00 AM \u2013 9:00 PM<\/p><p>Viernes - S\u00e1bado 9:00 AM \u2013 10:00 PM<\/p>\t\t\t\t\t\t\t\t<\/div>\n\t\t\t\t<div class=\"elementor-element elementor-element-9ca2b39 elementor-widget elementor-widget-image\" data-id=\"9ca2b39\" data-element_type=\"widget\" data-e-type=\"widget\" data-widget_type=\"image.default\">\n\t\t\t\t\t\t\t\t\t\t\t\t\t\t\t<img decoding=\"async\" width=\"201\" height=\"47\" src=\"https:\/\/www.northgatemarket.com\/wp-content\/uploads\/2023\/11\/Mercado-Crown_Element.png\" class=\"attachment-large size-large wp-image-12096\" alt=\"Mercado Crown Element\" srcset=\"https:\/\/www.northgatemarket.com\/wp-content\/uploads\/2023\/11\/Mercado-Crown_Element.png 201w, https:\/\/www.northgatemarket.com\/wp-content\/uploads\/2023\/11\/Mercado-Crown_Element-18x4.png 18w\" sizes=\"(max-width: 201px) 100vw, 201px\" style=\"width:100%;height:23.38%;max-width:201px\" \/>\t\t\t\t\t\t\t\t\t\t\t\t\t\t\t<\/div>\n\t\t\t\t<div class=\"elementor-element elementor-element-d02b57e elementor-align-center elementor-widget elementor-widget-button\" data-id=\"d02b57e\" data-element_type=\"widget\" data-e-type=\"widget\" data-widget_type=\"button.default\">\n\t\t\t\t\t\t\t\t\t\t<a class=\"elementor-button elementor-button-link elementor-size-sm\" href=\"https:\/\/protect-us.mimecast.com\/s\/y9oaCo2voOsP0PWWhzQoaD?domain=northgatemarkets.namer.alohaonlineordering.com\">\n\t\t\t\t\t\t<span class=\"elementor-button-content-wrapper\">\n\t\t\t\t\t\t\t\t\t<span class=\"elementor-button-text\">Ordene aqui<\/span>\n\t\t\t\t\t<\/span>\n\t\t\t\t\t<\/a>\n\t\t\t\t\t\t\t\t<\/div>\n\t\t\t\t\t<\/div>\n\t\t<\/div>\n\t\t\t\t\t<\/div>\n\t\t<\/section>\n\t\t\t\t<section data-particle_enable=\"false\" data-particle-mobile-disabled=\"false\" class=\"elementor-section elementor-top-section elementor-element elementor-element-055ddbc elementor-section-boxed elementor-section-height-default elementor-section-height-default\" data-id=\"055ddbc\" data-element_type=\"section\" data-e-type=\"section\">\n\t\t\t\t\t\t<div class=\"elementor-container elementor-column-gap-default\">\n\t\t\t\t\t<div class=\"elementor-column elementor-col-100 elementor-top-column elementor-element elementor-element-c1f93a2\" data-id=\"c1f93a2\" data-element_type=\"column\" data-e-type=\"column\">\n\t\t\t<div class=\"elementor-widget-wrap elementor-element-populated\">\n\t\t\t\t\t\t<div class=\"elementor-element elementor-element-242dd50 elementor-widget elementor-widget-heading\" data-id=\"242dd50\" data-element_type=\"widget\" data-e-type=\"widget\" data-widget_type=\"heading.default\">\n\t\t\t\t\t<h2 class=\"elementor-heading-title elementor-size-default\">Explore More Puestos<\/h2>\t\t\t\t<\/div>\n\t\t\t\t\t<\/div>\n\t\t<\/div>\n\t\t\t\t\t<\/div>\n\t\t<\/section>\n\t\t\t\t<section data-particle_enable=\"false\" data-particle-mobile-disabled=\"false\" class=\"elementor-section elementor-top-section elementor-element elementor-element-cb4704f elementor-section-boxed elementor-section-height-default elementor-section-height-default\" data-id=\"cb4704f\" data-element_type=\"section\" data-e-type=\"section\">\n\t\t\t\t\t\t<div class=\"elementor-container elementor-column-gap-default\">\n\t\t\t\t\t<div class=\"elementor-column elementor-col-100 elementor-top-column elementor-element elementor-element-90a84b5\" data-id=\"90a84b5\" data-element_type=\"column\" data-e-type=\"column\">\n\t\t\t<div class=\"elementor-widget-wrap elementor-element-populated\">\n\t\t\t\t\t\t<div class=\"elementor-element elementor-element-3f0076c elementor-grid-3 elementor-grid-tablet-2 elementor-grid-mobile-1 elementor-widget elementor-widget-eael-dynamic-filterable-gallery\" data-id=\"3f0076c\" data-element_type=\"widget\" data-e-type=\"widget\" data-settings=\"{&quot;eael_fg_columns&quot;:&quot;3&quot;,&quot;eael_fg_columns_tablet&quot;:&quot;2&quot;,&quot;eael_fg_columns_mobile&quot;:&quot;1&quot;,&quot;show_load_more&quot;:&quot;false&quot;}\" data-widget_type=\"eael-dynamic-filterable-gallery.default\">\n\t\t\t\t<div class=\"elementor-widget-container\">\n\t\t\t\t\t<div id=\"eael-filter-gallery-wrapper-3f0076c\" class=\"eael-filter-gallery-wrapper\"><div class=\"eael-filter-gallery-container eael-post-appender eael-post-appender-3f0076c grid eael-cards 3\" data-settings=\"{&quot;item_style&quot;:&quot;eael-cards&quot;,&quot;duration&quot;:500,&quot;layout_mode&quot;:&quot;grid&quot;}\"><div class=\"dynamic-gallery-item puestos\">\n        <div class=\"dynamic-gallery-item-inner\" data-itemid=\" 12606 \"><a href=\"https:\/\/www.northgatemarket.com\/es\/mercado\/puestos\/fruteria-el-puesto\"><div class=\"dynamic-gallery-thumbnail\"><img decoding=\"async\" src=\"https:\/\/www.northgatemarket.com\/wp-content\/uploads\/2023\/11\/DSC00358-768x552.jpg\" alt=\"DSC00358\"><\/div><\/a> <div class=\"item-content\"><h2 class=\"title\"><a href=\"https:\/\/www.northgatemarket.com\/es\/mercado\/puestos\/fruteria-el-puesto\">Fruteria El Puesto<\/a><\/h2><\/div>\n        <\/div>\n    <\/div><div class=\"dynamic-gallery-item puestos\">\n        <div class=\"dynamic-gallery-item-inner\" data-itemid=\" 12657 \"><a href=\"https:\/\/www.northgatemarket.com\/es\/mercado\/puestos\/chiva-torta\"><div class=\"dynamic-gallery-thumbnail\"><img decoding=\"async\" src=\"https:\/\/www.northgatemarket.com\/wp-content\/uploads\/2023\/11\/CHIVATORTA-17-DSC09647-768x512.jpg\" alt=\"CHIVATORTA 17 DSC09647\"><\/div><\/a> <div class=\"item-content\"><h2 class=\"title\"><a href=\"https:\/\/www.northgatemarket.com\/es\/mercado\/puestos\/chiva-torta\">Chiva Torta<\/a><\/h2><\/div>\n        <\/div>\n    <\/div><div class=\"dynamic-gallery-item puestos\">\n        <div class=\"dynamic-gallery-item-inner\" data-itemid=\" 12665 \"><a href=\"https:\/\/www.northgatemarket.com\/es\/mercado\/puestos\/tacos-los-guichos\"><div class=\"dynamic-gallery-thumbnail\"><img decoding=\"async\" src=\"https:\/\/www.northgatemarket.com\/wp-content\/uploads\/2025\/11\/Tacos-Los-Guichos-768x512.jpg\" alt=\"Tacos Guichos with trompo in the background and a person squeezing lime on the taco\"><\/div><\/a> <div class=\"item-content\"><h2 class=\"title\"><a href=\"https:\/\/www.northgatemarket.com\/es\/mercado\/puestos\/tacos-los-guichos\">Tacos Los Guichos<\/a><\/h2><\/div>\n        <\/div>\n    <\/div><\/div>            <div class=\"eael-load-more-button-wrap dynamic-filter-gallery-loadmore eael-force-hide\">\n                <button class=\"eael-load-more-button\" id=\"eael-load-more-btn-3f0076c\" data-widget-id=\"3f0076c\" data-widget=\"3f0076c\" data-page-id=\"12606\" data-template=\"{&quot;dir&quot;:&quot;pro&quot;,&quot;file_name&quot;:&quot;default.php&quot;,&quot;name&quot;:&quot;Dynamic-Filterable-Gallery&quot;}\" data-class=\"Essential_Addons_Elementor\\Pro\\Elements\\Dynamic_Filterable_Gallery\" data-layout=\"masonry\" data-page=\"1\" data-args=\"orderby=rand&amp;order=desc&amp;ignore_sticky_posts=1&amp;post_status=publish&amp;posts_per_page=3&amp;post_type=any&amp;post__in%5B0%5D=12665&amp;post__in%5B1%5D=12693&amp;post__in%5B2%5D=12610&amp;post__in%5B3%5D=12606&amp;post__in%5B4%5D=12210&amp;post__in%5B5%5D=12657\" data-max-page=\"2\">\n                    <span class=\"eael-btn-loader button__loader\"><\/span>\n                    <span class=\"eael_load_more_text\"><\/span>\n                <\/button>\n            <\/div>\n            <\/div>\t\t\t\t<\/div>\n\t\t\t\t<\/div>\n\t\t\t\t\t<\/div>\n\t\t<\/div>\n\t\t\t\t\t<\/div>\n\t\t<\/section>\n\t\t\t\t<\/div>","protected":false},"excerpt":{"rendered":"<p>Fruter\u00eda El Puesto Whether you crave a refreshing cup of bi\u00f3nico adorned with a colorful medley of fruits and sweet cream, or a fresh mango with tangy chamoy sauce, Fruteria&hellip; <a class=\"more-link\" href=\"https:\/\/www.northgatemarket.com\/es\/mercado\/puestos\/tacos-los-guichos\">Continue reading <span class=\"screen-reader-text\">Tacos Los Guichos<\/span><\/a><\/p>","protected":false},"author":18,"featured_media":14265,"parent":12513,"menu_order":0,"comment_status":"closed","ping_status":"closed","template":"elementor_header_footer","meta":{"_acf_changed":false,"footnotes":""},"puestos":[97],"class_list":["post-12606","page","type-page","status-publish","has-post-thumbnail","hentry","puestos-puestos","entry"],"acf":[],"aioseo_notices":[],"_links":{"self":[{"href":"https:\/\/www.northgatemarket.com\/es\/wp-json\/wp\/v2\/pages\/12606","targetHints":{"allow":["GET"]}}],"collection":[{"href":"https:\/\/www.northgatemarket.com\/es\/wp-json\/wp\/v2\/pages"}],"about":[{"href":"https:\/\/www.northgatemarket.com\/es\/wp-json\/wp\/v2\/types\/page"}],"author":[{"embeddable":true,"href":"https:\/\/www.northgatemarket.com\/es\/wp-json\/wp\/v2\/users\/18"}],"replies":[{"embeddable":true,"href":"https:\/\/www.northgatemarket.com\/es\/wp-json\/wp\/v2\/comments?post=12606"}],"version-history":[{"count":20,"href":"https:\/\/www.northgatemarket.com\/es\/wp-json\/wp\/v2\/pages\/12606\/revisions"}],"predecessor-version":[{"id":15949,"href":"https:\/\/www.northgatemarket.com\/es\/wp-json\/wp\/v2\/pages\/12606\/revisions\/15949"}],"up":[{"embeddable":true,"href":"https:\/\/www.northgatemarket.com\/es\/wp-json\/wp\/v2\/pages\/12513"}],"wp:featuredmedia":[{"embeddable":true,"href":"https:\/\/www.northgatemarket.com\/es\/wp-json\/wp\/v2\/media\/14265"}],"wp:attachment":[{"href":"https:\/\/www.northgatemarket.com\/es\/wp-json\/wp\/v2\/media?parent=12606"}],"wp:term":[{"taxonomy":"puestos","embeddable":true,"href":"https:\/\/www.northgatemarket.com\/es\/wp-json\/wp\/v2\/puestos?post=12606"}],"curies":[{"name":"wp","href":"https:\/\/api.w.org\/{rel}","templated":true}]}}