{"id":12632,"date":"2023-11-14T14:35:54","date_gmt":"2023-11-14T22:35:54","guid":{"rendered":"https:\/\/www.northgatemarket.com\/?page_id=12632"},"modified":"2025-11-10T10:48:31","modified_gmt":"2025-11-10T18:48:31","slug":"carniceria","status":"publish","type":"page","link":"https:\/\/www.northgatemarket.com\/es\/mercado\/puestos\/carniceria","title":{"rendered":"Carniceria La Preferida"},"content":{"rendered":"<div data-elementor-type=\"wp-page\" data-elementor-id=\"12632\" class=\"elementor elementor-12632\" data-elementor-post-type=\"page\">\n\t\t\t\t\t\t<section data-particle_enable=\"false\" data-particle-mobile-disabled=\"false\" class=\"elementor-section elementor-top-section elementor-element elementor-element-40e201d elementor-section-full_width elementor-section-height-default elementor-section-height-default\" data-id=\"40e201d\" data-element_type=\"section\" data-e-type=\"section\">\n\t\t\t\t\t\t<div class=\"elementor-container elementor-column-gap-default\">\n\t\t\t\t\t<div class=\"elementor-column elementor-col-33 elementor-top-column elementor-element elementor-element-ad0d265\" data-id=\"ad0d265\" data-element_type=\"column\" data-e-type=\"column\">\n\t\t\t<div class=\"elementor-widget-wrap elementor-element-populated\">\n\t\t\t\t\t\t<div class=\"elementor-element elementor-element-dff4b86 eael-image-hotspot-align-centered elementor-widget elementor-widget-eael-image-hotspots\" data-id=\"dff4b86\" data-element_type=\"widget\" data-e-type=\"widget\" data-widget_type=\"eael-image-hotspots.default\">\n\t\t\t\t<div class=\"elementor-widget-container\">\n\t\t\t\t\t        <div class=\"eael-image-hotspots\">\n            <div class=\"eael-hot-spot-image\">\n                                    <a class=\"eael-hot-spot-wrap elementor-repeater-item-0ee12f4\" data-tooltip-position-global=\"top\" data-link=\"#\" href=\"#\" target=\"_blank\" data-tooltip-position-local=\"\" data-tooltip-size=\"default\" data-tooltip-width=\"\" data-tooltip-animation-speed=\"200\" data-tooltip-animation-delay=\"200\">\n                        <span class=\"eael-hot-spot-inner\">\n                            <span class=\"eael-hotspot-icon-wrap\"><i class=\"eael-hotspot-icon eael-hotspot-tooltip fas fa-plus\"><\/i><\/span>                        <\/span>\n                    <\/a>\n                \n                <img fetchpriority=\"high\" decoding=\"async\" width=\"750\" height=\"500\" src=\"https:\/\/www.northgatemarket.com\/wp-content\/uploads\/2023\/11\/Carniceria-768x512.png\" class=\"attachment-medium_large size-medium_large wp-image-12482\" alt=\"Carniceria\" srcset=\"https:\/\/www.northgatemarket.com\/wp-content\/uploads\/2023\/11\/Carniceria-768x512.png 768w, https:\/\/www.northgatemarket.com\/wp-content\/uploads\/2023\/11\/Carniceria-300x200.png 300w, https:\/\/www.northgatemarket.com\/wp-content\/uploads\/2023\/11\/Carniceria-1024x683.png 1024w, https:\/\/www.northgatemarket.com\/wp-content\/uploads\/2023\/11\/Carniceria-18x12.png 18w, https:\/\/www.northgatemarket.com\/wp-content\/uploads\/2023\/11\/Carniceria.png 1521w\" sizes=\"(max-width: 750px) 100vw, 750px\" style=\"width:100%;height:66.67%;max-width:1521px;\" \/>            <\/div>\n        <\/div>\n\t\t\t\t<\/div>\n\t\t\t\t<\/div>\n\t\t\t\t<div class=\"elementor-element elementor-element-3dafa09 elementor-widget elementor-widget-heading\" data-id=\"3dafa09\" data-element_type=\"widget\" data-e-type=\"widget\" data-widget_type=\"heading.default\">\n\t\t\t\t\t<h2 class=\"elementor-heading-title elementor-size-default\">Carnicer\u00eda La Prefer\u00edda<\/h2>\t\t\t\t<\/div>\n\t\t\t\t<div class=\"elementor-element elementor-element-671f050 elementor-widget elementor-widget-text-editor\" data-id=\"671f050\" data-element_type=\"widget\" data-e-type=\"widget\" data-widget_type=\"text-editor.default\">\n\t\t\t\t\t\t\t\t\t<p class=\"p1\">En nuestra Carnicer\u00eda, ofrecemos la m\u00e1s alta calidad y siempre estamos listos para entregar los cortes m\u00e1s perfectos de las carnes que desees. Ya sea que prefieras cortes delgados, Angus, alimentado con pasto o marinado, nos enorgullece proporcionarte a ti y a tu familia solo lo mejor.<\/p>\t\t\t\t\t\t\t\t<\/div>\n\t\t\t\t\t<\/div>\n\t\t<\/div>\n\t\t\t\t<div class=\"elementor-column elementor-col-66 elementor-top-column elementor-element elementor-element-4e24362\" data-id=\"4e24362\" data-element_type=\"column\" data-e-type=\"column\">\n\t\t\t<div class=\"elementor-widget-wrap elementor-element-populated\">\n\t\t\t\t\t\t<div class=\"elementor-element elementor-element-3d3ad82 elementor--h-position-center elementor--v-position-middle elementor-pagination-position-inside elementor-widget elementor-widget-slides\" data-id=\"3d3ad82\" data-element_type=\"widget\" data-e-type=\"widget\" data-settings=\"{&quot;navigation&quot;:&quot;dots&quot;,&quot;transition_speed&quot;:1000,&quot;autoplay&quot;:&quot;yes&quot;,&quot;pause_on_hover&quot;:&quot;yes&quot;,&quot;autoplay_speed&quot;:5000,&quot;infinite&quot;:&quot;yes&quot;,&quot;transition&quot;:&quot;slide&quot;}\" data-widget_type=\"slides.default\">\n\t\t\t\t\t\t\t\t\t\t<div class=\"elementor-slides-wrapper elementor-main-swiper swiper\" role=\"region\" aria-roledescription=\"carousel\" aria-label=\"Slides\" dir=\"ltr\" data-animation=\"fadeInUp\">\n\t\t\t\t<div class=\"swiper-wrapper elementor-slides\">\n\t\t\t\t\t\t\t\t\t\t<div class=\"elementor-repeater-item-a7bde52 swiper-slide\" role=\"group\" aria-roledescription=\"slide\"><div class=\"swiper-slide-bg\" role=\"img\" aria-label=\"sergey-kotenev-sV8Cl0_3UcY-unsplash_1_9c38b\"><\/div><div class=\"swiper-slide-inner\" ><div class=\"swiper-slide-contents\"><\/div><\/div><\/div><div class=\"elementor-repeater-item-47832ee swiper-slide\" role=\"group\" aria-roledescription=\"slide\"><div class=\"swiper-slide-bg\" role=\"img\" aria-label=\"Northgate 521 529\"><\/div><div class=\"swiper-slide-inner\" ><div class=\"swiper-slide-contents\"><\/div><\/div><\/div><div class=\"elementor-repeater-item-5628f07 swiper-slide\" role=\"group\" aria-roledescription=\"slide\"><div class=\"swiper-slide-bg\" role=\"img\" aria-label=\"Northgate 521 530\"><\/div><div class=\"swiper-slide-inner\" ><div class=\"swiper-slide-contents\"><\/div><\/div><\/div><div class=\"elementor-repeater-item-7a577c1 swiper-slide\" role=\"group\" aria-roledescription=\"slide\"><div class=\"swiper-slide-bg\" role=\"img\" aria-label=\"Northgate 521 524\"><\/div><div class=\"swiper-slide-inner\" ><div class=\"swiper-slide-contents\"><\/div><\/div><\/div><div class=\"elementor-repeater-item-5da0f79 swiper-slide\" role=\"group\" aria-roledescription=\"slide\"><div class=\"swiper-slide-bg\" role=\"img\" aria-label=\"Northgate 521 237\"><\/div><div class=\"swiper-slide-inner\" ><div class=\"swiper-slide-contents\"><\/div><\/div><\/div>\t\t\t\t<\/div>\n\t\t\t\t\t\t\t\t\t\t\t\t\t\t\t\t\t\t\t\t<div class=\"swiper-pagination\"><\/div>\n\t\t\t\t\t\t\t\t\t\t\t\t<\/div>\n\t\t\t\t\t\t\t\t<\/div>\n\t\t\t\t\t<\/div>\n\t\t<\/div>\n\t\t\t\t\t<\/div>\n\t\t<\/section>\n\t\t\t\t<section data-particle_enable=\"false\" data-particle-mobile-disabled=\"false\" class=\"elementor-section elementor-top-section elementor-element elementor-element-7275fe0 elementor-section-full_width elementor-section-height-default elementor-section-height-default\" data-id=\"7275fe0\" data-element_type=\"section\" data-e-type=\"section\">\n\t\t\t\t\t\t<div class=\"elementor-container elementor-column-gap-default\">\n\t\t\t\t\t<div class=\"elementor-column elementor-col-50 elementor-top-column elementor-element elementor-element-dd6c99d\" data-id=\"dd6c99d\" data-element_type=\"column\" data-e-type=\"column\">\n\t\t\t<div class=\"elementor-widget-wrap elementor-element-populated\">\n\t\t\t\t\t\t<div class=\"elementor-element elementor-element-e140fe9 elementor-widget elementor-widget-heading\" data-id=\"e140fe9\" data-element_type=\"widget\" data-e-type=\"widget\" data-widget_type=\"heading.default\">\n\t\t\t\t\t<h2 class=\"elementor-heading-title elementor-size-default\">PUESTO HIGHLIGHTS<\/h2>\t\t\t\t<\/div>\n\t\t\t\t<div class=\"elementor-element elementor-element-a41d9dc elementor-align-start elementor-icon-list--layout-traditional elementor-list-item-link-full_width elementor-widget elementor-widget-icon-list\" data-id=\"a41d9dc\" data-element_type=\"widget\" data-e-type=\"widget\" data-widget_type=\"icon-list.default\">\n\t\t\t\t\t\t\t<ul class=\"elementor-icon-list-items\">\n\t\t\t\t\t\t\t<li class=\"elementor-icon-list-item\">\n\t\t\t\t\t\t\t\t\t\t\t<span class=\"elementor-icon-list-icon\">\n\t\t\t\t\t\t\t<i aria-hidden=\"true\" class=\"fas fa-bahai\"><\/i>\t\t\t\t\t\t<\/span>\n\t\t\t\t\t\t\t\t\t\t<span class=\"elementor-icon-list-text\">Carnes marinadas \u2013 recetas exclusivas desarrolladas y perfeccionadas por Northgate Market hace m\u00e1s de 30 a\u00f1os.<\/span>\n\t\t\t\t\t\t\t\t\t<\/li>\n\t\t\t\t\t\t\t\t<li class=\"elementor-icon-list-item\">\n\t\t\t\t\t\t\t\t\t\t\t<span class=\"elementor-icon-list-icon\">\n\t\t\t\t\t\t\t<i aria-hidden=\"true\" class=\"fas fa-bahai\"><\/i>\t\t\t\t\t\t<\/span>\n\t\t\t\t\t\t\t\t\t\t<span class=\"elementor-icon-list-text\">Nuestras marinadas son \u00fanicas y est\u00e1n desarrolladas para complementar cada tipo de carne. Siempre mezcladas con vegetales frescos, jugos de frutas, especias y condimentos.<\/span>\n\t\t\t\t\t\t\t\t\t<\/li>\n\t\t\t\t\t\t\t\t<li class=\"elementor-icon-list-item\">\n\t\t\t\t\t\t\t\t\t\t\t<span class=\"elementor-icon-list-icon\">\n\t\t\t\t\t\t\t<i aria-hidden=\"true\" class=\"fas fa-bahai\"><\/i>\t\t\t\t\t\t<\/span>\n\t\t\t\t\t\t\t\t\t\t<span class=\"elementor-icon-list-text\">Chorizo Northgate: 100% cerdo deshuesado y natural. Solo los mejores cortes de carne.<\/span>\n\t\t\t\t\t\t\t\t\t<\/li>\n\t\t\t\t\t\t\t\t<li class=\"elementor-icon-list-item\">\n\t\t\t\t\t\t\t\t\t\t\t<span class=\"elementor-icon-list-icon\">\n\t\t\t\t\t\t\t<i aria-hidden=\"true\" class=\"fas fa-bahai\"><\/i>\t\t\t\t\t\t<\/span>\n\t\t\t\t\t\t\t\t\t\t<span class=\"elementor-icon-list-text\">Cada pieza de carne se corta a mano y se ablanda a mano en la tienda diariamente.<\/span>\n\t\t\t\t\t\t\t\t\t<\/li>\n\t\t\t\t\t\t<\/ul>\n\t\t\t\t\t\t<\/div>\n\t\t\t\t\t<\/div>\n\t\t<\/div>\n\t\t\t\t<div class=\"elementor-column elementor-col-25 elementor-top-column elementor-element elementor-element-0a90874\" data-id=\"0a90874\" data-element_type=\"column\" data-e-type=\"column\" data-settings=\"{&quot;background_background&quot;:&quot;classic&quot;}\">\n\t\t\t<div class=\"elementor-widget-wrap elementor-element-populated\">\n\t\t\t\t\t\t<div class=\"elementor-element elementor-element-4e7b721 e-transform elementor-widget elementor-widget-spacer\" data-id=\"4e7b721\" data-element_type=\"widget\" data-e-type=\"widget\" data-settings=\"{&quot;_transform_rotateZ_effect&quot;:{&quot;unit&quot;:&quot;px&quot;,&quot;size&quot;:90,&quot;sizes&quot;:[]},&quot;_transform_rotateZ_effect_mobile&quot;:{&quot;unit&quot;:&quot;deg&quot;,&quot;size&quot;:0,&quot;sizes&quot;:[]},&quot;_transform_rotateZ_effect_tablet&quot;:{&quot;unit&quot;:&quot;deg&quot;,&quot;size&quot;:&quot;&quot;,&quot;sizes&quot;:[]}}\" data-widget_type=\"spacer.default\">\n\t\t\t\t\t\t\t<div class=\"elementor-spacer\">\n\t\t\t<div class=\"elementor-spacer-inner\"><\/div>\n\t\t<\/div>\n\t\t\t\t\t\t<\/div>\n\t\t\t\t\t<\/div>\n\t\t<\/div>\n\t\t\t\t<div class=\"elementor-column elementor-col-25 elementor-top-column elementor-element elementor-element-46080e0\" data-id=\"46080e0\" data-element_type=\"column\" data-e-type=\"column\">\n\t\t\t<div class=\"elementor-widget-wrap elementor-element-populated\">\n\t\t\t\t\t\t<div class=\"elementor-element elementor-element-9776e93 elementor-widget elementor-widget-heading\" data-id=\"9776e93\" data-element_type=\"widget\" data-e-type=\"widget\" data-widget_type=\"heading.default\">\n\t\t\t\t\t<h2 class=\"elementor-heading-title elementor-size-default\">Horario en Tienda<\/h2>\t\t\t\t<\/div>\n\t\t\t\t<div class=\"elementor-element elementor-element-a2d0b2e elementor-widget elementor-widget-text-editor\" data-id=\"a2d0b2e\" data-element_type=\"widget\" data-e-type=\"widget\" data-widget_type=\"text-editor.default\">\n\t\t\t\t\t\t\t\t\t<p>Domingo - Jueves 6:00 AM - 10:00 PM<\/p><p>Viernes - S\u00e1bado 6:00 AM \u2013 11:00 PM<\/p>\t\t\t\t\t\t\t\t<\/div>\n\t\t\t\t\t<\/div>\n\t\t<\/div>\n\t\t\t\t\t<\/div>\n\t\t<\/section>\n\t\t\t\t<section data-particle_enable=\"false\" data-particle-mobile-disabled=\"false\" class=\"elementor-section elementor-top-section elementor-element elementor-element-8c5f58f elementor-section-full_width elementor-section-height-default elementor-section-height-default\" data-id=\"8c5f58f\" data-element_type=\"section\" data-e-type=\"section\">\n\t\t\t\t\t\t<div class=\"elementor-container elementor-column-gap-default\">\n\t\t\t\t\t<div class=\"elementor-column elementor-col-50 elementor-top-column elementor-element elementor-element-4677e7d\" data-id=\"4677e7d\" data-element_type=\"column\" data-e-type=\"column\">\n\t\t\t<div class=\"elementor-widget-wrap elementor-element-populated\">\n\t\t\t\t\t\t<div class=\"elementor-element elementor-element-af189cc elementor-widget elementor-widget-heading\" data-id=\"af189cc\" data-element_type=\"widget\" data-e-type=\"widget\" data-widget_type=\"heading.default\">\n\t\t\t\t\t<h2 class=\"elementor-heading-title elementor-size-default\">PUESTO HIGHLIGHTS<\/h2>\t\t\t\t<\/div>\n\t\t\t\t<div class=\"elementor-element elementor-element-614f791 elementor-align-start elementor-icon-list--layout-traditional elementor-list-item-link-full_width elementor-widget elementor-widget-icon-list\" data-id=\"614f791\" data-element_type=\"widget\" data-e-type=\"widget\" data-widget_type=\"icon-list.default\">\n\t\t\t\t\t\t\t<ul class=\"elementor-icon-list-items\">\n\t\t\t\t\t\t\t<li class=\"elementor-icon-list-item\">\n\t\t\t\t\t\t\t\t\t\t\t<span class=\"elementor-icon-list-icon\">\n\t\t\t\t\t\t\t<i aria-hidden=\"true\" class=\"fas fa-bahai\"><\/i>\t\t\t\t\t\t<\/span>\n\t\t\t\t\t\t\t\t\t\t<span class=\"elementor-icon-list-text\">Carnes marinadas \u2013 recetas exclusivas desarrolladas y perfeccionadas por Northgate Market hace m\u00e1s de 30 a\u00f1os.<\/span>\n\t\t\t\t\t\t\t\t\t<\/li>\n\t\t\t\t\t\t\t\t<li class=\"elementor-icon-list-item\">\n\t\t\t\t\t\t\t\t\t\t\t<span class=\"elementor-icon-list-icon\">\n\t\t\t\t\t\t\t<i aria-hidden=\"true\" class=\"fas fa-bahai\"><\/i>\t\t\t\t\t\t<\/span>\n\t\t\t\t\t\t\t\t\t\t<span class=\"elementor-icon-list-text\">Nuestras marinadas son \u00fanicas y est\u00e1n desarrolladas para complementar cada tipo de carne. Siempre mezcladas con vegetales frescos, jugos de frutas, especias y condimentos.<\/span>\n\t\t\t\t\t\t\t\t\t<\/li>\n\t\t\t\t\t\t\t\t<li class=\"elementor-icon-list-item\">\n\t\t\t\t\t\t\t\t\t\t\t<span class=\"elementor-icon-list-icon\">\n\t\t\t\t\t\t\t<i aria-hidden=\"true\" class=\"fas fa-bahai\"><\/i>\t\t\t\t\t\t<\/span>\n\t\t\t\t\t\t\t\t\t\t<span class=\"elementor-icon-list-text\">Chorizo Northgate: 100% cerdo deshuesado y natural. Solo los mejores cortes de carne.<\/span>\n\t\t\t\t\t\t\t\t\t<\/li>\n\t\t\t\t\t\t\t\t<li class=\"elementor-icon-list-item\">\n\t\t\t\t\t\t\t\t\t\t\t<span class=\"elementor-icon-list-icon\">\n\t\t\t\t\t\t\t<i aria-hidden=\"true\" class=\"fas fa-bahai\"><\/i>\t\t\t\t\t\t<\/span>\n\t\t\t\t\t\t\t\t\t\t<span class=\"elementor-icon-list-text\">Cada pieza de carne se corta a mano y se ablanda a mano en la tienda diariamente.<\/span>\n\t\t\t\t\t\t\t\t\t<\/li>\n\t\t\t\t\t\t<\/ul>\n\t\t\t\t\t\t<\/div>\n\t\t\t\t\t<\/div>\n\t\t<\/div>\n\t\t\t\t<div class=\"elementor-column elementor-col-25 elementor-top-column elementor-element elementor-element-253de7d\" data-id=\"253de7d\" data-element_type=\"column\" data-e-type=\"column\" data-settings=\"{&quot;background_background&quot;:&quot;classic&quot;}\">\n\t\t\t<div class=\"elementor-widget-wrap elementor-element-populated\">\n\t\t\t\t\t\t<div class=\"elementor-element elementor-element-44ac2e0 e-transform elementor-widget elementor-widget-spacer\" data-id=\"44ac2e0\" data-element_type=\"widget\" data-e-type=\"widget\" data-settings=\"{&quot;_transform_rotateZ_effect&quot;:{&quot;unit&quot;:&quot;px&quot;,&quot;size&quot;:90,&quot;sizes&quot;:[]},&quot;_transform_rotateZ_effect_mobile&quot;:{&quot;unit&quot;:&quot;deg&quot;,&quot;size&quot;:0,&quot;sizes&quot;:[]},&quot;_transform_rotateZ_effect_tablet&quot;:{&quot;unit&quot;:&quot;deg&quot;,&quot;size&quot;:&quot;&quot;,&quot;sizes&quot;:[]}}\" data-widget_type=\"spacer.default\">\n\t\t\t\t\t\t\t<div class=\"elementor-spacer\">\n\t\t\t<div class=\"elementor-spacer-inner\"><\/div>\n\t\t<\/div>\n\t\t\t\t\t\t<\/div>\n\t\t\t\t\t<\/div>\n\t\t<\/div>\n\t\t\t\t<div class=\"elementor-column elementor-col-25 elementor-top-column elementor-element elementor-element-353648a\" data-id=\"353648a\" data-element_type=\"column\" data-e-type=\"column\">\n\t\t\t<div class=\"elementor-widget-wrap elementor-element-populated\">\n\t\t\t\t\t\t<div class=\"elementor-element elementor-element-753e6e0 elementor-widget elementor-widget-heading\" data-id=\"753e6e0\" data-element_type=\"widget\" data-e-type=\"widget\" data-widget_type=\"heading.default\">\n\t\t\t\t\t<h2 class=\"elementor-heading-title elementor-size-default\">Horario en Tienda<\/h2>\t\t\t\t<\/div>\n\t\t\t\t<div class=\"elementor-element elementor-element-365524e elementor-widget elementor-widget-text-editor\" data-id=\"365524e\" data-element_type=\"widget\" data-e-type=\"widget\" data-widget_type=\"text-editor.default\">\n\t\t\t\t\t\t\t\t\t<p>Monday &#8211; Thursday: 8:00 AM &#8211; 9:00 PM<\/p><p>Friday &amp; Saturday: 9:00 AM &#8211; 8:00 PM<\/p><p>Sunday: 9:00 AM &#8211; 7:00 PM<\/p>\t\t\t\t\t\t\t\t<\/div>\n\t\t\t\t\t<\/div>\n\t\t<\/div>\n\t\t\t\t\t<\/div>\n\t\t<\/section>\n\t\t\t\t<section data-particle_enable=\"false\" data-particle-mobile-disabled=\"false\" class=\"elementor-section elementor-top-section elementor-element elementor-element-055ddbc elementor-section-boxed elementor-section-height-default elementor-section-height-default\" data-id=\"055ddbc\" data-element_type=\"section\" data-e-type=\"section\">\n\t\t\t\t\t\t<div class=\"elementor-container elementor-column-gap-default\">\n\t\t\t\t\t<div class=\"elementor-column elementor-col-100 elementor-top-column elementor-element elementor-element-c1f93a2\" data-id=\"c1f93a2\" data-element_type=\"column\" data-e-type=\"column\">\n\t\t\t<div class=\"elementor-widget-wrap elementor-element-populated\">\n\t\t\t\t\t\t<div class=\"elementor-element elementor-element-242dd50 elementor-widget elementor-widget-heading\" data-id=\"242dd50\" data-element_type=\"widget\" data-e-type=\"widget\" data-widget_type=\"heading.default\">\n\t\t\t\t\t<h2 class=\"elementor-heading-title elementor-size-default\">Explore More Puestos<\/h2>\t\t\t\t<\/div>\n\t\t\t\t\t<\/div>\n\t\t<\/div>\n\t\t\t\t\t<\/div>\n\t\t<\/section>\n\t\t\t\t<section data-particle_enable=\"false\" data-particle-mobile-disabled=\"false\" class=\"elementor-section elementor-top-section elementor-element elementor-element-fea5e83 elementor-section-boxed elementor-section-height-default elementor-section-height-default\" data-id=\"fea5e83\" data-element_type=\"section\" data-e-type=\"section\">\n\t\t\t\t\t\t<div class=\"elementor-container elementor-column-gap-default\">\n\t\t\t\t\t<div class=\"elementor-column elementor-col-100 elementor-top-column elementor-element elementor-element-8014bcc\" data-id=\"8014bcc\" data-element_type=\"column\" data-e-type=\"column\">\n\t\t\t<div class=\"elementor-widget-wrap elementor-element-populated\">\n\t\t\t\t\t\t<div class=\"elementor-element elementor-element-06b4c6f elementor-grid-3 elementor-grid-tablet-2 elementor-grid-mobile-1 elementor-widget elementor-widget-eael-dynamic-filterable-gallery\" data-id=\"06b4c6f\" data-element_type=\"widget\" data-e-type=\"widget\" data-settings=\"{&quot;eael_fg_columns&quot;:&quot;3&quot;,&quot;eael_fg_columns_tablet&quot;:&quot;2&quot;,&quot;eael_fg_columns_mobile&quot;:&quot;1&quot;,&quot;show_load_more&quot;:&quot;false&quot;}\" data-widget_type=\"eael-dynamic-filterable-gallery.default\">\n\t\t\t\t<div class=\"elementor-widget-container\">\n\t\t\t\t\t<div id=\"eael-filter-gallery-wrapper-06b4c6f\" class=\"eael-filter-gallery-wrapper\"><div class=\"eael-filter-gallery-container eael-post-appender eael-post-appender-06b4c6f grid eael-cards 3\" data-settings=\"{&quot;item_style&quot;:&quot;eael-cards&quot;,&quot;duration&quot;:500,&quot;layout_mode&quot;:&quot;grid&quot;}\"><div class=\"dynamic-gallery-item puestos\">\n        <div class=\"dynamic-gallery-item-inner\" data-itemid=\" 12657 \"><a href=\"https:\/\/www.northgatemarket.com\/es\/mercado\/puestos\/chiva-torta\"><div class=\"dynamic-gallery-thumbnail\"><img decoding=\"async\" src=\"https:\/\/www.northgatemarket.com\/wp-content\/uploads\/2023\/11\/CHIVATORTA-17-DSC09647-768x512.jpg\" alt=\"CHIVATORTA 17 DSC09647\"><\/div><\/a> <div class=\"item-content\"><h2 class=\"title\"><a href=\"https:\/\/www.northgatemarket.com\/es\/mercado\/puestos\/chiva-torta\">Chiva Torta<\/a><\/h2><\/div>\n        <\/div>\n    <\/div><div class=\"dynamic-gallery-item puestos\">\n        <div class=\"dynamic-gallery-item-inner\" data-itemid=\" 12693 \"><a href=\"https:\/\/www.northgatemarket.com\/es\/mercado\/puestos\/guisados-las-cazuelas\"><div class=\"dynamic-gallery-thumbnail\"><img decoding=\"async\" src=\"https:\/\/www.northgatemarket.com\/wp-content\/uploads\/2023\/11\/Guisados_Bueaty_3-768x432.png\" alt=\"Guisados Bueaty 3\"><\/div><\/a> <div class=\"item-content\"><h2 class=\"title\"><a href=\"https:\/\/www.northgatemarket.com\/es\/mercado\/puestos\/guisados-las-cazuelas\">Guisados Las Cazuelas<\/a><\/h2><\/div>\n        <\/div>\n    <\/div><div class=\"dynamic-gallery-item puestos\">\n        <div class=\"dynamic-gallery-item-inner\" data-itemid=\" 12665 \"><a href=\"https:\/\/www.northgatemarket.com\/es\/mercado\/puestos\/tacos-los-guichos\"><div class=\"dynamic-gallery-thumbnail\"><img decoding=\"async\" src=\"https:\/\/www.northgatemarket.com\/wp-content\/uploads\/2025\/11\/Tacos-Los-Guichos-768x512.jpg\" alt=\"Tacos Guichos with trompo in the background and a person squeezing lime on the taco\"><\/div><\/a> <div class=\"item-content\"><h2 class=\"title\"><a href=\"https:\/\/www.northgatemarket.com\/es\/mercado\/puestos\/tacos-los-guichos\">Tacos Los Guichos<\/a><\/h2><\/div>\n        <\/div>\n    <\/div><\/div>            <div class=\"eael-load-more-button-wrap dynamic-filter-gallery-loadmore eael-force-hide\">\n                <button class=\"eael-load-more-button\" id=\"eael-load-more-btn-06b4c6f\" data-widget-id=\"06b4c6f\" data-widget=\"06b4c6f\" data-page-id=\"12632\" data-template=\"{&quot;dir&quot;:&quot;pro&quot;,&quot;file_name&quot;:&quot;default.php&quot;,&quot;name&quot;:&quot;Dynamic-Filterable-Gallery&quot;}\" data-class=\"Essential_Addons_Elementor\\Pro\\Elements\\Dynamic_Filterable_Gallery\" data-layout=\"masonry\" data-page=\"1\" data-args=\"orderby=rand&amp;order=desc&amp;ignore_sticky_posts=1&amp;post_status=publish&amp;posts_per_page=3&amp;post_type=any&amp;post__in%5B0%5D=12665&amp;post__in%5B1%5D=12693&amp;post__in%5B2%5D=12610&amp;post__in%5B3%5D=12606&amp;post__in%5B4%5D=12210&amp;post__in%5B5%5D=12657\" data-max-page=\"2\">\n                    <span class=\"eael-btn-loader button__loader\"><\/span>\n                    <span class=\"eael_load_more_text\"><\/span>\n                <\/button>\n            <\/div>\n            <\/div>\t\t\t\t<\/div>\n\t\t\t\t<\/div>\n\t\t\t\t\t<\/div>\n\t\t<\/div>\n\t\t\t\t\t<\/div>\n\t\t<\/section>\n\t\t\t\t<\/div>","protected":false},"excerpt":{"rendered":"<p>Carnicer\u00eda La Prefer\u00edda At our Carnicer\u00eda, we offer the highest quality and are always ready to deliver the most perfect cuts of whatever meats you desire. Whether you like thin&hellip; <a class=\"more-link\" href=\"https:\/\/www.northgatemarket.com\/es\/mercado\/puestos\/tacos-los-guichos\">Continue reading <span class=\"screen-reader-text\">Tacos Los Guichos<\/span><\/a><\/p>","protected":false},"author":18,"featured_media":13005,"parent":12513,"menu_order":0,"comment_status":"closed","ping_status":"closed","template":"elementor_header_footer","meta":{"_acf_changed":false,"footnotes":""},"puestos":[97],"class_list":["post-12632","page","type-page","status-publish","has-post-thumbnail","hentry","puestos-puestos","entry"],"acf":[],"aioseo_notices":[],"_links":{"self":[{"href":"https:\/\/www.northgatemarket.com\/es\/wp-json\/wp\/v2\/pages\/12632","targetHints":{"allow":["GET"]}}],"collection":[{"href":"https:\/\/www.northgatemarket.com\/es\/wp-json\/wp\/v2\/pages"}],"about":[{"href":"https:\/\/www.northgatemarket.com\/es\/wp-json\/wp\/v2\/types\/page"}],"author":[{"embeddable":true,"href":"https:\/\/www.northgatemarket.com\/es\/wp-json\/wp\/v2\/users\/18"}],"replies":[{"embeddable":true,"href":"https:\/\/www.northgatemarket.com\/es\/wp-json\/wp\/v2\/comments?post=12632"}],"version-history":[{"count":20,"href":"https:\/\/www.northgatemarket.com\/es\/wp-json\/wp\/v2\/pages\/12632\/revisions"}],"predecessor-version":[{"id":18664,"href":"https:\/\/www.northgatemarket.com\/es\/wp-json\/wp\/v2\/pages\/12632\/revisions\/18664"}],"up":[{"embeddable":true,"href":"https:\/\/www.northgatemarket.com\/es\/wp-json\/wp\/v2\/pages\/12513"}],"wp:featuredmedia":[{"embeddable":true,"href":"https:\/\/www.northgatemarket.com\/es\/wp-json\/wp\/v2\/media\/13005"}],"wp:attachment":[{"href":"https:\/\/www.northgatemarket.com\/es\/wp-json\/wp\/v2\/media?parent=12632"}],"wp:term":[{"taxonomy":"puestos","embeddable":true,"href":"https:\/\/www.northgatemarket.com\/es\/wp-json\/wp\/v2\/puestos?post=12632"}],"curies":[{"name":"wp","href":"https:\/\/api.w.org\/{rel}","templated":true}]}}