{"id":12649,"date":"2023-11-14T14:40:06","date_gmt":"2023-11-14T22:40:06","guid":{"rendered":"https:\/\/www.northgatemarket.com\/?page_id=12649"},"modified":"2026-03-10T09:17:31","modified_gmt":"2026-03-10T16:17:31","slug":"entre-nos-2","status":"publish","type":"page","link":"https:\/\/www.northgatemarket.com\/es\/mercado\/puestos\/entre-nos-2","title":{"rendered":"Entre Nos"},"content":{"rendered":"<div data-elementor-type=\"wp-page\" data-elementor-id=\"12649\" class=\"elementor elementor-12649\" data-elementor-post-type=\"page\">\n\t\t\t\t\t\t<section data-particle_enable=\"false\" data-particle-mobile-disabled=\"false\" class=\"elementor-section elementor-top-section elementor-element elementor-element-27fc2a7 elementor-section-full_width elementor-section-height-default elementor-section-height-default\" data-id=\"27fc2a7\" data-element_type=\"section\" data-e-type=\"section\">\n\t\t\t\t\t\t<div class=\"elementor-container elementor-column-gap-default\">\n\t\t\t\t\t<div class=\"elementor-column elementor-col-33 elementor-top-column elementor-element elementor-element-92ef19c\" data-id=\"92ef19c\" data-element_type=\"column\" data-e-type=\"column\">\n\t\t\t<div class=\"elementor-widget-wrap elementor-element-populated\">\n\t\t\t\t\t\t<div class=\"elementor-element elementor-element-ff82589 eael-image-hotspot-align-centered elementor-widget elementor-widget-eael-image-hotspots\" data-id=\"ff82589\" data-element_type=\"widget\" data-e-type=\"widget\" data-widget_type=\"eael-image-hotspots.default\">\n\t\t\t\t<div class=\"elementor-widget-container\">\n\t\t\t\t\t        <div class=\"eael-image-hotspots\">\n            <div class=\"eael-hot-spot-image\">\n                                    <a class=\"eael-hot-spot-wrap elementor-repeater-item-0ee12f4\" data-tooltip-position-global=\"top\" data-link=\"#\" href=\"#\" target=\"_blank\" data-tooltip-position-local=\"\" data-tooltip-size=\"default\" data-tooltip-width=\"\" data-tooltip-animation-speed=\"200\" data-tooltip-animation-delay=\"200\">\n                        <span class=\"eael-hot-spot-inner\">\n                            <span class=\"eael-hotspot-icon-wrap\"><i class=\"eael-hotspot-icon eael-hotspot-tooltip fas fa-plus\"><\/i><\/span>                        <\/span>\n                    <\/a>\n                \n                <img fetchpriority=\"high\" decoding=\"async\" width=\"546\" height=\"335\" src=\"https:\/\/www.northgatemarket.com\/wp-content\/uploads\/2023\/11\/EntreNos_Logo.png\" class=\"attachment-medium_large size-medium_large wp-image-12485\" alt=\"EntreNos Logo\" srcset=\"https:\/\/www.northgatemarket.com\/wp-content\/uploads\/2023\/11\/EntreNos_Logo.png 546w, https:\/\/www.northgatemarket.com\/wp-content\/uploads\/2023\/11\/EntreNos_Logo-300x184.png 300w, https:\/\/www.northgatemarket.com\/wp-content\/uploads\/2023\/11\/EntreNos_Logo-18x12.png 18w\" sizes=\"(max-width: 546px) 100vw, 546px\" style=\"width:100%;height:61.36%;max-width:546px;\" \/>            <\/div>\n        <\/div>\n\t\t\t\t<\/div>\n\t\t\t\t<\/div>\n\t\t\t\t<div class=\"elementor-element elementor-element-64d9881 elementor-widget elementor-widget-heading\" data-id=\"64d9881\" data-element_type=\"widget\" data-e-type=\"widget\" data-widget_type=\"heading.default\">\n\t\t\t\t\t<h2 class=\"elementor-heading-title elementor-size-default\">Entre Nos Bar &amp; Lounge<\/h2>\t\t\t\t<\/div>\n\t\t\t\t<div class=\"elementor-element elementor-element-f02e2ed elementor-widget elementor-widget-text-editor\" data-id=\"f02e2ed\" data-element_type=\"widget\" data-e-type=\"widget\" data-widget_type=\"text-editor.default\">\n\t\t\t\t\t\t\t\t\t<p>\u00a1Salud! Entre Nos es un vibrante bar ubicado junto a nuestro escenario de m\u00fasica y patio en Mercado Gonzalez, que ofrece Margaritas y Micheladas hechas a mano, junto con un men\u00fa de c\u00f3cteles cuidadosamente curado e inspirado en sabores e ingredientes tradicionales utilizados en todo M\u00e9xico.<\/p>\t\t\t\t\t\t\t\t<\/div>\n\t\t\t\t\t<\/div>\n\t\t<\/div>\n\t\t\t\t<div class=\"elementor-column elementor-col-66 elementor-top-column elementor-element elementor-element-632e05e\" data-id=\"632e05e\" data-element_type=\"column\" data-e-type=\"column\">\n\t\t\t<div class=\"elementor-widget-wrap elementor-element-populated\">\n\t\t\t\t\t\t<div class=\"elementor-element elementor-element-edac90f elementor--h-position-center elementor--v-position-middle elementor-pagination-position-inside elementor-widget elementor-widget-slides\" data-id=\"edac90f\" data-element_type=\"widget\" data-e-type=\"widget\" data-settings=\"{&quot;navigation&quot;:&quot;dots&quot;,&quot;transition_speed&quot;:1000,&quot;autoplay&quot;:&quot;yes&quot;,&quot;pause_on_hover&quot;:&quot;yes&quot;,&quot;autoplay_speed&quot;:5000,&quot;infinite&quot;:&quot;yes&quot;,&quot;transition&quot;:&quot;slide&quot;}\" data-widget_type=\"slides.default\">\n\t\t\t\t\t\t\t\t\t\t<div class=\"elementor-slides-wrapper elementor-main-swiper swiper\" role=\"region\" aria-roledescription=\"carousel\" aria-label=\"Slides\" dir=\"ltr\" data-animation=\"fadeInUp\">\n\t\t\t\t<div class=\"swiper-wrapper elementor-slides\">\n\t\t\t\t\t\t\t\t\t\t<div class=\"elementor-repeater-item-a7bde52 swiper-slide\" role=\"group\" aria-roledescription=\"slide\"><div class=\"swiper-slide-bg\" role=\"img\" aria-label=\"shutterstock 2101691149 scaled\"><\/div><div class=\"swiper-slide-inner\" ><div class=\"swiper-slide-contents\"><\/div><\/div><\/div><div class=\"elementor-repeater-item-47832ee swiper-slide\" role=\"group\" aria-roledescription=\"slide\"><div class=\"swiper-slide-bg\" role=\"img\" aria-label=\"hybrid storytellers tH j 7Ds7gs unsplash\"><\/div><div class=\"swiper-slide-inner\" ><div class=\"swiper-slide-contents\"><\/div><\/div><\/div><div class=\"elementor-repeater-item-9a094e3 swiper-slide\" role=\"group\" aria-roledescription=\"slide\"><div class=\"swiper-slide-bg\" role=\"img\" aria-label=\"david pennington TqvqPyf15 k unsplash 1\"><\/div><div class=\"swiper-slide-inner\" ><div class=\"swiper-slide-contents\"><\/div><\/div><\/div><div class=\"elementor-repeater-item-4177165 swiper-slide\" role=\"group\" aria-roledescription=\"slide\"><div class=\"swiper-slide-bg\" role=\"img\" aria-label=\"MEXOLOGI (4)\"><\/div><div class=\"swiper-slide-inner\" ><div class=\"swiper-slide-contents\"><\/div><\/div><\/div><div class=\"elementor-repeater-item-0d34137 swiper-slide\" role=\"group\" aria-roledescription=\"slide\"><div class=\"swiper-slide-bg\" role=\"img\" aria-label=\"deeliver 4gUpdvA56Wo unsplash\"><\/div><div class=\"swiper-slide-inner\" ><div class=\"swiper-slide-contents\"><\/div><\/div><\/div>\t\t\t\t<\/div>\n\t\t\t\t\t\t\t\t\t\t\t\t\t\t\t\t\t\t\t\t<div class=\"swiper-pagination\"><\/div>\n\t\t\t\t\t\t\t\t\t\t\t\t<\/div>\n\t\t\t\t\t\t\t\t<\/div>\n\t\t\t\t\t<\/div>\n\t\t<\/div>\n\t\t\t\t\t<\/div>\n\t\t<\/section>\n\t\t\t\t<section data-particle_enable=\"false\" data-particle-mobile-disabled=\"false\" class=\"elementor-section elementor-top-section elementor-element elementor-element-75c6137 elementor-section-full_width elementor-section-height-default elementor-section-height-default\" data-id=\"75c6137\" data-element_type=\"section\" data-e-type=\"section\">\n\t\t\t\t\t\t<div class=\"elementor-container elementor-column-gap-default\">\n\t\t\t\t\t<div class=\"elementor-column elementor-col-50 elementor-top-column elementor-element elementor-element-705db35\" data-id=\"705db35\" data-element_type=\"column\" data-e-type=\"column\">\n\t\t\t<div class=\"elementor-widget-wrap elementor-element-populated\">\n\t\t\t\t\t\t<div class=\"elementor-element elementor-element-ac6e6b5 elementor-widget elementor-widget-heading\" data-id=\"ac6e6b5\" data-element_type=\"widget\" data-e-type=\"widget\" data-widget_type=\"heading.default\">\n\t\t\t\t\t<h2 class=\"elementor-heading-title elementor-size-default\">PUESTO HIGHLIGHTS<\/h2>\t\t\t\t<\/div>\n\t\t\t\t<div class=\"elementor-element elementor-element-b74c32d elementor-align-start elementor-icon-list--layout-traditional elementor-list-item-link-full_width elementor-widget elementor-widget-icon-list\" data-id=\"b74c32d\" data-element_type=\"widget\" data-e-type=\"widget\" data-widget_type=\"icon-list.default\">\n\t\t\t\t\t\t\t<ul class=\"elementor-icon-list-items\">\n\t\t\t\t\t\t\t<li class=\"elementor-icon-list-item\">\n\t\t\t\t\t\t\t\t\t\t\t<span class=\"elementor-icon-list-icon\">\n\t\t\t\t\t\t\t<i aria-hidden=\"true\" class=\"fas fa-bahai\"><\/i>\t\t\t\t\t\t<\/span>\n\t\t\t\t\t\t\t\t\t\t<span class=\"elementor-icon-list-text\">\u00a1Dale sabor a tu d\u00eda con una margarita picante, un vuelo especial de tequila o una orden de chips con salsa hecha a mano o guacamole!<\/span>\n\t\t\t\t\t\t\t\t\t<\/li>\n\t\t\t\t\t\t\t\t<li class=\"elementor-icon-list-item\">\n\t\t\t\t\t\t\t\t\t\t\t<span class=\"elementor-icon-list-icon\">\n\t\t\t\t\t\t\t<i aria-hidden=\"true\" class=\"fas fa-bahai\"><\/i>\t\t\t\t\t\t<\/span>\n\t\t\t\t\t\t\t\t\t\t<span class=\"elementor-icon-list-text\">\u00a1Un tequila, por favor! Disfruta de nuestra cuidadosamente seleccionada variedad de tequilas y mezcales con destilados aut\u00e9nticos que no encontrar\u00e1s en cualquier lugar. \u00a1Viaja por M\u00e9xico sin levantarte de tu asiento en la barra!<\/span>\n\t\t\t\t\t\t\t\t\t<\/li>\n\t\t\t\t\t\t\t\t<li class=\"elementor-icon-list-item\">\n\t\t\t\t\t\t\t\t\t\t\t<span class=\"elementor-icon-list-icon\">\n\t\t\t\t\t\t\t<i aria-hidden=\"true\" class=\"fas fa-bahai\"><\/i>\t\t\t\t\t\t<\/span>\n\t\t\t\t\t\t\t\t\t\t<span class=\"elementor-icon-list-text\">\u00a1Acomp\u00e1\u00f1anos para tu pr\u00f3ximo d\u00eda de juego! Con 3 pantallas de TV en la barra y 4 televisores en el patio, trae a tu grupo para disfrutar de un refrescante c\u00f3ctel o mocktail mientras ven los grandes partidos. \u00a1O ven a disfrutar de nuestra incre\u00edble Happy Hora de lunes a viernes y entretenimiento en vivo todos los jueves a domingo!<\/span>\n\t\t\t\t\t\t\t\t\t<\/li>\n\t\t\t\t\t\t<\/ul>\n\t\t\t\t\t\t<\/div>\n\t\t\t\t\t<\/div>\n\t\t<\/div>\n\t\t\t\t<div class=\"elementor-column elementor-col-25 elementor-top-column elementor-element elementor-element-b4e9d15\" data-id=\"b4e9d15\" data-element_type=\"column\" data-e-type=\"column\" data-settings=\"{&quot;background_background&quot;:&quot;classic&quot;}\">\n\t\t\t<div class=\"elementor-widget-wrap elementor-element-populated\">\n\t\t\t\t\t\t<div class=\"elementor-element elementor-element-3ab4047 e-transform elementor-widget elementor-widget-spacer\" data-id=\"3ab4047\" data-element_type=\"widget\" data-e-type=\"widget\" data-settings=\"{&quot;_transform_rotateZ_effect&quot;:{&quot;unit&quot;:&quot;px&quot;,&quot;size&quot;:90,&quot;sizes&quot;:[]},&quot;_transform_rotateZ_effect_mobile&quot;:{&quot;unit&quot;:&quot;deg&quot;,&quot;size&quot;:0,&quot;sizes&quot;:[]},&quot;_transform_rotateZ_effect_tablet&quot;:{&quot;unit&quot;:&quot;deg&quot;,&quot;size&quot;:&quot;&quot;,&quot;sizes&quot;:[]}}\" data-widget_type=\"spacer.default\">\n\t\t\t\t\t\t\t<div class=\"elementor-spacer\">\n\t\t\t<div class=\"elementor-spacer-inner\"><\/div>\n\t\t<\/div>\n\t\t\t\t\t\t<\/div>\n\t\t\t\t\t<\/div>\n\t\t<\/div>\n\t\t\t\t<div class=\"elementor-column elementor-col-25 elementor-top-column elementor-element elementor-element-c4f2f29\" data-id=\"c4f2f29\" data-element_type=\"column\" data-e-type=\"column\">\n\t\t\t<div class=\"elementor-widget-wrap elementor-element-populated\">\n\t\t\t\t\t\t<div class=\"elementor-element elementor-element-c33fec7 elementor-widget elementor-widget-heading\" data-id=\"c33fec7\" data-element_type=\"widget\" data-e-type=\"widget\" data-widget_type=\"heading.default\">\n\t\t\t\t\t<h2 class=\"elementor-heading-title elementor-size-default\">Horario en Tienda<\/h2>\t\t\t\t<\/div>\n\t\t\t\t<div class=\"elementor-element elementor-element-ea85ebd elementor-widget elementor-widget-text-editor\" data-id=\"ea85ebd\" data-element_type=\"widget\" data-e-type=\"widget\" data-widget_type=\"text-editor.default\">\n\t\t\t\t\t\t\t\t\t<p>Domingo - Jueves 10:00 AM \u2013 10:00 PM<\/p><p>Viernes - S\u00e1bado 10:00 AM \u2013 11:00 PM<\/p>\t\t\t\t\t\t\t\t<\/div>\n\t\t\t\t\t<\/div>\n\t\t<\/div>\n\t\t\t\t\t<\/div>\n\t\t<\/section>\n\t\t\t\t<section data-particle_enable=\"false\" data-particle-mobile-disabled=\"false\" class=\"elementor-section elementor-top-section elementor-element elementor-element-055ddbc elementor-section-boxed elementor-section-height-default elementor-section-height-default\" data-id=\"055ddbc\" data-element_type=\"section\" data-e-type=\"section\">\n\t\t\t\t\t\t<div class=\"elementor-container elementor-column-gap-default\">\n\t\t\t\t\t<div class=\"elementor-column elementor-col-100 elementor-top-column elementor-element elementor-element-c1f93a2\" data-id=\"c1f93a2\" data-element_type=\"column\" data-e-type=\"column\">\n\t\t\t<div class=\"elementor-widget-wrap elementor-element-populated\">\n\t\t\t\t\t\t<div class=\"elementor-element elementor-element-242dd50 elementor-widget elementor-widget-heading\" data-id=\"242dd50\" data-element_type=\"widget\" data-e-type=\"widget\" data-widget_type=\"heading.default\">\n\t\t\t\t\t<h2 class=\"elementor-heading-title elementor-size-default\">Explore More Puestos<\/h2>\t\t\t\t<\/div>\n\t\t\t\t\t<\/div>\n\t\t<\/div>\n\t\t\t\t\t<\/div>\n\t\t<\/section>\n\t\t\t\t<section data-particle_enable=\"false\" data-particle-mobile-disabled=\"false\" class=\"elementor-section elementor-top-section elementor-element elementor-element-2d3ab61 elementor-section-boxed elementor-section-height-default elementor-section-height-default\" data-id=\"2d3ab61\" data-element_type=\"section\" data-e-type=\"section\">\n\t\t\t\t\t\t<div class=\"elementor-container elementor-column-gap-default\">\n\t\t\t\t\t<div class=\"elementor-column elementor-col-100 elementor-top-column elementor-element elementor-element-ffffd02\" data-id=\"ffffd02\" data-element_type=\"column\" data-e-type=\"column\">\n\t\t\t<div class=\"elementor-widget-wrap elementor-element-populated\">\n\t\t\t\t\t\t<div class=\"elementor-element elementor-element-282dd1f elementor-grid-3 elementor-grid-tablet-2 elementor-grid-mobile-1 elementor-widget elementor-widget-eael-dynamic-filterable-gallery\" data-id=\"282dd1f\" data-element_type=\"widget\" data-e-type=\"widget\" data-settings=\"{&quot;eael_fg_columns&quot;:&quot;3&quot;,&quot;eael_fg_columns_tablet&quot;:&quot;2&quot;,&quot;eael_fg_columns_mobile&quot;:&quot;1&quot;,&quot;show_load_more&quot;:&quot;false&quot;}\" data-widget_type=\"eael-dynamic-filterable-gallery.default\">\n\t\t\t\t<div class=\"elementor-widget-container\">\n\t\t\t\t\t<div id=\"eael-filter-gallery-wrapper-282dd1f\" class=\"eael-filter-gallery-wrapper\"><div class=\"eael-filter-gallery-container eael-post-appender eael-post-appender-282dd1f grid eael-cards 3\" data-settings=\"{&quot;item_style&quot;:&quot;eael-cards&quot;,&quot;duration&quot;:500,&quot;layout_mode&quot;:&quot;grid&quot;}\"><div class=\"dynamic-gallery-item puestos\">\n        <div class=\"dynamic-gallery-item-inner\" data-itemid=\" 12610 \"><a href=\"https:\/\/www.northgatemarket.com\/es\/mercado\/puestos\/aguas-frescas\"><div class=\"dynamic-gallery-thumbnail\"><img decoding=\"async\" src=\"https:\/\/www.northgatemarket.com\/wp-content\/uploads\/2023\/11\/Aguas-2-768x509.jpeg\" alt=\"Aguas 2\"><\/div><\/a> <div class=\"item-content\"><h2 class=\"title\"><a href=\"https:\/\/www.northgatemarket.com\/es\/mercado\/puestos\/aguas-frescas\">Aguas Frescas La Delicias<\/a><\/h2><\/div>\n        <\/div>\n    <\/div><div class=\"dynamic-gallery-item puestos\">\n        <div class=\"dynamic-gallery-item-inner\" data-itemid=\" 12665 \"><a href=\"https:\/\/www.northgatemarket.com\/es\/mercado\/puestos\/tacos-los-guichos\"><div class=\"dynamic-gallery-thumbnail\"><img decoding=\"async\" src=\"https:\/\/www.northgatemarket.com\/wp-content\/uploads\/2025\/11\/Tacos-Los-Guichos-768x512.jpg\" alt=\"Tacos Guichos with trompo in the background and a person squeezing lime on the taco\"><\/div><\/a> <div class=\"item-content\"><h2 class=\"title\"><a href=\"https:\/\/www.northgatemarket.com\/es\/mercado\/puestos\/tacos-los-guichos\">Tacos Los Guichos<\/a><\/h2><\/div>\n        <\/div>\n    <\/div><div class=\"dynamic-gallery-item puestos\">\n        <div class=\"dynamic-gallery-item-inner\" data-itemid=\" 12657 \"><a href=\"https:\/\/www.northgatemarket.com\/es\/mercado\/puestos\/chiva-torta\"><div class=\"dynamic-gallery-thumbnail\"><img decoding=\"async\" src=\"https:\/\/www.northgatemarket.com\/wp-content\/uploads\/2023\/11\/CHIVATORTA-17-DSC09647-768x512.jpg\" alt=\"CHIVATORTA 17 DSC09647\"><\/div><\/a> <div class=\"item-content\"><h2 class=\"title\"><a href=\"https:\/\/www.northgatemarket.com\/es\/mercado\/puestos\/chiva-torta\">Chiva Torta<\/a><\/h2><\/div>\n        <\/div>\n    <\/div><\/div>            <div class=\"eael-load-more-button-wrap dynamic-filter-gallery-loadmore eael-force-hide\">\n                <button class=\"eael-load-more-button\" id=\"eael-load-more-btn-282dd1f\" data-widget-id=\"282dd1f\" data-widget=\"282dd1f\" data-page-id=\"12649\" data-template=\"{&quot;dir&quot;:&quot;pro&quot;,&quot;file_name&quot;:&quot;default.php&quot;,&quot;name&quot;:&quot;Dynamic-Filterable-Gallery&quot;}\" data-class=\"Essential_Addons_Elementor\\Pro\\Elements\\Dynamic_Filterable_Gallery\" data-layout=\"masonry\" data-page=\"1\" data-args=\"orderby=rand&amp;order=desc&amp;ignore_sticky_posts=1&amp;post_status=publish&amp;posts_per_page=3&amp;post_type=any&amp;post__in%5B0%5D=12665&amp;post__in%5B1%5D=12693&amp;post__in%5B2%5D=12610&amp;post__in%5B3%5D=12606&amp;post__in%5B4%5D=12210&amp;post__in%5B5%5D=12657\" data-max-page=\"2\">\n                    <span class=\"eael-btn-loader button__loader\"><\/span>\n                    <span class=\"eael_load_more_text\"><\/span>\n                <\/button>\n            <\/div>\n            <\/div>\t\t\t\t<\/div>\n\t\t\t\t<\/div>\n\t\t\t\t\t<\/div>\n\t\t<\/div>\n\t\t\t\t\t<\/div>\n\t\t<\/section>\n\t\t\t\t<\/div>","protected":false},"excerpt":{"rendered":"<p>Entre Nos Bar &amp; Lounge \u00a1Salud! Entre Nos is a vibrant bar located next to our music stage &amp; patio at the Mercado Gonzalez featuring hand-crafted Margaritas and Micheladas, along&hellip; <a class=\"more-link\" href=\"https:\/\/www.northgatemarket.com\/es\/mercado\/puestos\/chiva-torta\">Continue reading <span class=\"screen-reader-text\">Chiva Torta<\/span><\/a><\/p>","protected":false},"author":18,"featured_media":12943,"parent":12513,"menu_order":0,"comment_status":"closed","ping_status":"closed","template":"elementor_header_footer","meta":{"_acf_changed":false,"footnotes":""},"puestos":[97],"class_list":["post-12649","page","type-page","status-publish","has-post-thumbnail","hentry","puestos-puestos","entry"],"acf":[],"aioseo_notices":[],"_links":{"self":[{"href":"https:\/\/www.northgatemarket.com\/es\/wp-json\/wp\/v2\/pages\/12649","targetHints":{"allow":["GET"]}}],"collection":[{"href":"https:\/\/www.northgatemarket.com\/es\/wp-json\/wp\/v2\/pages"}],"about":[{"href":"https:\/\/www.northgatemarket.com\/es\/wp-json\/wp\/v2\/types\/page"}],"author":[{"embeddable":true,"href":"https:\/\/www.northgatemarket.com\/es\/wp-json\/wp\/v2\/users\/18"}],"replies":[{"embeddable":true,"href":"https:\/\/www.northgatemarket.com\/es\/wp-json\/wp\/v2\/comments?post=12649"}],"version-history":[{"count":16,"href":"https:\/\/www.northgatemarket.com\/es\/wp-json\/wp\/v2\/pages\/12649\/revisions"}],"predecessor-version":[{"id":18886,"href":"https:\/\/www.northgatemarket.com\/es\/wp-json\/wp\/v2\/pages\/12649\/revisions\/18886"}],"up":[{"embeddable":true,"href":"https:\/\/www.northgatemarket.com\/es\/wp-json\/wp\/v2\/pages\/12513"}],"wp:featuredmedia":[{"embeddable":true,"href":"https:\/\/www.northgatemarket.com\/es\/wp-json\/wp\/v2\/media\/12943"}],"wp:attachment":[{"href":"https:\/\/www.northgatemarket.com\/es\/wp-json\/wp\/v2\/media?parent=12649"}],"wp:term":[{"taxonomy":"puestos","embeddable":true,"href":"https:\/\/www.northgatemarket.com\/es\/wp-json\/wp\/v2\/puestos?post=12649"}],"curies":[{"name":"wp","href":"https:\/\/api.w.org\/{rel}","templated":true}]}}