{"id":12653,"date":"2023-11-14T14:41:13","date_gmt":"2023-11-14T22:41:13","guid":{"rendered":"https:\/\/www.northgatemarket.com\/?page_id=12653"},"modified":"2024-07-22T20:37:45","modified_gmt":"2024-07-23T03:37:45","slug":"churreria-el-moro","status":"publish","type":"page","link":"https:\/\/www.northgatemarket.com\/es\/mercado\/puestos\/churreria-el-moro","title":{"rendered":"Churreria El Moro"},"content":{"rendered":"<div data-elementor-type=\"wp-page\" data-elementor-id=\"12653\" class=\"elementor elementor-12653\" data-elementor-post-type=\"page\">\n\t\t\t\t\t\t<section data-particle_enable=\"false\" data-particle-mobile-disabled=\"false\" class=\"elementor-section elementor-top-section elementor-element elementor-element-acd234b elementor-section-full_width elementor-section-height-default elementor-section-height-default\" data-id=\"acd234b\" data-element_type=\"section\" data-e-type=\"section\">\n\t\t\t\t\t\t<div class=\"elementor-container elementor-column-gap-default\">\n\t\t\t\t\t<div class=\"elementor-column elementor-col-33 elementor-top-column elementor-element elementor-element-2a45ae1\" data-id=\"2a45ae1\" data-element_type=\"column\" data-e-type=\"column\">\n\t\t\t<div class=\"elementor-widget-wrap elementor-element-populated\">\n\t\t\t\t\t\t<div class=\"elementor-element elementor-element-be247a7 eael-image-hotspot-align-centered elementor-widget elementor-widget-eael-image-hotspots\" data-id=\"be247a7\" data-element_type=\"widget\" data-e-type=\"widget\" data-widget_type=\"eael-image-hotspots.default\">\n\t\t\t\t<div class=\"elementor-widget-container\">\n\t\t\t\t\t        <div class=\"eael-image-hotspots\">\n            <div class=\"eael-hot-spot-image\">\n                                    <a class=\"eael-hot-spot-wrap elementor-repeater-item-0ee12f4\" data-tooltip-position-global=\"top\" data-link=\"#\" href=\"#\" target=\"_blank\" data-tooltip-position-local=\"\" data-tooltip-size=\"default\" data-tooltip-width=\"\" data-tooltip-animation-speed=\"200\" data-tooltip-animation-delay=\"200\">\n                        <span class=\"eael-hot-spot-inner\">\n                            <span class=\"eael-hotspot-icon-wrap\"><i class=\"eael-hotspot-icon eael-hotspot-tooltip fas fa-plus\"><\/i><\/span>                        <\/span>\n                    <\/a>\n                \n                <img fetchpriority=\"high\" decoding=\"async\" width=\"750\" height=\"563\" src=\"https:\/\/www.northgatemarket.com\/wp-content\/uploads\/2023\/11\/Churreria_ElMoro_Logo_2-768x576.png\" class=\"attachment-medium_large size-medium_large wp-image-13371\" alt=\"Churreria ElMoro Logo 2\" srcset=\"https:\/\/www.northgatemarket.com\/wp-content\/uploads\/2023\/11\/Churreria_ElMoro_Logo_2-768x576.png 768w, https:\/\/www.northgatemarket.com\/wp-content\/uploads\/2023\/11\/Churreria_ElMoro_Logo_2-300x225.png 300w, https:\/\/www.northgatemarket.com\/wp-content\/uploads\/2023\/11\/Churreria_ElMoro_Logo_2-16x12.png 16w, https:\/\/www.northgatemarket.com\/wp-content\/uploads\/2023\/11\/Churreria_ElMoro_Logo_2.png 1000w\" sizes=\"(max-width: 750px) 100vw, 750px\" style=\"width:100%;height:75%;max-width:1000px;\" \/>            <\/div>\n        <\/div>\n\t\t\t\t<\/div>\n\t\t\t\t<\/div>\n\t\t\t\t<div class=\"elementor-element elementor-element-48cdddb elementor-widget elementor-widget-heading\" data-id=\"48cdddb\" data-element_type=\"widget\" data-e-type=\"widget\" data-widget_type=\"heading.default\">\n\t\t\t\t\t<h2 class=\"elementor-heading-title elementor-size-default\">Churrer\u00eda El Moro<\/h2>\t\t\t\t<\/div>\n\t\t\t\t<div class=\"elementor-element elementor-element-8f352cf elementor-widget elementor-widget-text-editor\" data-id=\"8f352cf\" data-element_type=\"widget\" data-e-type=\"widget\" data-widget_type=\"text-editor.default\">\n\t\t\t\t\t\t\t\t\t<p>Para un antojo a media tarde o un snack nocturno, Churrer\u00eda El Moro est\u00e1 en Mercado Gonz\u00e1lez. Desde churros hechos a la orden y chocolate caliente hasta consuelos y batidos. Desde la Ciudad de M\u00e9xico, desde 1935.<\/p>\t\t\t\t\t\t\t\t<\/div>\n\t\t\t\t\t<\/div>\n\t\t<\/div>\n\t\t\t\t<div class=\"elementor-column elementor-col-66 elementor-top-column elementor-element elementor-element-2092e1c\" data-id=\"2092e1c\" data-element_type=\"column\" data-e-type=\"column\">\n\t\t\t<div class=\"elementor-widget-wrap elementor-element-populated\">\n\t\t\t\t\t\t<div class=\"elementor-element elementor-element-93e47c7 elementor--h-position-center elementor--v-position-middle elementor-pagination-position-inside elementor-widget elementor-widget-slides\" data-id=\"93e47c7\" data-element_type=\"widget\" data-e-type=\"widget\" data-settings=\"{&quot;navigation&quot;:&quot;dots&quot;,&quot;transition_speed&quot;:1000,&quot;autoplay&quot;:&quot;yes&quot;,&quot;pause_on_hover&quot;:&quot;yes&quot;,&quot;autoplay_speed&quot;:5000,&quot;infinite&quot;:&quot;yes&quot;,&quot;transition&quot;:&quot;slide&quot;}\" data-widget_type=\"slides.default\">\n\t\t\t\t\t\t\t\t\t\t<div class=\"elementor-slides-wrapper elementor-main-swiper swiper\" role=\"region\" aria-roledescription=\"carousel\" aria-label=\"Slides\" dir=\"ltr\" data-animation=\"fadeInUp\">\n\t\t\t\t<div class=\"swiper-wrapper elementor-slides\">\n\t\t\t\t\t\t\t\t\t\t<div class=\"elementor-repeater-item-a7bde52 swiper-slide\" role=\"group\" aria-roledescription=\"slide\"><div class=\"swiper-slide-bg\" role=\"img\" aria-label=\"Cocinas Ocultas\"><\/div><div class=\"swiper-slide-inner\" ><div class=\"swiper-slide-contents\"><\/div><\/div><\/div><div class=\"elementor-repeater-item-713f9dd swiper-slide\" role=\"group\" aria-roledescription=\"slide\"><div class=\"swiper-slide-bg\" role=\"img\" aria-label=\"EM38oLtU4AA4gaB\"><\/div><div class=\"swiper-slide-inner\" ><div class=\"swiper-slide-contents\"><\/div><\/div><\/div><div class=\"elementor-repeater-item-9a094e3 swiper-slide\" role=\"group\" aria-roledescription=\"slide\"><div class=\"swiper-slide-bg\" role=\"img\" aria-label=\"Fxj6rRTXsAMaf3P\"><\/div><div class=\"swiper-slide-inner\" ><div class=\"swiper-slide-contents\"><\/div><\/div><\/div><div class=\"elementor-repeater-item-0d34137 swiper-slide\" role=\"group\" aria-roledescription=\"slide\"><div class=\"swiper-slide-bg\" role=\"img\" aria-label=\"E4kDBvrVUAIAmCq\"><\/div><div class=\"swiper-slide-inner\" ><div class=\"swiper-slide-contents\"><\/div><\/div><\/div>\t\t\t\t<\/div>\n\t\t\t\t\t\t\t\t\t\t\t\t\t\t\t\t\t\t\t\t<div class=\"swiper-pagination\"><\/div>\n\t\t\t\t\t\t\t\t\t\t\t\t<\/div>\n\t\t\t\t\t\t\t\t<\/div>\n\t\t\t\t\t<\/div>\n\t\t<\/div>\n\t\t\t\t\t<\/div>\n\t\t<\/section>\n\t\t\t\t<section data-particle_enable=\"false\" data-particle-mobile-disabled=\"false\" class=\"elementor-section elementor-top-section elementor-element elementor-element-cc2d771 elementor-section-full_width elementor-section-height-default elementor-section-height-default\" data-id=\"cc2d771\" data-element_type=\"section\" data-e-type=\"section\">\n\t\t\t\t\t\t<div class=\"elementor-container elementor-column-gap-default\">\n\t\t\t\t\t<div class=\"elementor-column elementor-col-50 elementor-top-column elementor-element elementor-element-a4b5781\" data-id=\"a4b5781\" data-element_type=\"column\" data-e-type=\"column\">\n\t\t\t<div class=\"elementor-widget-wrap elementor-element-populated\">\n\t\t\t\t\t\t<div class=\"elementor-element elementor-element-68f3360 elementor-widget elementor-widget-heading\" data-id=\"68f3360\" data-element_type=\"widget\" data-e-type=\"widget\" data-widget_type=\"heading.default\">\n\t\t\t\t\t<h2 class=\"elementor-heading-title elementor-size-default\">PUESTO HIGHLIGHTS<\/h2>\t\t\t\t<\/div>\n\t\t\t\t<div class=\"elementor-element elementor-element-85e0ee9 elementor-align-start elementor-icon-list--layout-traditional elementor-list-item-link-full_width elementor-widget elementor-widget-icon-list\" data-id=\"85e0ee9\" data-element_type=\"widget\" data-e-type=\"widget\" data-widget_type=\"icon-list.default\">\n\t\t\t\t\t\t\t<ul class=\"elementor-icon-list-items\">\n\t\t\t\t\t\t\t<li class=\"elementor-icon-list-item\">\n\t\t\t\t\t\t\t\t\t\t\t<span class=\"elementor-icon-list-icon\">\n\t\t\t\t\t\t\t<i aria-hidden=\"true\" class=\"fas fa-bahai\"><\/i>\t\t\t\t\t\t<\/span>\n\t\t\t\t\t\t\t\t\t\t<span class=\"elementor-icon-list-text\">\u00bfUnos Moritos? \u00a1S\u00ed, por favor! Bocaditos de churro con el sabor caracter\u00edstico de El Moro.<\/span>\n\t\t\t\t\t\t\t\t\t<\/li>\n\t\t\t\t\t\t\t\t<li class=\"elementor-icon-list-item\">\n\t\t\t\t\t\t\t\t\t\t\t<span class=\"elementor-icon-list-icon\">\n\t\t\t\t\t\t\t<i aria-hidden=\"true\" class=\"fas fa-bahai\"><\/i>\t\t\t\t\t\t<\/span>\n\t\t\t\t\t\t\t\t\t\t<span class=\"elementor-icon-list-text\">Variedad de dips, el complemento perfecto para tu churro.<\/span>\n\t\t\t\t\t\t\t\t\t<\/li>\n\t\t\t\t\t\t\t\t<li class=\"elementor-icon-list-item\">\n\t\t\t\t\t\t\t\t\t\t\t<span class=\"elementor-icon-list-icon\">\n\t\t\t\t\t\t\t<i aria-hidden=\"true\" class=\"fas fa-bahai\"><\/i>\t\t\t\t\t\t<\/span>\n\t\t\t\t\t\t\t\t\t\t<span class=\"elementor-icon-list-text\">Disfruta de un caf\u00e9 de olla o de uno (o todos) de los seis sabores de chocolate caliente: Mexicano, Especial, Vegano, Espa\u00f1ol, Franc\u00e9s y Champurrado.<\/span>\n\t\t\t\t\t\t\t\t\t<\/li>\n\t\t\t\t\t\t<\/ul>\n\t\t\t\t\t\t<\/div>\n\t\t\t\t\t<\/div>\n\t\t<\/div>\n\t\t\t\t<div class=\"elementor-column elementor-col-25 elementor-top-column elementor-element elementor-element-932cb6f\" data-id=\"932cb6f\" data-element_type=\"column\" data-e-type=\"column\" data-settings=\"{&quot;background_background&quot;:&quot;classic&quot;}\">\n\t\t\t<div class=\"elementor-widget-wrap elementor-element-populated\">\n\t\t\t\t\t\t<div class=\"elementor-element elementor-element-6fe250f e-transform elementor-widget elementor-widget-spacer\" data-id=\"6fe250f\" data-element_type=\"widget\" data-e-type=\"widget\" data-settings=\"{&quot;_transform_rotateZ_effect&quot;:{&quot;unit&quot;:&quot;px&quot;,&quot;size&quot;:90,&quot;sizes&quot;:[]},&quot;_transform_rotateZ_effect_mobile&quot;:{&quot;unit&quot;:&quot;deg&quot;,&quot;size&quot;:0,&quot;sizes&quot;:[]},&quot;_transform_rotateZ_effect_tablet&quot;:{&quot;unit&quot;:&quot;deg&quot;,&quot;size&quot;:&quot;&quot;,&quot;sizes&quot;:[]}}\" data-widget_type=\"spacer.default\">\n\t\t\t\t\t\t\t<div class=\"elementor-spacer\">\n\t\t\t<div class=\"elementor-spacer-inner\"><\/div>\n\t\t<\/div>\n\t\t\t\t\t\t<\/div>\n\t\t\t\t\t<\/div>\n\t\t<\/div>\n\t\t\t\t<div class=\"elementor-column elementor-col-25 elementor-top-column elementor-element elementor-element-141095d\" data-id=\"141095d\" data-element_type=\"column\" data-e-type=\"column\">\n\t\t\t<div class=\"elementor-widget-wrap elementor-element-populated\">\n\t\t\t\t\t\t<div class=\"elementor-element elementor-element-847c13f elementor-widget elementor-widget-heading\" data-id=\"847c13f\" data-element_type=\"widget\" data-e-type=\"widget\" data-widget_type=\"heading.default\">\n\t\t\t\t\t<h2 class=\"elementor-heading-title elementor-size-default\">Horario en Tienda<\/h2>\t\t\t\t<\/div>\n\t\t\t\t<div class=\"elementor-element elementor-element-c99ce4b elementor-widget elementor-widget-text-editor\" data-id=\"c99ce4b\" data-element_type=\"widget\" data-e-type=\"widget\" data-widget_type=\"text-editor.default\">\n\t\t\t\t\t\t\t\t\t<p>Domingo - Jueves 6:00 AM - 10:00 PM<\/p><p>Viernes - S\u00e1bado 6:00 AM \u2013 11:00 PM<\/p>\t\t\t\t\t\t\t\t<\/div>\n\t\t\t\t<div class=\"elementor-element elementor-element-cab66f0 elementor-widget elementor-widget-heading\" data-id=\"cab66f0\" data-element_type=\"widget\" data-e-type=\"widget\" data-widget_type=\"heading.default\">\n\t\t\t\t\t<h2 class=\"elementor-heading-title elementor-size-default\">horas en l\u00ednea<\/h2>\t\t\t\t<\/div>\n\t\t\t\t<div class=\"elementor-element elementor-element-af16155 elementor-widget elementor-widget-text-editor\" data-id=\"af16155\" data-element_type=\"widget\" data-e-type=\"widget\" data-widget_type=\"text-editor.default\">\n\t\t\t\t\t\t\t\t\t<p>Domingo - Jueves  6:30 AM \u2013 9:00 PM<\/p><p>Viernes - S\u00e1bado 6:30 AM \u2013 10:00 PM<\/p>\t\t\t\t\t\t\t\t<\/div>\n\t\t\t\t<div class=\"elementor-element elementor-element-214ec08 elementor-widget elementor-widget-image\" data-id=\"214ec08\" data-element_type=\"widget\" data-e-type=\"widget\" data-widget_type=\"image.default\">\n\t\t\t\t\t\t\t\t\t\t\t\t\t\t\t<img decoding=\"async\" width=\"201\" height=\"47\" src=\"https:\/\/www.northgatemarket.com\/wp-content\/uploads\/2023\/11\/Mercado-Crown_Element.png\" class=\"attachment-large size-large wp-image-12096\" alt=\"Mercado Crown Element\" srcset=\"https:\/\/www.northgatemarket.com\/wp-content\/uploads\/2023\/11\/Mercado-Crown_Element.png 201w, https:\/\/www.northgatemarket.com\/wp-content\/uploads\/2023\/11\/Mercado-Crown_Element-18x4.png 18w\" sizes=\"(max-width: 201px) 100vw, 201px\" style=\"width:100%;height:23.38%;max-width:201px\" \/>\t\t\t\t\t\t\t\t\t\t\t\t\t\t\t<\/div>\n\t\t\t\t<div class=\"elementor-element elementor-element-f8dca0e elementor-align-center elementor-widget elementor-widget-button\" data-id=\"f8dca0e\" data-element_type=\"widget\" data-e-type=\"widget\" data-widget_type=\"button.default\">\n\t\t\t\t\t\t\t\t\t\t<a class=\"elementor-button elementor-button-link elementor-size-sm\" href=\"https:\/\/protect-us.mimecast.com\/s\/458ICBB8AnIROR22Cpmc17?domain=northgatemarkets.namer.alohaonlineordering.com\">\n\t\t\t\t\t\t<span class=\"elementor-button-content-wrapper\">\n\t\t\t\t\t\t\t\t\t<span class=\"elementor-button-text\">Ordene aqui<\/span>\n\t\t\t\t\t<\/span>\n\t\t\t\t\t<\/a>\n\t\t\t\t\t\t\t\t<\/div>\n\t\t\t\t\t<\/div>\n\t\t<\/div>\n\t\t\t\t\t<\/div>\n\t\t<\/section>\n\t\t\t\t<section data-particle_enable=\"false\" data-particle-mobile-disabled=\"false\" class=\"elementor-section elementor-top-section elementor-element elementor-element-055ddbc elementor-section-boxed elementor-section-height-default elementor-section-height-default\" data-id=\"055ddbc\" data-element_type=\"section\" data-e-type=\"section\">\n\t\t\t\t\t\t<div class=\"elementor-container elementor-column-gap-default\">\n\t\t\t\t\t<div class=\"elementor-column elementor-col-100 elementor-top-column elementor-element elementor-element-c1f93a2\" data-id=\"c1f93a2\" data-element_type=\"column\" data-e-type=\"column\">\n\t\t\t<div class=\"elementor-widget-wrap elementor-element-populated\">\n\t\t\t\t\t\t<div class=\"elementor-element elementor-element-242dd50 elementor-widget elementor-widget-heading\" data-id=\"242dd50\" data-element_type=\"widget\" data-e-type=\"widget\" data-widget_type=\"heading.default\">\n\t\t\t\t\t<h2 class=\"elementor-heading-title elementor-size-default\">Explore More Puestos<\/h2>\t\t\t\t<\/div>\n\t\t\t\t\t<\/div>\n\t\t<\/div>\n\t\t\t\t\t<\/div>\n\t\t<\/section>\n\t\t\t\t<section data-particle_enable=\"false\" data-particle-mobile-disabled=\"false\" class=\"elementor-section elementor-top-section elementor-element elementor-element-ac9a7a1 elementor-section-boxed elementor-section-height-default elementor-section-height-default\" data-id=\"ac9a7a1\" data-element_type=\"section\" data-e-type=\"section\">\n\t\t\t\t\t\t<div class=\"elementor-container elementor-column-gap-default\">\n\t\t\t\t\t<div class=\"elementor-column elementor-col-100 elementor-top-column elementor-element elementor-element-d0eaa5a\" data-id=\"d0eaa5a\" data-element_type=\"column\" data-e-type=\"column\">\n\t\t\t<div class=\"elementor-widget-wrap elementor-element-populated\">\n\t\t\t\t\t\t<div class=\"elementor-element elementor-element-ec7a392 elementor-grid-3 elementor-grid-tablet-2 elementor-grid-mobile-1 elementor-widget elementor-widget-eael-dynamic-filterable-gallery\" data-id=\"ec7a392\" data-element_type=\"widget\" data-e-type=\"widget\" data-settings=\"{&quot;eael_fg_columns&quot;:&quot;3&quot;,&quot;eael_fg_columns_tablet&quot;:&quot;2&quot;,&quot;eael_fg_columns_mobile&quot;:&quot;1&quot;,&quot;show_load_more&quot;:&quot;false&quot;}\" data-widget_type=\"eael-dynamic-filterable-gallery.default\">\n\t\t\t\t<div class=\"elementor-widget-container\">\n\t\t\t\t\t<div id=\"eael-filter-gallery-wrapper-ec7a392\" class=\"eael-filter-gallery-wrapper\"><div class=\"eael-filter-gallery-container eael-post-appender eael-post-appender-ec7a392 grid eael-cards 3\" data-settings=\"{&quot;item_style&quot;:&quot;eael-cards&quot;,&quot;duration&quot;:500,&quot;layout_mode&quot;:&quot;grid&quot;}\"><div class=\"dynamic-gallery-item puestos\">\n        <div class=\"dynamic-gallery-item-inner\" data-itemid=\" 12657 \"><a href=\"https:\/\/www.northgatemarket.com\/es\/mercado\/puestos\/chiva-torta\"><div class=\"dynamic-gallery-thumbnail\"><img decoding=\"async\" src=\"https:\/\/www.northgatemarket.com\/wp-content\/uploads\/2023\/11\/CHIVATORTA-17-DSC09647-768x512.jpg\" alt=\"CHIVATORTA 17 DSC09647\"><\/div><\/a> <div class=\"item-content\"><h2 class=\"title\"><a href=\"https:\/\/www.northgatemarket.com\/es\/mercado\/puestos\/chiva-torta\">Chiva Torta<\/a><\/h2><\/div>\n        <\/div>\n    <\/div><div class=\"dynamic-gallery-item puestos\">\n        <div class=\"dynamic-gallery-item-inner\" data-itemid=\" 12610 \"><a href=\"https:\/\/www.northgatemarket.com\/es\/mercado\/puestos\/aguas-frescas\"><div class=\"dynamic-gallery-thumbnail\"><img decoding=\"async\" src=\"https:\/\/www.northgatemarket.com\/wp-content\/uploads\/2023\/11\/Aguas-2-768x509.jpeg\" alt=\"Aguas 2\"><\/div><\/a> <div class=\"item-content\"><h2 class=\"title\"><a href=\"https:\/\/www.northgatemarket.com\/es\/mercado\/puestos\/aguas-frescas\">Aguas Frescas La Delicias<\/a><\/h2><\/div>\n        <\/div>\n    <\/div><div class=\"dynamic-gallery-item puestos\">\n        <div class=\"dynamic-gallery-item-inner\" data-itemid=\" 12606 \"><a href=\"https:\/\/www.northgatemarket.com\/es\/mercado\/puestos\/fruteria-el-puesto\"><div class=\"dynamic-gallery-thumbnail\"><img decoding=\"async\" src=\"https:\/\/www.northgatemarket.com\/wp-content\/uploads\/2023\/11\/DSC00358-768x552.jpg\" alt=\"DSC00358\"><\/div><\/a> <div class=\"item-content\"><h2 class=\"title\"><a href=\"https:\/\/www.northgatemarket.com\/es\/mercado\/puestos\/fruteria-el-puesto\">Fruteria El Puesto<\/a><\/h2><\/div>\n        <\/div>\n    <\/div><\/div>            <div class=\"eael-load-more-button-wrap dynamic-filter-gallery-loadmore eael-force-hide\">\n                <button class=\"eael-load-more-button\" id=\"eael-load-more-btn-ec7a392\" data-widget-id=\"ec7a392\" data-widget=\"ec7a392\" data-page-id=\"12653\" data-template=\"{&quot;dir&quot;:&quot;pro&quot;,&quot;file_name&quot;:&quot;default.php&quot;,&quot;name&quot;:&quot;Dynamic-Filterable-Gallery&quot;}\" data-class=\"Essential_Addons_Elementor\\Pro\\Elements\\Dynamic_Filterable_Gallery\" data-layout=\"masonry\" data-page=\"1\" data-args=\"orderby=rand&amp;order=desc&amp;ignore_sticky_posts=1&amp;post_status=publish&amp;posts_per_page=3&amp;post_type=any&amp;post__in%5B0%5D=12665&amp;post__in%5B1%5D=12693&amp;post__in%5B2%5D=12610&amp;post__in%5B3%5D=12606&amp;post__in%5B4%5D=12210&amp;post__in%5B5%5D=12657\" data-max-page=\"2\">\n                    <span class=\"eael-btn-loader button__loader\"><\/span>\n                    <span class=\"eael_load_more_text\"><\/span>\n                <\/button>\n            <\/div>\n            <\/div>\t\t\t\t<\/div>\n\t\t\t\t<\/div>\n\t\t\t\t\t<\/div>\n\t\t<\/div>\n\t\t\t\t\t<\/div>\n\t\t<\/section>\n\t\t\t\t<\/div>","protected":false},"excerpt":{"rendered":"<p>Churrer\u00eda El Moro For a mid-day treat or a late-night snack, Churrer\u00eda El Moro is at Mercado Gonz\u00e1lez. From churros made to order and hot chocolate to consuelos and milkshakes.&hellip; <a class=\"more-link\" href=\"https:\/\/www.northgatemarket.com\/es\/mercado\/puestos\/fruteria-el-puesto\">Continue reading <span class=\"screen-reader-text\">Fruteria El Puesto<\/span><\/a><\/p>","protected":false},"author":18,"featured_media":12927,"parent":12513,"menu_order":0,"comment_status":"closed","ping_status":"closed","template":"elementor_header_footer","meta":{"_acf_changed":false,"footnotes":""},"puestos":[97],"class_list":["post-12653","page","type-page","status-publish","has-post-thumbnail","hentry","puestos-puestos","entry"],"acf":[],"aioseo_notices":[],"_links":{"self":[{"href":"https:\/\/www.northgatemarket.com\/es\/wp-json\/wp\/v2\/pages\/12653","targetHints":{"allow":["GET"]}}],"collection":[{"href":"https:\/\/www.northgatemarket.com\/es\/wp-json\/wp\/v2\/pages"}],"about":[{"href":"https:\/\/www.northgatemarket.com\/es\/wp-json\/wp\/v2\/types\/page"}],"author":[{"embeddable":true,"href":"https:\/\/www.northgatemarket.com\/es\/wp-json\/wp\/v2\/users\/18"}],"replies":[{"embeddable":true,"href":"https:\/\/www.northgatemarket.com\/es\/wp-json\/wp\/v2\/comments?post=12653"}],"version-history":[{"count":20,"href":"https:\/\/www.northgatemarket.com\/es\/wp-json\/wp\/v2\/pages\/12653\/revisions"}],"predecessor-version":[{"id":15965,"href":"https:\/\/www.northgatemarket.com\/es\/wp-json\/wp\/v2\/pages\/12653\/revisions\/15965"}],"up":[{"embeddable":true,"href":"https:\/\/www.northgatemarket.com\/es\/wp-json\/wp\/v2\/pages\/12513"}],"wp:featuredmedia":[{"embeddable":true,"href":"https:\/\/www.northgatemarket.com\/es\/wp-json\/wp\/v2\/media\/12927"}],"wp:attachment":[{"href":"https:\/\/www.northgatemarket.com\/es\/wp-json\/wp\/v2\/media?parent=12653"}],"wp:term":[{"taxonomy":"puestos","embeddable":true,"href":"https:\/\/www.northgatemarket.com\/es\/wp-json\/wp\/v2\/puestos?post=12653"}],"curies":[{"name":"wp","href":"https:\/\/api.w.org\/{rel}","templated":true}]}}