{"id":16872,"date":"2025-01-17T13:11:53","date_gmt":"2025-01-17T21:11:53","guid":{"rendered":"https:\/\/www.northgatemarket.com\/?page_id=16872"},"modified":"2025-07-25T12:13:06","modified_gmt":"2025-07-25T19:13:06","slug":"mi-familia-terms","status":"publish","type":"page","link":"https:\/\/www.northgatemarket.com\/es\/mi-familia-terms","title":{"rendered":"Mi Familia Terms"},"content":{"rendered":"<div data-elementor-type=\"wp-page\" data-elementor-id=\"16872\" class=\"elementor elementor-16872\" data-elementor-post-type=\"page\">\n\t\t\t\t\t\t<section data-particle_enable=\"false\" data-particle-mobile-disabled=\"false\" class=\"elementor-section elementor-top-section elementor-element elementor-element-1c76eef elementor-section-full_width elementor-section-height-min-height elementor-section-height-default elementor-section-items-middle\" data-id=\"1c76eef\" data-element_type=\"section\" data-e-type=\"section\">\n\t\t\t\t\t\t<div class=\"elementor-container elementor-column-gap-default\">\n\t\t\t\t\t<div class=\"elementor-column elementor-col-100 elementor-top-column elementor-element elementor-element-c625825\" data-id=\"c625825\" data-element_type=\"column\" data-e-type=\"column\">\n\t\t\t<div class=\"elementor-widget-wrap elementor-element-populated\">\n\t\t\t\t\t\t<div class=\"elementor-element elementor-element-26c4d49 elementor-widget elementor-widget-heading\" data-id=\"26c4d49\" data-element_type=\"widget\" data-e-type=\"widget\" data-widget_type=\"heading.default\">\n\t\t\t\t\t<h2 class=\"elementor-heading-title elementor-size-default\">Mi Familia <br> Digital Check <br>Cashing Coupons<\/h2>\t\t\t\t<\/div>\n\t\t\t\t<div class=\"elementor-element elementor-element-0d4b08d elementor-widget elementor-widget-text-editor\" data-id=\"0d4b08d\" data-element_type=\"widget\" data-e-type=\"widget\" data-widget_type=\"text-editor.default\">\n\t\t\t\t\t\t\t\t\t<p>T\u00e9rminos y Condiciones<\/p>\t\t\t\t\t\t\t\t<\/div>\n\t\t\t\t\t<\/div>\n\t\t<\/div>\n\t\t\t\t\t<\/div>\n\t\t<\/section>\n\t\t\t\t<section data-particle_enable=\"false\" data-particle-mobile-disabled=\"false\" class=\"elementor-section elementor-top-section elementor-element elementor-element-f792101 elementor-section-boxed elementor-section-height-default elementor-section-height-default\" data-id=\"f792101\" data-element_type=\"section\" data-e-type=\"section\">\n\t\t\t\t\t\t<div class=\"elementor-container elementor-column-gap-default\">\n\t\t\t\t\t<div class=\"elementor-column elementor-col-100 elementor-top-column elementor-element elementor-element-ae405ea\" data-id=\"ae405ea\" data-element_type=\"column\" data-e-type=\"column\">\n\t\t\t<div class=\"elementor-widget-wrap elementor-element-populated\">\n\t\t\t\t\t\t<div class=\"elementor-element elementor-element-2ececd2 elementor-widget elementor-widget-text-editor\" data-id=\"2ececd2\" data-element_type=\"widget\" data-e-type=\"widget\" data-widget_type=\"text-editor.default\">\n\t\t\t\t\t\t\t\t\t<p>\u00a1Disfruta usando tus Cupones de Cambio de Cheques Mi Familia Digital! Aqu\u00ed tienes una gu\u00eda simplificada para ayudarte a entender los t\u00e9rminos y condiciones.<\/p>\t\t\t\t\t\t\t\t<\/div>\n\t\t\t\t\t<\/div>\n\t\t<\/div>\n\t\t\t\t\t<\/div>\n\t\t<\/section>\n\t\t\t\t<section data-particle_enable=\"false\" data-particle-mobile-disabled=\"false\" class=\"elementor-section elementor-top-section elementor-element elementor-element-b274734 elementor-section-boxed elementor-section-height-default elementor-section-height-default\" data-id=\"b274734\" data-element_type=\"section\" data-e-type=\"section\">\n\t\t\t\t\t\t<div class=\"elementor-container elementor-column-gap-default\">\n\t\t\t\t\t<div class=\"elementor-column elementor-col-100 elementor-top-column elementor-element elementor-element-452b7ae\" data-id=\"452b7ae\" data-element_type=\"column\" data-e-type=\"column\">\n\t\t\t<div class=\"elementor-widget-wrap elementor-element-populated\">\n\t\t\t\t\t\t<div class=\"elementor-element elementor-element-7e47371 elementor-widget elementor-widget-text-editor\" data-id=\"7e47371\" data-element_type=\"widget\" data-e-type=\"widget\" data-widget_type=\"text-editor.default\">\n\t\t\t\t\t\t\t\t\t<p><strong>\u00bfPara Qu\u00e9 Pueden Usarse Mis Cupones Digitales?<\/strong><\/p><p>Los cupones digitales de Mi Familia para cambio de cheques pueden usarse para todos los productos, excepto los siguientes art\u00edculos excluidos:<\/p><p>No se aplican a:<\/p><ul><li>Alcohol, incluyendo cerveza, vino, licor y bebidas alcoh\u00f3licas<\/li><li>Leche fluida<\/li><li>Tarjetas de regalo<\/li><li>Tabaco<\/li><li>Tarifas de bolsas<\/li><li>Impuestos, dep\u00f3sitos CRV, tarifas de env\u00edo u otros productos legalmente restringidos<\/li><\/ul><p>\u00a0<\/p><p><strong>\u00bfCu\u00e1ndo Expiran Mis Cupones Digitales?<\/strong><\/p><p>Los cupones digitales de cambio de cheques son v\u00e1lidos por un a\u00f1o desde la fecha de emisi\u00f3n. Si tienes varios cupones, el sistema canjear\u00e1 autom\u00e1ticamente el cup\u00f3n m\u00e1s antiguo primero.<\/p><p>\u00a0<\/p><p><strong>\u00bfCu\u00e1ntas Veces Puedo Usar Mis Cupones Digitales? <\/strong><\/p><p>Cada cup\u00f3n digital de cambio de cheques puede usarse solo una vez.<\/p><p>\u00a0<\/p><p><strong>\u00bfCu\u00e1ntas tarjetas de cupones digitales puedo usar en el momento de la compra?<\/strong><\/p><p>Solo se puede usar una tarjeta de cup\u00f3n digital por transacci\u00f3n.<\/p><p>\u00a0<\/p><p><strong>\u00bfQui\u00e9n Puede Usar Mis Cupones Digitales? <\/strong><\/p><p>Los cupones son para tu uso personal \u00fanicamente. No pueden compartirse, venderse ni intercambiarse por dinero en efectivo u otros productos\/servicios.<\/p><p>\u00a0<\/p><p><strong>\u00bfD\u00f3nde Puedo Usar Mis Cupones Digitales? <\/strong><\/p><p>Puedes usar tus cupones digitales de cambio de cheques solo en tiendas en las cajas registradoras de cualquier Northgate Gonzalez Market.\nLos cupones no pueden usarse con DoorDash, Instacart u otros servicios de compras sustitutos.<\/p><p>\u00a0<\/p><p><strong>\u00bfNecesito Gastar un Monto M\u00ednimo? <\/strong><\/p><p>\u00a1S\u00ed! Puedes usar un cup\u00f3n digital de cambio de cheques por cada $10 gastados en productos elegibles. Ten en cuenta que los art\u00edculos excluidos no cuentan para el total.<\/p><p>\u00a0<\/p><p><strong>\u00bfMis Cupones Digitales Tienen Restricciones Adicionales? <\/strong><\/p><p>Los cupones no pueden combinarse con otras ofertas o descuentos, a menos que se indique lo contrario. Los cupones no pueden usarse para compras anteriores o despu\u00e9s de que se haya completado una compra.<\/p><p>\u00a0<\/p><p><strong>\u00bfQu\u00e9 Sucede si Mis Cupones Digitales se Pierden o Son Robados? <\/strong><\/p><p>No nos hacemos responsables por la p\u00e9rdida, robo o uso no autorizado de los cupones digitales de cambio de cheques. El valor de los cupones no puede ser restaurado.\n\nSi tienes problemas, notif\u00edcanos dentro de los 30 d\u00edas posteriores al incidente.<\/p><p>\u00a0<\/p><p><strong>\u00bfPuedo solicitar una tarjeta de reemplazo?<\/strong><br \/>Si su tarjeta de cupones se pierde, se la roban o se da\u00f1a, puede solicitar una tarjeta de reemplazo por una tarifa de servicio no reembolsable de \\$1.99 (esta tarifa cubre los gastos incurridos en el procesamiento y la emisi\u00f3n de una tarjeta de reemplazo). La aprobaci\u00f3n est\u00e1 sujeta a verificaci\u00f3n y a nuestra discreci\u00f3n. Las ofertas v\u00e1lidas y no utilizadas pueden transferirse si son elegibles.<\/p><p>\u00a0<\/p><p><strong>\u00bfMis Cupones Digitales Tienen un Valor en Efectivo?<\/strong><\/p><p>Los cupones no pueden comprarse ni intercambiarse por dinero en efectivo. Las porciones no utilizadas de los cupones no ser\u00e1n reembolsadas ni acreditadas.<\/p><p>\u00a0<\/p><p><strong>Prevenci\u00f3n del Uso Indebido<\/strong><\/p><p>Para garantizar la equidad, los intentos de alterar, duplicar o hacer mal uso de los cupones resultar\u00e1n en:\n\nLa anulaci\u00f3n de los cupones\nLa anulaci\u00f3n de la tarjeta Mi Familia\nSi se sospecha actividad fraudulenta, nos reservamos el derecho de cancelar o rechazar la tarjeta.<\/p><p>\u00a0<\/p><p><strong>Reembolsos y Devoluciones<\/strong><\/p><p>Si devuelves art\u00edculos comprados con un cup\u00f3n, el valor del cup\u00f3n no ser\u00e1 reembolsado ni acreditado. Los reembolsos se basar\u00e1n en el monto pagado despu\u00e9s de aplicar el cup\u00f3n.<\/p><p>\u00a0<\/p><p><strong>Cambios y Terminaci\u00f3n del Programa <\/strong><\/p><p>Northgate Gonzalez Market puede actualizar, cambiar o terminar el programa de cupones digitales de cambio de cheques de Mi Familia y sus t\u00e9rminos en cualquier momento y sin previo aviso.<\/p><p>\u00a0<\/p><p><strong>\u00bfNecesitas Asistencia Adicional? <\/strong><\/p><p>\u00a1Estamos aqu\u00ed para ayudarte!<\/p><p>Ll\u00e1manos: (833) 812-7460<\/p><p>Env\u00edanos un correo: FinancialCare@northgatemarkets.com<\/p><p>Vis\u00edtanos: Pasa por tu tienda local de Northgate Gonzalez Market<\/p><p>\u00a1Gracias por comprar con nosotros!<\/p><p>Esperamos que disfrutes de tus Cupones de Cambio de Cheques Digitales proporcionados con tu Tarjeta Mi Familia.<\/p>\t\t\t\t\t\t\t\t<\/div>\n\t\t\t\t\t<\/div>\n\t\t<\/div>\n\t\t\t\t\t<\/div>\n\t\t<\/section>\n\t\t\t\t<\/div>","protected":false},"excerpt":{"rendered":"<p>Mi Familia Digital Check Cashing Coupons Terms and conditions Enjoy using your Mi Familia Digital Check Cashing Coupons! Here&#8217;s a simplified guide to help you understand the terms and conditions.&hellip; <a class=\"more-link\" href=\"https:\/\/www.northgatemarket.com\/es\/mi-familia-terms\">Continue reading <span class=\"screen-reader-text\">Mi Familia Terms<\/span><\/a><\/p>","protected":false},"author":16,"featured_media":0,"parent":0,"menu_order":0,"comment_status":"closed","ping_status":"closed","template":"elementor_header_footer","meta":{"_acf_changed":false,"footnotes":""},"puestos":[],"class_list":["post-16872","page","type-page","status-publish","hentry","entry"],"acf":[],"aioseo_notices":[],"_links":{"self":[{"href":"https:\/\/www.northgatemarket.com\/es\/wp-json\/wp\/v2\/pages\/16872","targetHints":{"allow":["GET"]}}],"collection":[{"href":"https:\/\/www.northgatemarket.com\/es\/wp-json\/wp\/v2\/pages"}],"about":[{"href":"https:\/\/www.northgatemarket.com\/es\/wp-json\/wp\/v2\/types\/page"}],"author":[{"embeddable":true,"href":"https:\/\/www.northgatemarket.com\/es\/wp-json\/wp\/v2\/users\/16"}],"replies":[{"embeddable":true,"href":"https:\/\/www.northgatemarket.com\/es\/wp-json\/wp\/v2\/comments?post=16872"}],"version-history":[{"count":32,"href":"https:\/\/www.northgatemarket.com\/es\/wp-json\/wp\/v2\/pages\/16872\/revisions"}],"predecessor-version":[{"id":18134,"href":"https:\/\/www.northgatemarket.com\/es\/wp-json\/wp\/v2\/pages\/16872\/revisions\/18134"}],"wp:attachment":[{"href":"https:\/\/www.northgatemarket.com\/es\/wp-json\/wp\/v2\/media?parent=16872"}],"wp:term":[{"taxonomy":"puestos","embeddable":true,"href":"https:\/\/www.northgatemarket.com\/es\/wp-json\/wp\/v2\/puestos?post=16872"}],"curies":[{"name":"wp","href":"https:\/\/api.w.org\/{rel}","templated":true}]}}