{"id":18501,"date":"2025-11-03T23:04:32","date_gmt":"2025-11-04T07:04:32","guid":{"rendered":"https:\/\/www.northgatemarket.com\/?page_id=18501"},"modified":"2025-11-07T12:43:01","modified_gmt":"2025-11-07T20:43:01","slug":"lynwood-grand-opening","status":"publish","type":"page","link":"https:\/\/www.northgatemarket.com\/es\/lynwood-grand-opening","title":{"rendered":"Lynwood Grand Opening"},"content":{"rendered":"<div data-elementor-type=\"wp-page\" data-elementor-id=\"18501\" class=\"elementor elementor-18501\" data-elementor-post-type=\"page\">\n\t\t\t\t\t\t<section data-particle_enable=\"false\" data-particle-mobile-disabled=\"false\" class=\"elementor-section elementor-top-section elementor-element elementor-element-dacbf78 elementor-section-full_width elementor-section-height-min-height elementor-hidden-mobile elementor-section-height-default elementor-section-items-middle\" data-id=\"dacbf78\" data-element_type=\"section\" data-e-type=\"section\">\n\t\t\t\t\t\t<div class=\"elementor-container elementor-column-gap-no\">\n\t\t\t\t\t<div class=\"elementor-column elementor-col-100 elementor-top-column elementor-element elementor-element-b676cc7\" data-id=\"b676cc7\" data-element_type=\"column\" data-e-type=\"column\">\n\t\t\t<div class=\"elementor-widget-wrap elementor-element-populated\">\n\t\t\t\t\t\t<div class=\"elementor-element elementor-element-73e1363 elementor--h-position-left elementor--v-position-middle elementor-widget elementor-widget-slides\" data-id=\"73e1363\" data-element_type=\"widget\" data-e-type=\"widget\" data-settings=\"{&quot;navigation&quot;:&quot;none&quot;,&quot;transition&quot;:&quot;fade&quot;,&quot;autoplay&quot;:&quot;yes&quot;,&quot;pause_on_hover&quot;:&quot;yes&quot;,&quot;pause_on_interaction&quot;:&quot;yes&quot;,&quot;autoplay_speed&quot;:5000,&quot;infinite&quot;:&quot;yes&quot;,&quot;transition_speed&quot;:500}\" data-widget_type=\"slides.default\">\n\t\t\t\t\t\t\t\t\t\t<div class=\"elementor-slides-wrapper elementor-main-swiper swiper\" role=\"region\" aria-roledescription=\"carousel\" aria-label=\"Slides\" dir=\"ltr\" data-animation=\"\">\n\t\t\t\t<div class=\"swiper-wrapper elementor-slides\">\n\t\t\t\t\t\t\t\t\t\t<div class=\"elementor-repeater-item-24ace5d swiper-slide\" role=\"group\" aria-roledescription=\"slide\"><div class=\"swiper-slide-bg\" role=\"img\" aria-label=\"Illustration of Northgate Market storefront with cars in parking lot, and customers walking in and out of store.\"><\/div><div class=\"swiper-slide-inner\" ><div class=\"swiper-slide-contents\"><div class=\"elementor-slide-heading\">\u00a1GRAN APERTURA EN LYNWOOD!<\/div><div class=\"elementor-slide-description\">\u00a1La espera casi termina! Nuestro nuevo Northgate Gonz\u00e1lez Market en Lynwood est\u00e1 lleno de los aut\u00e9nticos sabores de M\u00e9xico: tamales, pan dulce, tortillas y carne asada preparados frescos todos los d\u00edas. Acomp\u00e1\u00f1anos y disfruta el verdadero sabor de la tradici\u00f3n y la comunidad.<\/div><\/div><\/div><\/div>\t\t\t\t<\/div>\n\t\t\t\t\t\t\t<\/div>\n\t\t\t\t\t\t\t\t<\/div>\n\t\t\t\t\t<\/div>\n\t\t<\/div>\n\t\t\t\t\t<\/div>\n\t\t<\/section>\n\t\t\t\t<section data-particle_enable=\"false\" data-particle-mobile-disabled=\"false\" class=\"elementor-section elementor-top-section elementor-element elementor-element-f792101 elementor-section-boxed elementor-section-height-default elementor-section-height-default\" data-id=\"f792101\" data-element_type=\"section\" data-e-type=\"section\">\n\t\t\t\t\t\t<div class=\"elementor-container elementor-column-gap-default\">\n\t\t\t\t\t<div class=\"elementor-column elementor-col-100 elementor-top-column elementor-element elementor-element-ae405ea\" data-id=\"ae405ea\" data-element_type=\"column\" data-e-type=\"column\">\n\t\t\t<div class=\"elementor-widget-wrap elementor-element-populated\">\n\t\t\t\t\t\t<div class=\"elementor-element elementor-element-a67deac elementor-widget elementor-widget-heading\" data-id=\"a67deac\" data-element_type=\"widget\" data-e-type=\"widget\" data-widget_type=\"heading.default\">\n\t\t\t\t\t<h2 class=\"elementor-heading-title elementor-size-default\">\u00a1Un Sabor de M\u00e9xico YA VIENE \n<\/BR> a Lynwood!<\/h2>\t\t\t\t<\/div>\n\t\t\t\t<div class=\"elementor-element elementor-element-2ececd2 elementor-widget elementor-widget-text-editor\" data-id=\"2ececd2\" data-element_type=\"widget\" data-e-type=\"widget\" data-widget_type=\"text-editor.default\">\n\t\t\t\t\t\t\t\t\t<p>Nos emociona anunciar la pr\u00f3xima apertura de nuestra nueva tienda en la Ciudad de Lynwood, trayendo a\u00fan m\u00e1s de los sabores, tradiciones y frescura de M\u00e9xico. Desde nuestra Tamaler\u00eda hasta nuestra aut\u00e9ntica Tortiller\u00eda, Pasteler\u00eda y Carnicer\u00eda, encontrar\u00e1s desde lo esencial de cada d\u00eda hasta creaciones especiales que celebran con orgullo nuestra cultura. La nueva tienda de Northgate Gonz\u00e1lez Market en Lynwood ser\u00e1 tu destino para comidas, celebraciones y tradiciones familiares. Descubre algunas de las pr\u00f3ximas experiencias que te esperan en esta nueva ubicaci\u00f3n.<\/p>\t\t\t\t\t\t\t\t<\/div>\n\t\t\t\t<div class=\"elementor-element elementor-element-f46f969 elementor-widget elementor-widget-text-editor\" data-id=\"f46f969\" data-element_type=\"widget\" data-e-type=\"widget\" data-widget_type=\"text-editor.default\">\n\t\t\t\t\t\t\t\t\t8:00 AM \u2013 NOVEMBER 12, 2025\n<\/br>\n11630 Long Beach Blvd. Lynwood, CA 90262\t\t\t\t\t\t\t\t<\/div>\n\t\t\t\t\t<\/div>\n\t\t<\/div>\n\t\t\t\t\t<\/div>\n\t\t<\/section>\n\t\t<div data-particle_enable=\"false\" data-particle-mobile-disabled=\"false\" class=\"elementor-element elementor-element-d707a30 e-flex e-con-boxed e-con e-parent\" data-id=\"d707a30\" data-element_type=\"container\" data-e-type=\"container\">\n\t\t\t\t\t<div class=\"e-con-inner\">\n\t\t<div data-particle_enable=\"false\" data-particle-mobile-disabled=\"false\" class=\"elementor-element elementor-element-f8cd772 e-con-full e-flex e-con e-child\" data-id=\"f8cd772\" data-element_type=\"container\" data-e-type=\"container\">\n\t\t\t\t<div class=\"elementor-element elementor-element-f4df78a elementor-widget elementor-widget-image\" data-id=\"f4df78a\" data-element_type=\"widget\" data-e-type=\"widget\" data-widget_type=\"image.default\">\n\t\t\t\t\t\t\t\t\t\t\t\t\t\t\t<img fetchpriority=\"high\" decoding=\"async\" width=\"750\" height=\"500\" src=\"https:\/\/www.northgatemarket.com\/wp-content\/uploads\/2025\/11\/Northgate-Grand-Opening_TAMALERIA-768x512.png\" class=\"attachment-medium_large size-medium_large wp-image-18506\" alt=\"Close up image of Tamales\" srcset=\"https:\/\/www.northgatemarket.com\/wp-content\/uploads\/2025\/11\/Northgate-Grand-Opening_TAMALERIA-768x512.png 768w, https:\/\/www.northgatemarket.com\/wp-content\/uploads\/2025\/11\/Northgate-Grand-Opening_TAMALERIA-300x200.png 300w, https:\/\/www.northgatemarket.com\/wp-content\/uploads\/2025\/11\/Northgate-Grand-Opening_TAMALERIA-1024x683.png 1024w, https:\/\/www.northgatemarket.com\/wp-content\/uploads\/2025\/11\/Northgate-Grand-Opening_TAMALERIA-18x12.png 18w, https:\/\/www.northgatemarket.com\/wp-content\/uploads\/2025\/11\/Northgate-Grand-Opening_TAMALERIA.png 1200w\" sizes=\"(max-width: 750px) 100vw, 750px\" style=\"width:100%;height:66.67%;max-width:1200px\" \/>\t\t\t\t\t\t\t\t\t\t\t\t\t\t\t<\/div>\n\t\t\t\t<\/div>\n\t\t<div data-particle_enable=\"false\" data-particle-mobile-disabled=\"false\" class=\"elementor-element elementor-element-c3e90d3 e-con-full e-flex e-con e-child\" data-id=\"c3e90d3\" data-element_type=\"container\" data-e-type=\"container\">\n\t\t\t\t<div class=\"elementor-element elementor-element-337736e elementor-widget elementor-widget-heading\" data-id=\"337736e\" data-element_type=\"widget\" data-e-type=\"widget\" data-widget_type=\"heading.default\">\n\t\t\t\t\t<h2 class=\"elementor-heading-title elementor-size-default\">Tamaler\u00eda<\/h2>\t\t\t\t<\/div>\n\t\t\t\t<div class=\"elementor-element elementor-element-fc15658 elementor-widget elementor-widget-text-editor\" data-id=\"fc15658\" data-element_type=\"widget\" data-e-type=\"widget\" data-widget_type=\"text-editor.default\">\n\t\t\t\t\t\t\t\t\t<p>En Northgate Market, nuestros tamales son una verdadera celebraci\u00f3n de la tradici\u00f3n, la familia y la dedicaci\u00f3n artesanal. Hechos a mano con masa molida en piedra y preparada fresca en la tienda, cada tamal est\u00e1 lleno de ingredientes perfectamente sazonados y cocido para lograr un sabor rico y aut\u00e9ntico en cada bocado. Disfruta una gran variedad de sabores tradicionales: de puerco o pollo, de queso con chile hatch, de elote, fresa o pi\u00f1a. Tambi\u00e9n los servimos con crema mexicana, queso cotija y la salsa de tu preferencia.<\/p>\t\t\t\t\t\t\t\t<\/div>\n\t\t\t\t<\/div>\n\t\t\t\t\t<\/div>\n\t\t\t\t<\/div>\n\t\t<div data-particle_enable=\"false\" data-particle-mobile-disabled=\"false\" class=\"elementor-element elementor-element-fbadef2 e-flex e-con-boxed e-con e-parent\" data-id=\"fbadef2\" data-element_type=\"container\" data-e-type=\"container\">\n\t\t\t\t\t<div class=\"e-con-inner\">\n\t\t<div data-particle_enable=\"false\" data-particle-mobile-disabled=\"false\" class=\"elementor-element elementor-element-4c9e841 e-con-full e-flex e-con e-child\" data-id=\"4c9e841\" data-element_type=\"container\" data-e-type=\"container\">\n\t\t\t\t<div class=\"elementor-element elementor-element-8407ce6 elementor-widget elementor-widget-image\" data-id=\"8407ce6\" data-element_type=\"widget\" data-e-type=\"widget\" data-widget_type=\"image.default\">\n\t\t\t\t\t\t\t\t\t\t\t\t\t\t\t<img decoding=\"async\" width=\"750\" height=\"500\" src=\"https:\/\/www.northgatemarket.com\/wp-content\/uploads\/2025\/11\/Northgate-Grand-Opening_TORTILLERIA-1-768x512.png\" class=\"attachment-medium_large size-medium_large wp-image-18539\" alt=\"Close up photo of Northgate Market tortillas being processed.\" srcset=\"https:\/\/www.northgatemarket.com\/wp-content\/uploads\/2025\/11\/Northgate-Grand-Opening_TORTILLERIA-1-768x512.png 768w, https:\/\/www.northgatemarket.com\/wp-content\/uploads\/2025\/11\/Northgate-Grand-Opening_TORTILLERIA-1-300x200.png 300w, https:\/\/www.northgatemarket.com\/wp-content\/uploads\/2025\/11\/Northgate-Grand-Opening_TORTILLERIA-1-1024x683.png 1024w, https:\/\/www.northgatemarket.com\/wp-content\/uploads\/2025\/11\/Northgate-Grand-Opening_TORTILLERIA-1-18x12.png 18w, https:\/\/www.northgatemarket.com\/wp-content\/uploads\/2025\/11\/Northgate-Grand-Opening_TORTILLERIA-1.png 1200w\" sizes=\"(max-width: 750px) 100vw, 750px\" style=\"width:100%;height:66.67%;max-width:1200px\" \/>\t\t\t\t\t\t\t\t\t\t\t\t\t\t\t<\/div>\n\t\t\t\t<\/div>\n\t\t<div data-particle_enable=\"false\" data-particle-mobile-disabled=\"false\" class=\"elementor-element elementor-element-15fa81b e-con-full e-flex e-con e-child\" data-id=\"15fa81b\" data-element_type=\"container\" data-e-type=\"container\">\n\t\t\t\t<div class=\"elementor-element elementor-element-4f698fb elementor-widget elementor-widget-heading\" data-id=\"4f698fb\" data-element_type=\"widget\" data-e-type=\"widget\" data-widget_type=\"heading.default\">\n\t\t\t\t\t<h2 class=\"elementor-heading-title elementor-size-default\">Tortiller\u00eda La Gonz\u00e1lez<\/h2>\t\t\t\t<\/div>\n\t\t\t\t<div class=\"elementor-element elementor-element-2037e2f elementor-widget elementor-widget-text-editor\" data-id=\"2037e2f\" data-element_type=\"widget\" data-e-type=\"widget\" data-widget_type=\"text-editor.default\">\n\t\t\t\t\t\t\t\t\t<p>En Northgate Market, nuestra masa es elaborada por expertos tortilleros que utilizan los m\u00e9todos m\u00e1s tradicionales y el ma\u00edz de la m\u00e1s alta calidad, orgullosamente tra\u00eddo de M\u00e9xico. Molida a lo largo del d\u00eda en piedra volc\u00e1nica proveniente de Puebla, esta t\u00e9cnica tradicional de molienda preserva el sabor intenso y la textura aut\u00e9ntica que distinguen nuestras tortillas, totopos, tostadas y masa. Siempre fresca y hecha diariamente, encontrar\u00e1s una variedad de opciones y sabores de temporada como elote, pi\u00f1a y calabaza.<\/p>\t\t\t\t\t\t\t\t<\/div>\n\t\t\t\t<\/div>\n\t\t\t\t\t<\/div>\n\t\t\t\t<\/div>\n\t\t<div data-particle_enable=\"false\" data-particle-mobile-disabled=\"false\" class=\"elementor-element elementor-element-bf908f1 e-flex e-con-boxed e-con e-parent\" data-id=\"bf908f1\" data-element_type=\"container\" data-e-type=\"container\">\n\t\t\t\t\t<div class=\"e-con-inner\">\n\t\t<div data-particle_enable=\"false\" data-particle-mobile-disabled=\"false\" class=\"elementor-element elementor-element-923eacc e-con-full e-flex e-con e-child\" data-id=\"923eacc\" data-element_type=\"container\" data-e-type=\"container\">\n\t\t\t\t<div class=\"elementor-element elementor-element-e89a198 elementor-widget elementor-widget-image\" data-id=\"e89a198\" data-element_type=\"widget\" data-e-type=\"widget\" data-widget_type=\"image.default\">\n\t\t\t\t\t\t\t\t\t\t\t\t\t\t\t<img decoding=\"async\" width=\"750\" height=\"500\" src=\"https:\/\/www.northgatemarket.com\/wp-content\/uploads\/2025\/11\/Northgate-Grand-Opening_PASTELERIA-1-768x512.png\" class=\"attachment-medium_large size-medium_large wp-image-18540\" alt=\"Beauty shot of white cakes and pan dulce on a wood table with a pink background.\" srcset=\"https:\/\/www.northgatemarket.com\/wp-content\/uploads\/2025\/11\/Northgate-Grand-Opening_PASTELERIA-1-768x512.png 768w, https:\/\/www.northgatemarket.com\/wp-content\/uploads\/2025\/11\/Northgate-Grand-Opening_PASTELERIA-1-300x200.png 300w, https:\/\/www.northgatemarket.com\/wp-content\/uploads\/2025\/11\/Northgate-Grand-Opening_PASTELERIA-1-1024x683.png 1024w, https:\/\/www.northgatemarket.com\/wp-content\/uploads\/2025\/11\/Northgate-Grand-Opening_PASTELERIA-1-18x12.png 18w, https:\/\/www.northgatemarket.com\/wp-content\/uploads\/2025\/11\/Northgate-Grand-Opening_PASTELERIA-1.png 1200w\" sizes=\"(max-width: 750px) 100vw, 750px\" style=\"width:100%;height:66.67%;max-width:1200px\" \/>\t\t\t\t\t\t\t\t\t\t\t\t\t\t\t<\/div>\n\t\t\t\t<\/div>\n\t\t<div data-particle_enable=\"false\" data-particle-mobile-disabled=\"false\" class=\"elementor-element elementor-element-c817356 e-con-full e-flex e-con e-child\" data-id=\"c817356\" data-element_type=\"container\" data-e-type=\"container\">\n\t\t\t\t<div class=\"elementor-element elementor-element-bf8eed3 elementor-widget elementor-widget-heading\" data-id=\"bf8eed3\" data-element_type=\"widget\" data-e-type=\"widget\" data-widget_type=\"heading.default\">\n\t\t\t\t\t<h2 class=\"elementor-heading-title elementor-size-default\">Pasteler\u00eda La Gonz\u00e1lez<\/h2>\t\t\t\t<\/div>\n\t\t\t\t<div class=\"elementor-element elementor-element-055e7ce elementor-widget elementor-widget-text-editor\" data-id=\"055e7ce\" data-element_type=\"widget\" data-e-type=\"widget\" data-widget_type=\"text-editor.default\">\n\t\t\t\t\t\t\t\t\t<p>Horneados todos los d\u00edas, nuestros panes dulces reci\u00e9n hechos te esperan para ser disfrutados, junto con nuestros pasteles exclusivos, perfectos para cualquier ocasi\u00f3n. Pasa por La Pasteler\u00eda por un pan dulce o un pastel de tres leches\u2026 \u00bfo por qu\u00e9 no ambos? Y ya que est\u00e1s ah\u00ed, lleva unos bolillos. Hechos a mano desde cero durante todo el d\u00eda, nuestros bolillos son m\u00e1s que pan: son un cl\u00e1sico reconfortante, horneado en la tienda con una receta tradicional mexicana.<\/p>\t\t\t\t\t\t\t\t<\/div>\n\t\t\t\t<\/div>\n\t\t\t\t\t<\/div>\n\t\t\t\t<\/div>\n\t\t<div data-particle_enable=\"false\" data-particle-mobile-disabled=\"false\" class=\"elementor-element elementor-element-d8e6da3 e-flex e-con-boxed e-con e-parent\" data-id=\"d8e6da3\" data-element_type=\"container\" data-e-type=\"container\">\n\t\t\t\t\t<div class=\"e-con-inner\">\n\t\t<div data-particle_enable=\"false\" data-particle-mobile-disabled=\"false\" class=\"elementor-element elementor-element-9166e62 e-con-full e-flex e-con e-child\" data-id=\"9166e62\" data-element_type=\"container\" data-e-type=\"container\">\n\t\t\t\t<div class=\"elementor-element elementor-element-4ef7a40 elementor-widget elementor-widget-image\" data-id=\"4ef7a40\" data-element_type=\"widget\" data-e-type=\"widget\" data-widget_type=\"image.default\">\n\t\t\t\t\t\t\t\t\t\t\t\t\t\t\t<img loading=\"lazy\" decoding=\"async\" width=\"750\" height=\"500\" src=\"https:\/\/www.northgatemarket.com\/wp-content\/uploads\/2025\/11\/Northgate-Grand-Opening_CARNICERIA-768x512.png\" class=\"attachment-medium_large size-medium_large wp-image-18508\" alt=\"Northgate Market butcher seasoning raw beef in a tray.\" srcset=\"https:\/\/www.northgatemarket.com\/wp-content\/uploads\/2025\/11\/Northgate-Grand-Opening_CARNICERIA-768x512.png 768w, https:\/\/www.northgatemarket.com\/wp-content\/uploads\/2025\/11\/Northgate-Grand-Opening_CARNICERIA-300x200.png 300w, https:\/\/www.northgatemarket.com\/wp-content\/uploads\/2025\/11\/Northgate-Grand-Opening_CARNICERIA-1024x683.png 1024w, https:\/\/www.northgatemarket.com\/wp-content\/uploads\/2025\/11\/Northgate-Grand-Opening_CARNICERIA-18x12.png 18w, https:\/\/www.northgatemarket.com\/wp-content\/uploads\/2025\/11\/Northgate-Grand-Opening_CARNICERIA.png 1200w\" sizes=\"(max-width: 750px) 100vw, 750px\" style=\"width:100%;height:66.67%;max-width:1200px\" \/>\t\t\t\t\t\t\t\t\t\t\t\t\t\t\t<\/div>\n\t\t\t\t<\/div>\n\t\t<div data-particle_enable=\"false\" data-particle-mobile-disabled=\"false\" class=\"elementor-element elementor-element-7627fb5 e-con-full e-flex e-con e-child\" data-id=\"7627fb5\" data-element_type=\"container\" data-e-type=\"container\">\n\t\t\t\t<div class=\"elementor-element elementor-element-36c2dc1 elementor-widget elementor-widget-heading\" data-id=\"36c2dc1\" data-element_type=\"widget\" data-e-type=\"widget\" data-widget_type=\"heading.default\">\n\t\t\t\t\t<h2 class=\"elementor-heading-title elementor-size-default\">Carnicer\u00eda<\/h2>\t\t\t\t<\/div>\n\t\t\t\t<div class=\"elementor-element elementor-element-dba5193 elementor-widget elementor-widget-text-editor\" data-id=\"dba5193\" data-element_type=\"widget\" data-e-type=\"widget\" data-widget_type=\"text-editor.default\">\n\t\t\t\t\t\t\t\t\t<p>En Northgate Market, ofrecemos solo carnes de la m\u00e1s alta calidad, preparadas con maestr\u00eda para resaltar el sabor aut\u00e9ntico en cada corte. Nos enorgullece brindarte a ti y a tu familia lo mejor de lo mejor. Desde 1980, hemos sido \u201cLos Meros Meros de la Carne Asada,\u201d los verdaderos expertos en carne asada, con carniceros que siempre te ofrecen los mejores consejos.<\/p>\t\t\t\t\t\t\t\t<\/div>\n\t\t\t\t<\/div>\n\t\t\t\t\t<\/div>\n\t\t\t\t<\/div>\n\t\t<div data-particle_enable=\"false\" data-particle-mobile-disabled=\"false\" class=\"elementor-element elementor-element-7aeb656 e-flex e-con-boxed e-con e-parent\" data-id=\"7aeb656\" data-element_type=\"container\" data-e-type=\"container\">\n\t\t\t\t\t<div class=\"e-con-inner\">\n\t\t<div data-particle_enable=\"false\" data-particle-mobile-disabled=\"false\" class=\"elementor-element elementor-element-c3a0a22 e-con-full e-flex e-con e-child\" data-id=\"c3a0a22\" data-element_type=\"container\" data-e-type=\"container\">\n\t\t\t\t<div class=\"elementor-element elementor-element-887ebe6 elementor-widget elementor-widget-image\" data-id=\"887ebe6\" data-element_type=\"widget\" data-e-type=\"widget\" data-widget_type=\"image.default\">\n\t\t\t\t\t\t\t\t\t\t\t\t\t\t\t<img loading=\"lazy\" decoding=\"async\" width=\"750\" height=\"500\" src=\"https:\/\/www.northgatemarket.com\/wp-content\/uploads\/2025\/11\/Northgate-Grand-Opening_CARNITAS-768x512.png\" class=\"attachment-medium_large size-medium_large wp-image-18504\" alt=\"Bowl of shredded carnitas on a cutting board with a ingredients on the side.\" srcset=\"https:\/\/www.northgatemarket.com\/wp-content\/uploads\/2025\/11\/Northgate-Grand-Opening_CARNITAS-768x512.png 768w, https:\/\/www.northgatemarket.com\/wp-content\/uploads\/2025\/11\/Northgate-Grand-Opening_CARNITAS-300x200.png 300w, https:\/\/www.northgatemarket.com\/wp-content\/uploads\/2025\/11\/Northgate-Grand-Opening_CARNITAS-1024x683.png 1024w, https:\/\/www.northgatemarket.com\/wp-content\/uploads\/2025\/11\/Northgate-Grand-Opening_CARNITAS-18x12.png 18w, https:\/\/www.northgatemarket.com\/wp-content\/uploads\/2025\/11\/Northgate-Grand-Opening_CARNITAS.png 1200w\" sizes=\"(max-width: 750px) 100vw, 750px\" style=\"width:100%;height:66.67%;max-width:1200px\" \/>\t\t\t\t\t\t\t\t\t\t\t\t\t\t\t<\/div>\n\t\t\t\t<\/div>\n\t\t<div data-particle_enable=\"false\" data-particle-mobile-disabled=\"false\" class=\"elementor-element elementor-element-6ad7a64 e-con-full e-flex e-con e-child\" data-id=\"6ad7a64\" data-element_type=\"container\" data-e-type=\"container\">\n\t\t\t\t<div class=\"elementor-element elementor-element-c5bfbc4 elementor-widget elementor-widget-heading\" data-id=\"c5bfbc4\" data-element_type=\"widget\" data-e-type=\"widget\" data-widget_type=\"heading.default\">\n\t\t\t\t\t<h2 class=\"elementor-heading-title elementor-size-default\">Carnitas Don Miguel<\/h2>\t\t\t\t<\/div>\n\t\t\t\t<div class=\"elementor-element elementor-element-f2f3d2b elementor-widget elementor-widget-text-editor\" data-id=\"f2f3d2b\" data-element_type=\"widget\" data-e-type=\"widget\" data-widget_type=\"text-editor.default\">\n\t\t\t\t\t\t\t\t\t<p>Nuestras carnitas no solo se preparan, se elaboran con tradici\u00f3n, paciencia y coraz\u00f3n. Creaci\u00f3n de nuestro fundador, Don Miguel Gonz\u00e1lez Jim\u00e9nez, e inspiradas en el aut\u00e9ntico estilo michoacano, cada tanda se cocina lentamente en cazos tradicionales para desarrollar un sabor profundo y una textura irresistible, asegurando que cada bocado sea tierno, jugoso y lleno de sabor. Esta valiosa receta familiar se ha servido con orgullo en Northgate Market desde 1980.<\/p>\t\t\t\t\t\t\t\t<\/div>\n\t\t\t\t<\/div>\n\t\t\t\t\t<\/div>\n\t\t\t\t<\/div>\n\t\t<div data-particle_enable=\"false\" data-particle-mobile-disabled=\"false\" class=\"elementor-element elementor-element-227ceea e-flex e-con-boxed e-con e-parent\" data-id=\"227ceea\" data-element_type=\"container\" data-e-type=\"container\">\n\t\t\t\t\t<div class=\"e-con-inner\">\n\t\t\t\t<div class=\"elementor-element elementor-element-39c34a9 elementor-widget elementor-widget-image\" data-id=\"39c34a9\" data-element_type=\"widget\" data-e-type=\"widget\" data-widget_type=\"image.default\">\n\t\t\t\t\t\t\t\t\t\t\t\t\t\t\t<img loading=\"lazy\" decoding=\"async\" width=\"750\" height=\"249\" src=\"https:\/\/www.northgatemarket.com\/wp-content\/uploads\/2025\/11\/Screenshot-2025-11-03-at-9.20.12-PM-1024x340.webp\" class=\"attachment-large size-large wp-image-18503\" alt=\"\" srcset=\"https:\/\/www.northgatemarket.com\/wp-content\/uploads\/2025\/11\/Screenshot-2025-11-03-at-9.20.12-PM-1024x340.webp 1024w, https:\/\/www.northgatemarket.com\/wp-content\/uploads\/2025\/11\/Screenshot-2025-11-03-at-9.20.12-PM-300x100.webp 300w, https:\/\/www.northgatemarket.com\/wp-content\/uploads\/2025\/11\/Screenshot-2025-11-03-at-9.20.12-PM-768x255.webp 768w, https:\/\/www.northgatemarket.com\/wp-content\/uploads\/2025\/11\/Screenshot-2025-11-03-at-9.20.12-PM-1536x510.webp 1536w, https:\/\/www.northgatemarket.com\/wp-content\/uploads\/2025\/11\/Screenshot-2025-11-03-at-9.20.12-PM-2048x680.webp 2048w, https:\/\/www.northgatemarket.com\/wp-content\/uploads\/2025\/11\/Screenshot-2025-11-03-at-9.20.12-PM-18x6.webp 18w, https:\/\/www.northgatemarket.com\/wp-content\/uploads\/2025\/11\/Screenshot-2025-11-03-at-9.20.12-PM-1568x521.webp 1568w\" sizes=\"(max-width: 750px) 100vw, 750px\" style=\"width:100%;height:33.2%;max-width:2560px\" \/>\t\t\t\t\t\t\t\t\t\t\t\t\t\t\t<\/div>\n\t\t\t\t\t<\/div>\n\t\t\t\t<\/div>\n\t\t<div data-particle_enable=\"false\" data-particle-mobile-disabled=\"false\" class=\"elementor-element elementor-element-fa9f285 e-flex e-con-boxed e-con e-parent\" data-id=\"fa9f285\" data-element_type=\"container\" data-e-type=\"container\" data-settings=\"{&quot;background_background&quot;:&quot;classic&quot;}\">\n\t\t\t\t\t<div class=\"e-con-inner\">\n\t\t\t\t<div class=\"elementor-element elementor-element-5cca817 elementor-widget elementor-widget-heading\" data-id=\"5cca817\" data-element_type=\"widget\" data-e-type=\"widget\" data-widget_type=\"heading.default\">\n\t\t\t\t\t<h2 class=\"elementor-heading-title elementor-size-default\">Reg\u00edstrate para recibir novedades<\/h2>\t\t\t\t<\/div>\n\t\t\t\t<div class=\"elementor-element elementor-element-417379b elementor-widget elementor-widget-text-editor\" data-id=\"417379b\" data-element_type=\"widget\" data-e-type=\"widget\" data-widget_type=\"text-editor.default\">\n\t\t\t\t\t\t\t\t\t<p>Estamos ansiosos por abrir nuestras puertas y darte la bienvenida a nuestra nueva tienda en Lynwood. Desde el aroma del pan dulce reci\u00e9n horneado hasta el chisporroteo de la carne asada, cada rinc\u00f3n de nuestra tienda es una celebraci\u00f3n del sabor y la comunidad mexicana.<\/p>\t\t\t\t\t\t\t\t<\/div>\n\t\t\t\t<div class=\"elementor-element elementor-element-d4aa4cd elementor-align-center elementor-widget elementor-widget-button\" data-id=\"d4aa4cd\" data-element_type=\"widget\" data-e-type=\"widget\" data-widget_type=\"button.default\">\n\t\t\t\t\t\t\t\t\t\t<a class=\"elementor-button elementor-button-link elementor-size-sm\" href=\"https:\/\/lp.constantcontactpages.com\/sl\/r8HDtXK\">\n\t\t\t\t\t\t<span class=\"elementor-button-content-wrapper\">\n\t\t\t\t\t\t\t\t\t<span class=\"elementor-button-text\">Haz clic aqu\u00ed<\/span>\n\t\t\t\t\t<\/span>\n\t\t\t\t\t<\/a>\n\t\t\t\t\t\t\t\t<\/div>\n\t\t\t\t\t<\/div>\n\t\t\t\t<\/div>\n\t\t\t\t<\/div>","protected":false},"excerpt":{"rendered":"<p>LYNWOOD GRAND OPENING!The wait is almost over! Our new Northgate Gonz\u00e1lez Market in Lynwood is filled with the authentic flavors of Mexico\u2014tamales, pan dulce, tortillas, and carne asada made fresh&hellip; <a class=\"more-link\" href=\"https:\/\/www.northgatemarket.com\/es\/lynwood-grand-opening\">Continue reading <span class=\"screen-reader-text\">Lynwood Grand Opening<\/span><\/a><\/p>","protected":false},"author":16,"featured_media":0,"parent":0,"menu_order":0,"comment_status":"closed","ping_status":"closed","template":"elementor_header_footer","meta":{"_acf_changed":false,"footnotes":""},"puestos":[],"class_list":["post-18501","page","type-page","status-publish","hentry","entry"],"acf":[],"aioseo_notices":[],"_links":{"self":[{"href":"https:\/\/www.northgatemarket.com\/es\/wp-json\/wp\/v2\/pages\/18501","targetHints":{"allow":["GET"]}}],"collection":[{"href":"https:\/\/www.northgatemarket.com\/es\/wp-json\/wp\/v2\/pages"}],"about":[{"href":"https:\/\/www.northgatemarket.com\/es\/wp-json\/wp\/v2\/types\/page"}],"author":[{"embeddable":true,"href":"https:\/\/www.northgatemarket.com\/es\/wp-json\/wp\/v2\/users\/16"}],"replies":[{"embeddable":true,"href":"https:\/\/www.northgatemarket.com\/es\/wp-json\/wp\/v2\/comments?post=18501"}],"version-history":[{"count":31,"href":"https:\/\/www.northgatemarket.com\/es\/wp-json\/wp\/v2\/pages\/18501\/revisions"}],"predecessor-version":[{"id":18579,"href":"https:\/\/www.northgatemarket.com\/es\/wp-json\/wp\/v2\/pages\/18501\/revisions\/18579"}],"wp:attachment":[{"href":"https:\/\/www.northgatemarket.com\/es\/wp-json\/wp\/v2\/media?parent=18501"}],"wp:term":[{"taxonomy":"puestos","embeddable":true,"href":"https:\/\/www.northgatemarket.com\/es\/wp-json\/wp\/v2\/puestos?post=18501"}],"curies":[{"name":"wp","href":"https:\/\/api.w.org\/{rel}","templated":true}]}}