{"id":18889,"date":"2026-03-16T21:04:55","date_gmt":"2026-03-17T04:04:55","guid":{"rendered":"https:\/\/www.northgatemarket.com\/?page_id=18889"},"modified":"2026-03-16T21:05:59","modified_gmt":"2026-03-17T04:05:59","slug":"chino-grand-opening","status":"publish","type":"page","link":"https:\/\/www.northgatemarket.com\/es\/chino-grand-opening","title":{"rendered":"Chino Grand Opening"},"content":{"rendered":"<div data-elementor-type=\"wp-page\" data-elementor-id=\"18889\" class=\"elementor elementor-18889\" data-elementor-post-type=\"page\">\n\t\t\t\t\t\t<section data-particle_enable=\"false\" data-particle-mobile-disabled=\"false\" class=\"elementor-section elementor-top-section elementor-element elementor-element-dacbf78 elementor-section-full_width elementor-section-height-min-height elementor-hidden-mobile elementor-section-height-default elementor-section-items-middle\" data-id=\"dacbf78\" data-element_type=\"section\" data-e-type=\"section\">\n\t\t\t\t\t\t<div class=\"elementor-container elementor-column-gap-no\">\n\t\t\t\t\t<div class=\"elementor-column elementor-col-100 elementor-top-column elementor-element elementor-element-b676cc7\" data-id=\"b676cc7\" data-element_type=\"column\" data-e-type=\"column\">\n\t\t\t<div class=\"elementor-widget-wrap elementor-element-populated\">\n\t\t\t\t\t\t<div class=\"elementor-element elementor-element-73e1363 elementor--h-position-left elementor--v-position-middle elementor-widget elementor-widget-slides\" data-id=\"73e1363\" data-element_type=\"widget\" data-e-type=\"widget\" data-settings=\"{&quot;navigation&quot;:&quot;none&quot;,&quot;transition&quot;:&quot;fade&quot;,&quot;autoplay&quot;:&quot;yes&quot;,&quot;pause_on_hover&quot;:&quot;yes&quot;,&quot;pause_on_interaction&quot;:&quot;yes&quot;,&quot;autoplay_speed&quot;:5000,&quot;infinite&quot;:&quot;yes&quot;,&quot;transition_speed&quot;:500}\" data-widget_type=\"slides.default\">\n\t\t\t\t\t\t\t\t\t\t<div class=\"elementor-slides-wrapper elementor-main-swiper swiper\" role=\"region\" aria-roledescription=\"carousel\" aria-label=\"Slides\" dir=\"ltr\" data-animation=\"\">\n\t\t\t\t<div class=\"swiper-wrapper elementor-slides\">\n\t\t\t\t\t\t\t\t\t\t<div class=\"elementor-repeater-item-24ace5d swiper-slide\" role=\"group\" aria-roledescription=\"slide\"><div class=\"swiper-slide-bg\" role=\"img\" aria-label=\"Store51_Chino_3D_Rendering\"><\/div><div class=\"swiper-slide-inner\" ><div class=\"swiper-slide-contents\"><div class=\"elementor-slide-heading\">\u00a1Gran apertura en Chino!<\/div><div class=\"elementor-slide-description\">\u00a1La espera casi termina! Nuestro nuevo Northgate Gonz\u00e1lez Market en Chino est\u00e1 lleno de los aut\u00e9nticos sabores de M\u00e9xico\u2014tamales, pan dulce, tortillas y carne asada hechos frescos todos los d\u00edas. Acomp\u00e1\u00f1anos y disfruta de un verdadero sabor a tradici\u00f3n y comunidad.<\/div><\/div><\/div><\/div>\t\t\t\t<\/div>\n\t\t\t\t\t\t\t<\/div>\n\t\t\t\t\t\t\t\t<\/div>\n\t\t\t\t\t<\/div>\n\t\t<\/div>\n\t\t\t\t\t<\/div>\n\t\t<\/section>\n\t\t\t\t<section data-particle_enable=\"false\" data-particle-mobile-disabled=\"false\" class=\"elementor-section elementor-top-section elementor-element elementor-element-f792101 elementor-section-boxed elementor-section-height-default elementor-section-height-default\" data-id=\"f792101\" data-element_type=\"section\" data-e-type=\"section\">\n\t\t\t\t\t\t<div class=\"elementor-container elementor-column-gap-default\">\n\t\t\t\t\t<div class=\"elementor-column elementor-col-100 elementor-top-column elementor-element elementor-element-ae405ea\" data-id=\"ae405ea\" data-element_type=\"column\" data-e-type=\"column\">\n\t\t\t<div class=\"elementor-widget-wrap elementor-element-populated\">\n\t\t\t\t\t\t<div class=\"elementor-element elementor-element-a67deac elementor-widget elementor-widget-heading\" data-id=\"a67deac\" data-element_type=\"widget\" data-e-type=\"widget\" data-widget_type=\"heading.default\">\n\t\t\t\t\t<h2 class=\"elementor-heading-title elementor-size-default\">\u00a1El sabor de M\u00e9xico S\u00cd llega a Chino!<\/h2>\t\t\t\t<\/div>\n\t\t\t\t<div class=\"elementor-element elementor-element-2ececd2 elementor-widget elementor-widget-text-editor\" data-id=\"2ececd2\" data-element_type=\"widget\" data-e-type=\"widget\" data-widget_type=\"text-editor.default\">\n\t\t\t\t\t\t\t\t\t<p>Algo grande est\u00e1 llegando a Chino. \u00a1Northgate Gonz\u00e1lez Market abrir\u00e1 oficialmente en la ciudad de Chino!<\/p><p>\u00a0<\/p><p>Traemos todo lo que nos define: tortillas hechas frescas, tamales elaborados a mano, pasteles aut\u00e9nticos y deliciosos de nuestra Pasteler\u00eda, y los mejores cortes de nuestra Carnicer\u00eda. Esto no es solo una tienda, es donde los sabores aut\u00e9nticos, las tradiciones ricas y los ingredientes reales se unen. Cenas familiares, reuniones de fin de semana, para cualquier ocasi\u00f3n, \u00a1este ser\u00e1 tu lugar! Sabores reales. Tradiciones reales. En el coraz\u00f3n de Chino. Echa un vistazo a lo que te espera.<\/p>\t\t\t\t\t\t\t\t<\/div>\n\t\t\t\t<div class=\"elementor-element elementor-element-f46f969 elementor-widget elementor-widget-text-editor\" data-id=\"f46f969\" data-element_type=\"widget\" data-e-type=\"widget\" data-widget_type=\"text-editor.default\">\n\t\t\t\t\t\t\t\t\t<p><span style=\"font-weight: 400;\">8:00 a. m. \u2013 1 de abril de 2026<\/span><\/p><p>12835 Mountain Ave. Chino, CA 91710<\/p>\t\t\t\t\t\t\t\t<\/div>\n\t\t\t\t\t<\/div>\n\t\t<\/div>\n\t\t\t\t\t<\/div>\n\t\t<\/section>\n\t\t<div data-particle_enable=\"false\" data-particle-mobile-disabled=\"false\" class=\"elementor-element elementor-element-d707a30 e-flex e-con-boxed e-con e-parent\" data-id=\"d707a30\" data-element_type=\"container\" data-e-type=\"container\">\n\t\t\t\t\t<div class=\"e-con-inner\">\n\t\t<div data-particle_enable=\"false\" data-particle-mobile-disabled=\"false\" class=\"elementor-element elementor-element-f8cd772 e-con-full e-flex e-con e-child\" data-id=\"f8cd772\" data-element_type=\"container\" data-e-type=\"container\">\n\t\t\t\t<div class=\"elementor-element elementor-element-f4df78a elementor-widget elementor-widget-image\" data-id=\"f4df78a\" data-element_type=\"widget\" data-e-type=\"widget\" data-widget_type=\"image.default\">\n\t\t\t\t\t\t\t\t\t\t\t\t\t\t\t<img fetchpriority=\"high\" decoding=\"async\" width=\"750\" height=\"500\" src=\"https:\/\/www.northgatemarket.com\/wp-content\/uploads\/2025\/11\/Northgate-Grand-Opening_TAMALERIA-768x512.png\" class=\"attachment-medium_large size-medium_large wp-image-18506\" alt=\"Close up image of Tamales\" srcset=\"https:\/\/www.northgatemarket.com\/wp-content\/uploads\/2025\/11\/Northgate-Grand-Opening_TAMALERIA-768x512.png 768w, https:\/\/www.northgatemarket.com\/wp-content\/uploads\/2025\/11\/Northgate-Grand-Opening_TAMALERIA-300x200.png 300w, https:\/\/www.northgatemarket.com\/wp-content\/uploads\/2025\/11\/Northgate-Grand-Opening_TAMALERIA-1024x683.png 1024w, https:\/\/www.northgatemarket.com\/wp-content\/uploads\/2025\/11\/Northgate-Grand-Opening_TAMALERIA-18x12.png 18w, https:\/\/www.northgatemarket.com\/wp-content\/uploads\/2025\/11\/Northgate-Grand-Opening_TAMALERIA.png 1200w\" sizes=\"(max-width: 750px) 100vw, 750px\" style=\"width:100%;height:66.67%;max-width:1200px\" \/>\t\t\t\t\t\t\t\t\t\t\t\t\t\t\t<\/div>\n\t\t\t\t<\/div>\n\t\t<div data-particle_enable=\"false\" data-particle-mobile-disabled=\"false\" class=\"elementor-element elementor-element-c3e90d3 e-con-full e-flex e-con e-child\" data-id=\"c3e90d3\" data-element_type=\"container\" data-e-type=\"container\">\n\t\t\t\t<div class=\"elementor-element elementor-element-337736e elementor-widget elementor-widget-heading\" data-id=\"337736e\" data-element_type=\"widget\" data-e-type=\"widget\" data-widget_type=\"heading.default\">\n\t\t\t\t\t<h2 class=\"elementor-heading-title elementor-size-default\">Tamaler\u00eda<\/h2>\t\t\t\t<\/div>\n\t\t\t\t<div class=\"elementor-element elementor-element-fc15658 elementor-widget elementor-widget-text-editor\" data-id=\"fc15658\" data-element_type=\"widget\" data-e-type=\"widget\" data-widget_type=\"text-editor.default\">\n\t\t\t\t\t\t\t\t\t<p>En Northgate Market, nuestros tamales son una verdadera celebraci\u00f3n de la tradici\u00f3n, la familia y la artesan\u00eda. Hechos a mano con masa molida en piedra y preparada fresca en casa, cada tamal est\u00e1 relleno con ingredientes perfectamente sazonados y cocido para lograr un sabor rico y sabroso en cada bocado. Disfruta de una variedad de sabores aut\u00e9nticos: desde puerco y pollo hasta queso con chile hatch, elote, fresa y pi\u00f1a.<\/p>\t\t\t\t\t\t\t\t<\/div>\n\t\t\t\t<\/div>\n\t\t\t\t\t<\/div>\n\t\t\t\t<\/div>\n\t\t<div data-particle_enable=\"false\" data-particle-mobile-disabled=\"false\" class=\"elementor-element elementor-element-fbadef2 e-flex e-con-boxed e-con e-parent\" data-id=\"fbadef2\" data-element_type=\"container\" data-e-type=\"container\">\n\t\t\t\t\t<div class=\"e-con-inner\">\n\t\t<div data-particle_enable=\"false\" data-particle-mobile-disabled=\"false\" class=\"elementor-element elementor-element-4c9e841 e-con-full e-flex e-con e-child\" data-id=\"4c9e841\" data-element_type=\"container\" data-e-type=\"container\">\n\t\t\t\t<div class=\"elementor-element elementor-element-8407ce6 elementor-widget elementor-widget-image\" data-id=\"8407ce6\" data-element_type=\"widget\" data-e-type=\"widget\" data-widget_type=\"image.default\">\n\t\t\t\t\t\t\t\t\t\t\t\t\t\t\t<img decoding=\"async\" width=\"750\" height=\"500\" src=\"https:\/\/www.northgatemarket.com\/wp-content\/uploads\/2025\/11\/Northgate-Grand-Opening_TORTILLERIA-1-768x512.png\" class=\"attachment-medium_large size-medium_large wp-image-18539\" alt=\"Close up photo of Northgate Market tortillas being processed.\" srcset=\"https:\/\/www.northgatemarket.com\/wp-content\/uploads\/2025\/11\/Northgate-Grand-Opening_TORTILLERIA-1-768x512.png 768w, https:\/\/www.northgatemarket.com\/wp-content\/uploads\/2025\/11\/Northgate-Grand-Opening_TORTILLERIA-1-300x200.png 300w, https:\/\/www.northgatemarket.com\/wp-content\/uploads\/2025\/11\/Northgate-Grand-Opening_TORTILLERIA-1-1024x683.png 1024w, https:\/\/www.northgatemarket.com\/wp-content\/uploads\/2025\/11\/Northgate-Grand-Opening_TORTILLERIA-1-18x12.png 18w, https:\/\/www.northgatemarket.com\/wp-content\/uploads\/2025\/11\/Northgate-Grand-Opening_TORTILLERIA-1.png 1200w\" sizes=\"(max-width: 750px) 100vw, 750px\" style=\"width:100%;height:66.67%;max-width:1200px\" \/>\t\t\t\t\t\t\t\t\t\t\t\t\t\t\t<\/div>\n\t\t\t\t<\/div>\n\t\t<div data-particle_enable=\"false\" data-particle-mobile-disabled=\"false\" class=\"elementor-element elementor-element-15fa81b e-con-full e-flex e-con e-child\" data-id=\"15fa81b\" data-element_type=\"container\" data-e-type=\"container\">\n\t\t\t\t<div class=\"elementor-element elementor-element-4f698fb elementor-widget elementor-widget-heading\" data-id=\"4f698fb\" data-element_type=\"widget\" data-e-type=\"widget\" data-widget_type=\"heading.default\">\n\t\t\t\t\t<h2 class=\"elementor-heading-title elementor-size-default\">Tortiller\u00eda La Gonz\u00e1lez<\/h2>\t\t\t\t<\/div>\n\t\t\t\t<div class=\"elementor-element elementor-element-2037e2f elementor-widget elementor-widget-text-editor\" data-id=\"2037e2f\" data-element_type=\"widget\" data-e-type=\"widget\" data-widget_type=\"text-editor.default\">\n\t\t\t\t\t\t\t\t\t<p>En Northgate Market, nuestras tortillas se hacen en casa todos los d\u00edas utilizando m\u00e9todos tradicionales. Nuestras tortillas de ma\u00edz se elaboran con ma\u00edz 100 % natural, sin conservadores, y se muelen en piedra volc\u00e1nica para lograr un sabor aut\u00e9ntico y lleno de tradici\u00f3n. Tambi\u00e9n preparamos tortillas de harina frescas en tienda, hechas con mantequilla real para un sabor suave, calientito y casero. No dejes de ver a nuestro tortillero de harina en acci\u00f3n y disfruta una muestra de nuestras tortillas calientes, reci\u00e9n salidas de la l\u00ednea.<\/p>\t\t\t\t\t\t\t\t<\/div>\n\t\t\t\t<\/div>\n\t\t\t\t\t<\/div>\n\t\t\t\t<\/div>\n\t\t<div data-particle_enable=\"false\" data-particle-mobile-disabled=\"false\" class=\"elementor-element elementor-element-bf908f1 e-flex e-con-boxed e-con e-parent\" data-id=\"bf908f1\" data-element_type=\"container\" data-e-type=\"container\">\n\t\t\t\t\t<div class=\"e-con-inner\">\n\t\t<div data-particle_enable=\"false\" data-particle-mobile-disabled=\"false\" class=\"elementor-element elementor-element-923eacc e-con-full e-flex e-con e-child\" data-id=\"923eacc\" data-element_type=\"container\" data-e-type=\"container\">\n\t\t\t\t<div class=\"elementor-element elementor-element-e89a198 elementor-widget elementor-widget-image\" data-id=\"e89a198\" data-element_type=\"widget\" data-e-type=\"widget\" data-widget_type=\"image.default\">\n\t\t\t\t\t\t\t\t\t\t\t\t\t\t\t<img decoding=\"async\" width=\"750\" height=\"500\" src=\"https:\/\/www.northgatemarket.com\/wp-content\/uploads\/2025\/11\/Northgate-Grand-Opening_PASTELERIA-1-768x512.png\" class=\"attachment-medium_large size-medium_large wp-image-18540\" alt=\"Beauty shot of white cakes and pan dulce on a wood table with a pink background.\" srcset=\"https:\/\/www.northgatemarket.com\/wp-content\/uploads\/2025\/11\/Northgate-Grand-Opening_PASTELERIA-1-768x512.png 768w, https:\/\/www.northgatemarket.com\/wp-content\/uploads\/2025\/11\/Northgate-Grand-Opening_PASTELERIA-1-300x200.png 300w, https:\/\/www.northgatemarket.com\/wp-content\/uploads\/2025\/11\/Northgate-Grand-Opening_PASTELERIA-1-1024x683.png 1024w, https:\/\/www.northgatemarket.com\/wp-content\/uploads\/2025\/11\/Northgate-Grand-Opening_PASTELERIA-1-18x12.png 18w, https:\/\/www.northgatemarket.com\/wp-content\/uploads\/2025\/11\/Northgate-Grand-Opening_PASTELERIA-1.png 1200w\" sizes=\"(max-width: 750px) 100vw, 750px\" style=\"width:100%;height:66.67%;max-width:1200px\" \/>\t\t\t\t\t\t\t\t\t\t\t\t\t\t\t<\/div>\n\t\t\t\t<\/div>\n\t\t<div data-particle_enable=\"false\" data-particle-mobile-disabled=\"false\" class=\"elementor-element elementor-element-c817356 e-con-full e-flex e-con e-child\" data-id=\"c817356\" data-element_type=\"container\" data-e-type=\"container\">\n\t\t\t\t<div class=\"elementor-element elementor-element-bf8eed3 elementor-widget elementor-widget-heading\" data-id=\"bf8eed3\" data-element_type=\"widget\" data-e-type=\"widget\" data-widget_type=\"heading.default\">\n\t\t\t\t\t<h2 class=\"elementor-heading-title elementor-size-default\">Pasteler\u00eda La Gonz\u00e1lez<\/h2>\t\t\t\t<\/div>\n\t\t\t\t<div class=\"elementor-element elementor-element-055e7ce elementor-widget elementor-widget-text-editor\" data-id=\"055e7ce\" data-element_type=\"widget\" data-e-type=\"widget\" data-widget_type=\"text-editor.default\">\n\t\t\t\t\t\t\t\t\t<p>Horneados todos los d\u00edas, nuestros panes dulces reci\u00e9n hechos te esperan para disfrutarlos, junto con nuestras opciones de pasteles de la casa, perfectas para cualquier ocasi\u00f3n. Visita La Pasteler\u00eda por un delicioso pan dulce o un pastel tres leches emblem\u00e1tico\u2026 \u00bfo por qu\u00e9 no ambos? Y ya que est\u00e1s aqu\u00ed, ll\u00e9vate unos bolillos. Elaborado a mano desde cero a lo largo del d\u00eda, nuestro bolillo es m\u00e1s que pan: es un cl\u00e1sico reconfortante, horneado en tienda con una receta tradicional mexicana.<\/p>\t\t\t\t\t\t\t\t<\/div>\n\t\t\t\t<\/div>\n\t\t\t\t\t<\/div>\n\t\t\t\t<\/div>\n\t\t<div data-particle_enable=\"false\" data-particle-mobile-disabled=\"false\" class=\"elementor-element elementor-element-d8e6da3 e-flex e-con-boxed e-con e-parent\" data-id=\"d8e6da3\" data-element_type=\"container\" data-e-type=\"container\">\n\t\t\t\t\t<div class=\"e-con-inner\">\n\t\t<div data-particle_enable=\"false\" data-particle-mobile-disabled=\"false\" class=\"elementor-element elementor-element-9166e62 e-con-full e-flex e-con e-child\" data-id=\"9166e62\" data-element_type=\"container\" data-e-type=\"container\">\n\t\t\t\t<div class=\"elementor-element elementor-element-4ef7a40 elementor-widget elementor-widget-image\" data-id=\"4ef7a40\" data-element_type=\"widget\" data-e-type=\"widget\" data-widget_type=\"image.default\">\n\t\t\t\t\t\t\t\t\t\t\t\t\t\t\t<img loading=\"lazy\" decoding=\"async\" width=\"750\" height=\"500\" src=\"https:\/\/www.northgatemarket.com\/wp-content\/uploads\/2025\/11\/Northgate-Grand-Opening_CARNICERIA-768x512.png\" class=\"attachment-medium_large size-medium_large wp-image-18508\" alt=\"Northgate Market butcher seasoning raw beef in a tray.\" srcset=\"https:\/\/www.northgatemarket.com\/wp-content\/uploads\/2025\/11\/Northgate-Grand-Opening_CARNICERIA-768x512.png 768w, https:\/\/www.northgatemarket.com\/wp-content\/uploads\/2025\/11\/Northgate-Grand-Opening_CARNICERIA-300x200.png 300w, https:\/\/www.northgatemarket.com\/wp-content\/uploads\/2025\/11\/Northgate-Grand-Opening_CARNICERIA-1024x683.png 1024w, https:\/\/www.northgatemarket.com\/wp-content\/uploads\/2025\/11\/Northgate-Grand-Opening_CARNICERIA-18x12.png 18w, https:\/\/www.northgatemarket.com\/wp-content\/uploads\/2025\/11\/Northgate-Grand-Opening_CARNICERIA.png 1200w\" sizes=\"(max-width: 750px) 100vw, 750px\" style=\"width:100%;height:66.67%;max-width:1200px\" \/>\t\t\t\t\t\t\t\t\t\t\t\t\t\t\t<\/div>\n\t\t\t\t<\/div>\n\t\t<div data-particle_enable=\"false\" data-particle-mobile-disabled=\"false\" class=\"elementor-element elementor-element-7627fb5 e-con-full e-flex e-con e-child\" data-id=\"7627fb5\" data-element_type=\"container\" data-e-type=\"container\">\n\t\t\t\t<div class=\"elementor-element elementor-element-36c2dc1 elementor-widget elementor-widget-heading\" data-id=\"36c2dc1\" data-element_type=\"widget\" data-e-type=\"widget\" data-widget_type=\"heading.default\">\n\t\t\t\t\t<h2 class=\"elementor-heading-title elementor-size-default\">Carnicer\u00eda<\/h2>\t\t\t\t<\/div>\n\t\t\t\t<div class=\"elementor-element elementor-element-dba5193 elementor-widget elementor-widget-text-editor\" data-id=\"dba5193\" data-element_type=\"widget\" data-e-type=\"widget\" data-widget_type=\"text-editor.default\">\n\t\t\t\t\t\t\t\t\t<p>En Northgate Market, ofrecemos solo carnes de la m\u00e1s alta calidad, preparadas por expertos para resaltar el sabor aut\u00e9ntico en cada corte. Nos enorgullece brindarles a ti y a tu familia lo mejor de lo mejor. Desde 1980, hemos sido \u201cLos Meros Meros de la Carne Asada\u201d, los verdaderos maestros de la carne asada, con carniceros que siempre te dan el mejor consejo.<\/p>\t\t\t\t\t\t\t\t<\/div>\n\t\t\t\t<\/div>\n\t\t\t\t\t<\/div>\n\t\t\t\t<\/div>\n\t\t<div data-particle_enable=\"false\" data-particle-mobile-disabled=\"false\" class=\"elementor-element elementor-element-7aeb656 e-flex e-con-boxed e-con e-parent\" data-id=\"7aeb656\" data-element_type=\"container\" data-e-type=\"container\">\n\t\t\t\t\t<div class=\"e-con-inner\">\n\t\t<div data-particle_enable=\"false\" data-particle-mobile-disabled=\"false\" class=\"elementor-element elementor-element-c3a0a22 e-con-full e-flex e-con e-child\" data-id=\"c3a0a22\" data-element_type=\"container\" data-e-type=\"container\">\n\t\t\t\t<div class=\"elementor-element elementor-element-887ebe6 elementor-widget elementor-widget-image\" data-id=\"887ebe6\" data-element_type=\"widget\" data-e-type=\"widget\" data-widget_type=\"image.default\">\n\t\t\t\t\t\t\t\t\t\t\t\t\t\t\t<img loading=\"lazy\" decoding=\"async\" width=\"750\" height=\"500\" src=\"https:\/\/www.northgatemarket.com\/wp-content\/uploads\/2025\/11\/Northgate-Grand-Opening_CARNITAS-768x512.png\" class=\"attachment-medium_large size-medium_large wp-image-18504\" alt=\"Bowl of shredded carnitas on a cutting board with a ingredients on the side.\" srcset=\"https:\/\/www.northgatemarket.com\/wp-content\/uploads\/2025\/11\/Northgate-Grand-Opening_CARNITAS-768x512.png 768w, https:\/\/www.northgatemarket.com\/wp-content\/uploads\/2025\/11\/Northgate-Grand-Opening_CARNITAS-300x200.png 300w, https:\/\/www.northgatemarket.com\/wp-content\/uploads\/2025\/11\/Northgate-Grand-Opening_CARNITAS-1024x683.png 1024w, https:\/\/www.northgatemarket.com\/wp-content\/uploads\/2025\/11\/Northgate-Grand-Opening_CARNITAS-18x12.png 18w, https:\/\/www.northgatemarket.com\/wp-content\/uploads\/2025\/11\/Northgate-Grand-Opening_CARNITAS.png 1200w\" sizes=\"(max-width: 750px) 100vw, 750px\" style=\"width:100%;height:66.67%;max-width:1200px\" \/>\t\t\t\t\t\t\t\t\t\t\t\t\t\t\t<\/div>\n\t\t\t\t<\/div>\n\t\t<div data-particle_enable=\"false\" data-particle-mobile-disabled=\"false\" class=\"elementor-element elementor-element-6ad7a64 e-con-full e-flex e-con e-child\" data-id=\"6ad7a64\" data-element_type=\"container\" data-e-type=\"container\">\n\t\t\t\t<div class=\"elementor-element elementor-element-c5bfbc4 elementor-widget elementor-widget-heading\" data-id=\"c5bfbc4\" data-element_type=\"widget\" data-e-type=\"widget\" data-widget_type=\"heading.default\">\n\t\t\t\t\t<h2 class=\"elementor-heading-title elementor-size-default\">Carnitas Don Miguel<\/h2>\t\t\t\t<\/div>\n\t\t\t\t<div class=\"elementor-element elementor-element-f2f3d2b elementor-widget elementor-widget-text-editor\" data-id=\"f2f3d2b\" data-element_type=\"widget\" data-e-type=\"widget\" data-widget_type=\"text-editor.default\">\n\t\t\t\t\t\t\t\t\t<p>Nuestras carnitas no solo se preparan: se elaboran con tradici\u00f3n, paciencia y coraz\u00f3n. Creadas por nuestro fundador, Don Miguel Gonz\u00e1lez Jim\u00e9nez, e inspiradas en el aut\u00e9ntico estilo Michoac\u00e1n, cada tanda se cocina lentamente en tradicionales cazos de cobre para desarrollar un sabor profundo y una textura irresistible, asegurando que cada bocado sea jugoso, suave y lleno de sabor. Esta preciada receta familiar se ha servido con orgullo en Northgate Market desde 1980.<\/p>\t\t\t\t\t\t\t\t<\/div>\n\t\t\t\t<\/div>\n\t\t\t\t\t<\/div>\n\t\t\t\t<\/div>\n\t\t<div data-particle_enable=\"false\" data-particle-mobile-disabled=\"false\" class=\"elementor-element elementor-element-fa9f285 e-flex e-con-boxed e-con e-parent\" data-id=\"fa9f285\" data-element_type=\"container\" data-e-type=\"container\" data-settings=\"{&quot;background_background&quot;:&quot;classic&quot;}\">\n\t\t\t\t\t<div class=\"e-con-inner\">\n\t\t\t\t<div class=\"elementor-element elementor-element-5cca817 elementor-widget elementor-widget-heading\" data-id=\"5cca817\" data-element_type=\"widget\" data-e-type=\"widget\" data-widget_type=\"heading.default\">\n\t\t\t\t\t<h2 class=\"elementor-heading-title elementor-size-default\">Reg\u00edstrate para recibir novedades<\/h2>\t\t\t\t<\/div>\n\t\t\t\t<div class=\"elementor-element elementor-element-417379b elementor-widget elementor-widget-text-editor\" data-id=\"417379b\" data-element_type=\"widget\" data-e-type=\"widget\" data-widget_type=\"text-editor.default\">\n\t\t\t\t\t\t\t\t\t<p>We can\u2019t wait to open our doors and welcome you to our new La Mirada location. From the aroma of freshly baked pan dulce to the sizzle of carne asada, every corner of our store is a celebration of Mexican flavor and community.<\/p>\t\t\t\t\t\t\t\t<\/div>\n\t\t\t\t<div class=\"elementor-element elementor-element-d4aa4cd elementor-align-center elementor-widget elementor-widget-button\" data-id=\"d4aa4cd\" data-element_type=\"widget\" data-e-type=\"widget\" data-widget_type=\"button.default\">\n\t\t\t\t\t\t\t\t\t\t<a class=\"elementor-button elementor-button-link elementor-size-sm\" href=\"https:\/\/lp.constantcontactpages.com\/sl\/r8HDtXK\">\n\t\t\t\t\t\t<span class=\"elementor-button-content-wrapper\">\n\t\t\t\t\t\t\t\t\t<span class=\"elementor-button-text\">Haz clic aqu\u00ed<\/span>\n\t\t\t\t\t<\/span>\n\t\t\t\t\t<\/a>\n\t\t\t\t\t\t\t\t<\/div>\n\t\t\t\t\t<\/div>\n\t\t\t\t<\/div>\n\t\t\t\t<\/div>","protected":false},"excerpt":{"rendered":"<p>CHINO GRAND OPENING!The wait is almost over! Our new Northgate Gonz\u00e1lez Market in Chino is filled with the authentic flavors of Mexico\u2014tamales, pan dulce, tortillas, and carne asada made fresh&hellip; <a class=\"more-link\" href=\"https:\/\/www.northgatemarket.com\/es\/chino-grand-opening\">Continue reading <span class=\"screen-reader-text\">Chino Grand Opening<\/span><\/a><\/p>","protected":false},"author":16,"featured_media":0,"parent":0,"menu_order":0,"comment_status":"closed","ping_status":"closed","template":"elementor_header_footer","meta":{"_acf_changed":false,"footnotes":""},"puestos":[],"class_list":["post-18889","page","type-page","status-publish","hentry","entry"],"acf":[],"aioseo_notices":[],"_links":{"self":[{"href":"https:\/\/www.northgatemarket.com\/es\/wp-json\/wp\/v2\/pages\/18889","targetHints":{"allow":["GET"]}}],"collection":[{"href":"https:\/\/www.northgatemarket.com\/es\/wp-json\/wp\/v2\/pages"}],"about":[{"href":"https:\/\/www.northgatemarket.com\/es\/wp-json\/wp\/v2\/types\/page"}],"author":[{"embeddable":true,"href":"https:\/\/www.northgatemarket.com\/es\/wp-json\/wp\/v2\/users\/16"}],"replies":[{"embeddable":true,"href":"https:\/\/www.northgatemarket.com\/es\/wp-json\/wp\/v2\/comments?post=18889"}],"version-history":[{"count":4,"href":"https:\/\/www.northgatemarket.com\/es\/wp-json\/wp\/v2\/pages\/18889\/revisions"}],"predecessor-version":[{"id":18894,"href":"https:\/\/www.northgatemarket.com\/es\/wp-json\/wp\/v2\/pages\/18889\/revisions\/18894"}],"wp:attachment":[{"href":"https:\/\/www.northgatemarket.com\/es\/wp-json\/wp\/v2\/media?parent=18889"}],"wp:term":[{"taxonomy":"puestos","embeddable":true,"href":"https:\/\/www.northgatemarket.com\/es\/wp-json\/wp\/v2\/puestos?post=18889"}],"curies":[{"name":"wp","href":"https:\/\/api.w.org\/{rel}","templated":true}]}}