{"id":3335,"date":"2022-07-20T11:21:43","date_gmt":"2022-07-20T18:21:43","guid":{"rendered":"https:\/\/www.northgatemarket.com\/?page_id=3335"},"modified":"2023-11-28T11:53:26","modified_gmt":"2023-11-28T19:53:26","slug":"paramount-west","status":"publish","type":"page","link":"https:\/\/www.northgatemarket.com\/es\/paramount-west","title":{"rendered":"Paramount West"},"content":{"rendered":"<div data-elementor-type=\"wp-page\" data-elementor-id=\"3335\" class=\"elementor elementor-3335\" data-elementor-post-type=\"page\">\n\t\t\t\t\t\t<section data-particle_enable=\"false\" data-particle-mobile-disabled=\"false\" class=\"elementor-section elementor-top-section elementor-element elementor-element-a050b95 elementor-section-height-min-height elementor-section-boxed elementor-section-height-default elementor-section-items-middle\" data-id=\"a050b95\" data-element_type=\"section\" data-e-type=\"section\" data-settings=\"{&quot;background_background&quot;:&quot;classic&quot;}\">\n\t\t\t\t\t\t<div class=\"elementor-container elementor-column-gap-default\">\n\t\t\t\t\t<div class=\"elementor-column elementor-col-50 elementor-top-column elementor-element elementor-element-c987054\" data-id=\"c987054\" data-element_type=\"column\" data-e-type=\"column\">\n\t\t\t<div class=\"elementor-widget-wrap elementor-element-populated\">\n\t\t\t\t\t\t<div class=\"elementor-element elementor-element-110b295 elementor-widget elementor-widget-heading\" data-id=\"110b295\" data-element_type=\"widget\" data-e-type=\"widget\" data-widget_type=\"heading.default\">\n\t\t\t\t\t<h2 class=\"elementor-heading-title elementor-size-default\">Bienes Ra\u00edces<\/h2>\t\t\t\t<\/div>\n\t\t\t\t<div class=\"elementor-element elementor-element-8d2e1fc elementor-widget elementor-widget-heading\" data-id=\"8d2e1fc\" data-element_type=\"widget\" data-e-type=\"widget\" data-widget_type=\"heading.default\">\n\t\t\t\t\t<h2 class=\"elementor-heading-title elementor-size-default\">Paramout, CA<\/h2>\t\t\t\t<\/div>\n\t\t\t\t<div class=\"elementor-element elementor-element-90bc1cb elementor-widget elementor-widget-heading\" data-id=\"90bc1cb\" data-element_type=\"widget\" data-e-type=\"widget\" data-widget_type=\"heading.default\">\n\t\t\t\t\t<h2 class=\"elementor-heading-title elementor-size-default\">Bienvenido a Paramount West Center<\/h2>\t\t\t\t<\/div>\n\t\t\t\t\t<\/div>\n\t\t<\/div>\n\t\t\t\t<div class=\"elementor-column elementor-col-50 elementor-top-column elementor-element elementor-element-62be5be\" data-id=\"62be5be\" data-element_type=\"column\" data-e-type=\"column\">\n\t\t\t<div class=\"elementor-widget-wrap\">\n\t\t\t\t\t\t\t<\/div>\n\t\t<\/div>\n\t\t\t\t\t<\/div>\n\t\t<\/section>\n\t\t\t\t<section data-particle_enable=\"false\" data-particle-mobile-disabled=\"false\" class=\"elementor-section elementor-top-section elementor-element elementor-element-85ba9d3 elementor-section-boxed elementor-section-height-default elementor-section-height-default\" data-id=\"85ba9d3\" data-element_type=\"section\" data-e-type=\"section\">\n\t\t\t\t\t\t<div class=\"elementor-container elementor-column-gap-extended\">\n\t\t\t\t\t<div class=\"elementor-column elementor-col-50 elementor-top-column elementor-element elementor-element-ba4edf5\" data-id=\"ba4edf5\" data-element_type=\"column\" data-e-type=\"column\">\n\t\t\t<div class=\"elementor-widget-wrap elementor-element-populated\">\n\t\t\t\t\t\t<div class=\"elementor-element elementor-element-df22164 elementor-widget elementor-widget-heading\" data-id=\"df22164\" data-element_type=\"widget\" data-e-type=\"widget\" data-widget_type=\"heading.default\">\n\t\t\t\t\t<h2 class=\"elementor-heading-title elementor-size-default\">Acerca de esta propiedad<\/h2>\t\t\t\t<\/div>\n\t\t\t\t<div class=\"elementor-element elementor-element-4969815 elementor-widget elementor-widget-text-editor\" data-id=\"4969815\" data-element_type=\"widget\" data-e-type=\"widget\" data-widget_type=\"text-editor.default\">\n\t\t\t\t\t\t\t\t\t<p>Ubicado justo al sur del Bulevar Alondra, a lo largo de una secci\u00f3n muy transitada del Bulevar Paramount, el Centro Paramount West cuenta con 33.460 pies cuadrados de espacio comercial.<\/p><p>\u00a0<\/p><p>Esta propiedad cuenta con un Mercado Northgate Gonz\u00e1lez desde 2004. Tambi\u00e9n ofrece un ambiente \u00fanico y una variedad de comercios como Fred Loya Insurance, Fantastic Nails, Wateria, Bionicos Tropicoso, Don Roberto Jewelers, LA's Low-Cost Auto Insurance, AutoZone, AT&amp;T, Holdaak, Fashion Island Clothing y Santa Maria Pharmacy.<\/p><p>\u00a0<\/p><p>El Paramount West Center tambi\u00e9n cuenta con una serie de restaurantes para satisfacer los antojos de los visitantes, como Tasty Donut, Chinese Gourmet House, Subway, Oishi Teriyaki &amp; Sushi, Yogurtland, Jamba Juice y Carl's Jr.<\/p><p>\u00a0<\/p><p>Northgate Real Estate adquiri\u00f3 la propiedad y la ha administrado exitosamente desde el 2013.<\/p>\t\t\t\t\t\t\t\t<\/div>\n\t\t\t\t<div class=\"elementor-element elementor-element-43de8d6 elementor-widget elementor-widget-text-editor\" data-id=\"43de8d6\" data-element_type=\"widget\" data-e-type=\"widget\" data-widget_type=\"text-editor.default\">\n\t\t\t\t\t\t\t\t\t<p>16239-16289 Paramount Blvd Paramount, California 90723<\/p>\t\t\t\t\t\t\t\t<\/div>\n\t\t\t\t<div class=\"elementor-element elementor-element-c488ba3 elementor-widget elementor-widget-text-editor\" data-id=\"c488ba3\" data-element_type=\"widget\" data-e-type=\"widget\" data-widget_type=\"text-editor.default\">\n\t\t\t\t\t\t\t\t\t<p>Lun-Ju 10:00 AM- 9:00 PM Vie, S\u00e1b 10:00 AM- 1:00 PM<\/p>\t\t\t\t\t\t\t\t<\/div>\n\t\t\t\t<div class=\"elementor-element elementor-element-a376bcc elementor-widget elementor-widget-text-editor\" data-id=\"a376bcc\" data-element_type=\"widget\" data-e-type=\"widget\" data-widget_type=\"text-editor.default\">\n\t\t\t\t\t\t\t\t\t<p>Tel\u00e9fono: (714) 778 3784<\/p>\t\t\t\t\t\t\t\t<\/div>\n\t\t\t\t<div class=\"elementor-element elementor-element-4033e78 sitebtn elementor-widget elementor-widget-button\" data-id=\"4033e78\" data-element_type=\"widget\" data-e-type=\"widget\" data-widget_type=\"button.default\">\n\t\t\t\t\t\t\t\t\t\t<a class=\"elementor-button elementor-button-link elementor-size-sm\" href=\"https:\/\/www.google.com\/maps\/place\/16239+Paramount+Blvd,+Paramount,+CA+90723\/@33.8873087,-118.1632328,17z\/data=!3m1!4b1!4m5!3m4!1s0x80c2ccd5c7051657:0xa001708e46a4c052!8m2!3d33.8873043!4d-118.1610441\" target=\"_blank\">\n\t\t\t\t\t\t<span class=\"elementor-button-content-wrapper\">\n\t\t\t\t\t\t\t\t\t<span class=\"elementor-button-text\">\u00bfC\u00f3mo llegar?<\/span>\n\t\t\t\t\t<\/span>\n\t\t\t\t\t<\/a>\n\t\t\t\t\t\t\t\t<\/div>\n\t\t\t\t\t<\/div>\n\t\t<\/div>\n\t\t\t\t<div class=\"elementor-column elementor-col-50 elementor-top-column elementor-element elementor-element-5b2a5fa\" data-id=\"5b2a5fa\" data-element_type=\"column\" data-e-type=\"column\">\n\t\t\t<div class=\"elementor-widget-wrap elementor-element-populated\">\n\t\t\t\t\t\t<div class=\"elementor-element elementor-element-b44bf9b elementor-widget elementor-widget-google_maps\" data-id=\"b44bf9b\" data-element_type=\"widget\" data-e-type=\"widget\" data-widget_type=\"google_maps.default\">\n\t\t\t\t\t\t\t<div class=\"elementor-custom-embed\">\n\t\t\t<iframe loading=\"lazy\"\n\t\t\t\t\tsrc=\"https:\/\/maps.google.com\/maps?q=16239-16289%20Paramount%20Blvd%20Paramount%2C%20California%2090723&#038;t=m&#038;z=15&#038;output=embed&#038;iwloc=near\"\n\t\t\t\t\ttitle=\"16239-16289 Paramount Blvd Paramount, California 90723\"\n\t\t\t\t\taria-label=\"16239-16289 Paramount Blvd Paramount, California 90723\"\n\t\t\t><\/iframe>\n\t\t<\/div>\n\t\t\t\t\t\t<\/div>\n\t\t\t\t\t<\/div>\n\t\t<\/div>\n\t\t\t\t\t<\/div>\n\t\t<\/section>\n\t\t\t\t<section data-particle_enable=\"false\" data-particle-mobile-disabled=\"false\" class=\"elementor-section elementor-top-section elementor-element elementor-element-232ea6d elementor-section-boxed elementor-section-height-default elementor-section-height-default\" data-id=\"232ea6d\" data-element_type=\"section\" data-e-type=\"section\">\n\t\t\t\t\t\t<div class=\"elementor-container elementor-column-gap-default\">\n\t\t\t\t\t<div class=\"elementor-column elementor-col-33 elementor-top-column elementor-element elementor-element-fa530fa\" data-id=\"fa530fa\" data-element_type=\"column\" data-e-type=\"column\">\n\t\t\t<div class=\"elementor-widget-wrap elementor-element-populated\">\n\t\t\t\t\t\t<div class=\"elementor-element elementor-element-b4a4418 elementor-widget elementor-widget-heading\" data-id=\"b4a4418\" data-element_type=\"widget\" data-e-type=\"widget\" data-widget_type=\"heading.default\">\n\t\t\t\t\t<h2 class=\"elementor-heading-title elementor-size-default\">COMIDAS<\/h2>\t\t\t\t<\/div>\n\t\t\t\t<div class=\"elementor-element elementor-element-7738984 elementor-widget elementor-widget-text-editor\" data-id=\"7738984\" data-element_type=\"widget\" data-e-type=\"widget\" data-widget_type=\"text-editor.default\">\n\t\t\t\t\t\t\t\t\t<ul><li>Yogurtland<\/li><li>Tasty Donut<\/li><li>Subway<\/li><li>Oishi Teriyaki &amp; Sushi<\/li><li>Jamba Juice<\/li><li>Holdaak<\/li><li>Chinese Gourmet<\/li><li>Bionico<\/li><\/ul>\t\t\t\t\t\t\t\t<\/div>\n\t\t\t\t\t<\/div>\n\t\t<\/div>\n\t\t\t\t<div class=\"elementor-column elementor-col-33 elementor-top-column elementor-element elementor-element-9919f91\" data-id=\"9919f91\" data-element_type=\"column\" data-e-type=\"column\">\n\t\t\t<div class=\"elementor-widget-wrap elementor-element-populated\">\n\t\t\t\t\t\t<div class=\"elementor-element elementor-element-cef0bd7 elementor-widget elementor-widget-heading\" data-id=\"cef0bd7\" data-element_type=\"widget\" data-e-type=\"widget\" data-widget_type=\"heading.default\">\n\t\t\t\t\t<h2 class=\"elementor-heading-title elementor-size-default\">Servicios<\/h2>\t\t\t\t<\/div>\n\t\t\t\t<div class=\"elementor-element elementor-element-f6e9df2 elementor-widget elementor-widget-text-editor\" data-id=\"f6e9df2\" data-element_type=\"widget\" data-e-type=\"widget\" data-widget_type=\"text-editor.default\">\n\t\t\t\t\t\t\t\t\t<ul><li>LA\u2019s Auto Insurance<\/li><li>Fred Loya Insurance Agency<\/li><li>Fantastic Nails<\/li><li>AT&amp;T<\/li><\/ul>\t\t\t\t\t\t\t\t<\/div>\n\t\t\t\t\t<\/div>\n\t\t<\/div>\n\t\t\t\t<div class=\"elementor-column elementor-col-33 elementor-top-column elementor-element elementor-element-17203bb\" data-id=\"17203bb\" data-element_type=\"column\" data-e-type=\"column\">\n\t\t\t<div class=\"elementor-widget-wrap elementor-element-populated\">\n\t\t\t\t\t\t<div class=\"elementor-element elementor-element-72525dc elementor-widget elementor-widget-heading\" data-id=\"72525dc\" data-element_type=\"widget\" data-e-type=\"widget\" data-widget_type=\"heading.default\">\n\t\t\t\t\t<h2 class=\"elementor-heading-title elementor-size-default\">COMPRAS<\/h2>\t\t\t\t<\/div>\n\t\t\t\t<div class=\"elementor-element elementor-element-2ac4101 elementor-widget elementor-widget-text-editor\" data-id=\"2ac4101\" data-element_type=\"widget\" data-e-type=\"widget\" data-widget_type=\"text-editor.default\">\n\t\t\t\t\t\t\t\t\t<ul>\n<li>Northgate Market<\/li>\n<li>Wateria<\/li>\n<li>Fashion Island<\/li>\n<li>Santa Maria Pharmacy<\/li>\n<li>Don Roberto Jewelry<\/li>\n<li>Autozone<\/li><\/ul>\t\t\t\t\t\t\t\t<\/div>\n\t\t\t\t\t<\/div>\n\t\t<\/div>\n\t\t\t\t\t<\/div>\n\t\t<\/section>\n\t\t\t\t<\/div>","protected":false},"excerpt":{"rendered":"<p>Real Estate Paramout, CA Welcome to Paramount West Center About this Property Located just south of Alondra Boulevard, along a well-traveled section of Paramount Boulevard, Paramount West Center has 33,460&hellip; <a class=\"more-link\" href=\"https:\/\/www.northgatemarket.com\/es\/paramount-west\">Continue reading <span class=\"screen-reader-text\">Paramount West<\/span><\/a><\/p>","protected":false},"author":15,"featured_media":0,"parent":0,"menu_order":0,"comment_status":"closed","ping_status":"closed","template":"elementor_header_footer","meta":{"_acf_changed":false,"footnotes":""},"puestos":[],"class_list":["post-3335","page","type-page","status-publish","hentry","entry"],"acf":[],"aioseo_notices":[],"_links":{"self":[{"href":"https:\/\/www.northgatemarket.com\/es\/wp-json\/wp\/v2\/pages\/3335","targetHints":{"allow":["GET"]}}],"collection":[{"href":"https:\/\/www.northgatemarket.com\/es\/wp-json\/wp\/v2\/pages"}],"about":[{"href":"https:\/\/www.northgatemarket.com\/es\/wp-json\/wp\/v2\/types\/page"}],"author":[{"embeddable":true,"href":"https:\/\/www.northgatemarket.com\/es\/wp-json\/wp\/v2\/users\/15"}],"replies":[{"embeddable":true,"href":"https:\/\/www.northgatemarket.com\/es\/wp-json\/wp\/v2\/comments?post=3335"}],"version-history":[{"count":3,"href":"https:\/\/www.northgatemarket.com\/es\/wp-json\/wp\/v2\/pages\/3335\/revisions"}],"predecessor-version":[{"id":14191,"href":"https:\/\/www.northgatemarket.com\/es\/wp-json\/wp\/v2\/pages\/3335\/revisions\/14191"}],"wp:attachment":[{"href":"https:\/\/www.northgatemarket.com\/es\/wp-json\/wp\/v2\/media?parent=3335"}],"wp:term":[{"taxonomy":"puestos","embeddable":true,"href":"https:\/\/www.northgatemarket.com\/es\/wp-json\/wp\/v2\/puestos?post=3335"}],"curies":[{"name":"wp","href":"https:\/\/api.w.org\/{rel}","templated":true}]}}